{"id":3526,"date":"2026-01-27T20:51:38","date_gmt":"2026-01-27T17:51:38","guid":{"rendered":"https:\/\/kalinkamagazin.com\/product\/7132-preparacin-de-grosella-negra-con-trocitos-de-fruta\/"},"modified":"2026-05-04T16:25:46","modified_gmt":"2026-05-04T13:25:46","slug":"7132-preparacin-de-grosella-negra-con-trocitos-de-fruta","status":"publish","type":"product","link":"https:\/\/kalinkamagazin.com\/es\/product\/7132-preparacin-de-grosella-negra-con-trocitos-de-fruta\/","title":{"rendered":"Preparaci\u00f3n de grosella negra con trocitos de fruta"},"content":{"rendered":"<p>Preparaci\u00f3n de grosella negra con trocitos de fruta . Ingredientes: Az\u00facar, grosella negra (43%). Almacenar en un lugar fresco y seco. Una vez abierto, conservar en la nevera. Sin abrir, consumir preferentemente antes de: v\u00e9ase la tapa. Comercializaci\u00f3n: Lackmann Fleisch- und Feinkostfabrik GmbH, Carl Benz Stra\u00dfe 10, 77731 Willst\u00e4tt, Alemania.  <!--NWT-Text-->Valores energ\u00e9ticos y nutricionales medios por 100g: Valor energ\u00e9tico: 1105 kJ \/ 260 kcal, Grasas: 0g, - de las cuales \u00e1cidos grasos saturados: 0g, Hidratos de Carbono: 65g, - de los cuales az\u00facares: 62g, Prote\u00ednas: 0g, Sal: 0g,  <!--NWT-Table--><\/p>\n<table>\n<tbody>\n<tr>\n<td colspan=\"2\">Valores energ\u00e9ticos y nutricionales medios por 100g:<\/td>\n<\/tr>\n<tr>\n<td>Valor energ\u00e9tico:<\/td>\n<td align = \"right\">1105 kJ\/260kcal<\/td>\n<\/tr>\n<tr>\n<td>Grasas:<\/td>\n<td align = \"right\">0g<\/td>\n<\/tr>\n<tr>\n<td>- de las cuales \u00e1cidos grasos saturados:<\/td>\n<td align = \"right\">0g<\/td>\n<\/tr>\n<tr>\n<td>Hidratos de Carbono:<\/td>\n<td align = \"right\">65g<\/td>\n<\/tr>\n<tr>\n<td>- de los cuales az\u00facares:<\/td>\n<td align = \"right\">62g<\/td>\n<\/tr>\n<tr>\n<td>Prote\u00ednas:<\/td>\n<td align = \"right\">0g<\/td>\n<\/tr>\n<tr>\n<td>Sal:<\/td>\n<td align = \"right\">0g<\/td>\n<\/tr>\n<\/tbody>\n<\/table>\n<p> <!--Bezeichnung-->Preparaci\u00f3n de grosella negra con trocitos de fruta . <\/p>\n","protected":false},"excerpt":{"rendered":"<p>Preparaci\u00f3n de grosella negra con trocitos de fruta . Ingredientes: Az\u00facar, grosella negra (43%). Almacenar en un lugar fresco y seco. Una vez abierto, conservar en la nevera. Sin abrir, consumir preferentemente antes de: v\u00e9ase la tapa. Comercializaci\u00f3n: Lackmann Fleisch- und Feinkostfabrik GmbH, Carl Benz Stra\u00dfe 10, 77731 Willst\u00e4tt, Alemania. Valores energ\u00e9ticos y nutricionales medios [&hellip;]<\/p>\n","protected":false},"featured_media":2772,"template":"","meta":{"inline_featured_image":false},"product_brand":[],"product_cat":[240,173,164],"product_tag":[],"class_list":{"0":"post-3526","1":"product","2":"type-product","3":"status-publish","4":"has-post-thumbnail","6":"product_cat-mermelada-confitura","7":"product_cat-varene","8":"product_cat-sladosti-i-vypechka","10":"first","11":"instock","12":"shipping-taxable","13":"purchasable","14":"product-type-simple"},"acf":[],"_links":{"self":[{"href":"https:\/\/kalinkamagazin.com\/es\/wp-json\/wp\/v2\/product\/3526","targetHints":{"allow":["GET"]}}],"collection":[{"href":"https:\/\/kalinkamagazin.com\/es\/wp-json\/wp\/v2\/product"}],"about":[{"href":"https:\/\/kalinkamagazin.com\/es\/wp-json\/wp\/v2\/types\/product"}],"wp:featuredmedia":[{"embeddable":true,"href":"https:\/\/kalinkamagazin.com\/es\/wp-json\/wp\/v2\/media\/2772"}],"wp:attachment":[{"href":"https:\/\/kalinkamagazin.com\/es\/wp-json\/wp\/v2\/media?parent=3526"}],"wp:term":[{"taxonomy":"product_brand","embeddable":true,"href":"https:\/\/kalinkamagazin.com\/es\/wp-json\/wp\/v2\/product_brand?post=3526"},{"taxonomy":"product_cat","embeddable":true,"href":"https:\/\/kalinkamagazin.com\/es\/wp-json\/wp\/v2\/product_cat?post=3526"},{"taxonomy":"product_tag","embeddable":true,"href":"https:\/\/kalinkamagazin.com\/es\/wp-json\/wp\/v2\/product_tag?post=3526"}],"curies":[{"name":"wp","href":"https:\/\/api.w.org\/{rel}","templated":true}]}}