{"id":3527,"date":"2026-01-27T20:51:45","date_gmt":"2026-01-27T17:51:45","guid":{"rendered":"https:\/\/kalinkamagazin.com\/product\/7131-preparacin-de-las-fresas-con-trocitos-de-fruta\/"},"modified":"2026-01-27T20:51:45","modified_gmt":"2026-01-27T17:51:45","slug":"7131-preparacin-de-las-fresas-con-trocitos-de-fruta","status":"publish","type":"product","link":"https:\/\/kalinkamagazin.com\/es\/product\/7131-preparacin-de-las-fresas-con-trocitos-de-fruta\/","title":{"rendered":"Preparaci\u00f3n de las fresas con trocitos de fruta"},"content":{"rendered":"<p>Preparaci\u00f3n de las fresas con trocitos de fruta . Ingredientes: Az\u00facar, Fresas 49%. Almacenar en un lugar fresco y seco. Una vez abierto, conservar en la nevera. Sin abrir, consumir preferentemente antes de: v\u00e9ase la tapa. Comercializaci\u00f3n: Lackmann Fleisch- und Feinkostfabrik GmbH, Carl Benz Stra\u00dfe 10, 77731 Willst\u00e4tt, Alemania.  <!--NWT-Text-->Valores energ\u00e9ticos y nutricionales medios por 100g: Valor energ\u00e9tico: 1139 kJ \/ 268 kcal, Grasas: 0g, - de las cuales \u00e1cidos grasos saturados: 0g, Hidratos de Carbono: 67g, - de los cuales az\u00facares: 66g, Prote\u00ednas: 0g, Sal: 0g,  <!--NWT-Table--><\/p>\n<table>\n<tbody>\n<tr>\n<td colspan=\"2\">Valores energ\u00e9ticos y nutricionales medios por 100g:<\/td>\n<\/tr>\n<tr>\n<td>Valor energ\u00e9tico:<\/td>\n<td align = \"right\">1139 kJ\/268kcal<\/td>\n<\/tr>\n<tr>\n<td>Grasas:<\/td>\n<td align = \"right\">0g<\/td>\n<\/tr>\n<tr>\n<td>- de las cuales \u00e1cidos grasos saturados:<\/td>\n<td align = \"right\">0g<\/td>\n<\/tr>\n<tr>\n<td>Hidratos de Carbono:<\/td>\n<td align = \"right\">67g<\/td>\n<\/tr>\n<tr>\n<td>- de los cuales az\u00facares:<\/td>\n<td align = \"right\">66g<\/td>\n<\/tr>\n<tr>\n<td>Prote\u00ednas:<\/td>\n<td align = \"right\">0g<\/td>\n<\/tr>\n<tr>\n<td>Sal:<\/td>\n<td align = \"right\">0g<\/td>\n<\/tr>\n<\/tbody>\n<\/table>\n<p> <!--Bezeichnung-->Preparaci\u00f3n de las fresas con trocitos de fruta . <\/p>\n","protected":false},"excerpt":{"rendered":"<p>Preparaci\u00f3n de las fresas con trocitos de fruta . Ingredientes: Az\u00facar, Fresas 49%. Almacenar en un lugar fresco y seco. Una vez abierto, conservar en la nevera. Sin abrir, consumir preferentemente antes de: v\u00e9ase la tapa. Comercializaci\u00f3n: Lackmann Fleisch- und Feinkostfabrik GmbH, Carl Benz Stra\u00dfe 10, 77731 Willst\u00e4tt, Alemania. Valores energ\u00e9ticos y nutricionales medios por [&hellip;]<\/p>\n","protected":false},"featured_media":2922,"template":"","meta":{"inline_featured_image":false},"product_brand":[],"product_cat":[173,164],"product_tag":[],"class_list":{"0":"post-3527","1":"product","2":"type-product","3":"status-publish","4":"has-post-thumbnail","6":"product_cat-varene","7":"product_cat-sladosti-i-vypechka","9":"first","10":"instock","11":"shipping-taxable","12":"purchasable","13":"product-type-simple"},"acf":[],"_links":{"self":[{"href":"https:\/\/kalinkamagazin.com\/es\/wp-json\/wp\/v2\/product\/3527","targetHints":{"allow":["GET"]}}],"collection":[{"href":"https:\/\/kalinkamagazin.com\/es\/wp-json\/wp\/v2\/product"}],"about":[{"href":"https:\/\/kalinkamagazin.com\/es\/wp-json\/wp\/v2\/types\/product"}],"wp:featuredmedia":[{"embeddable":true,"href":"https:\/\/kalinkamagazin.com\/es\/wp-json\/wp\/v2\/media\/2922"}],"wp:attachment":[{"href":"https:\/\/kalinkamagazin.com\/es\/wp-json\/wp\/v2\/media?parent=3527"}],"wp:term":[{"taxonomy":"product_brand","embeddable":true,"href":"https:\/\/kalinkamagazin.com\/es\/wp-json\/wp\/v2\/product_brand?post=3527"},{"taxonomy":"product_cat","embeddable":true,"href":"https:\/\/kalinkamagazin.com\/es\/wp-json\/wp\/v2\/product_cat?post=3527"},{"taxonomy":"product_tag","embeddable":true,"href":"https:\/\/kalinkamagazin.com\/es\/wp-json\/wp\/v2\/product_tag?post=3527"}],"curies":[{"name":"wp","href":"https:\/\/api.w.org\/{rel}","templated":true}]}}