{"id":3532,"date":"2026-01-27T20:52:13","date_gmt":"2026-01-27T17:52:13","guid":{"rendered":"https:\/\/kalinkamagazin.com\/product\/7570-preparado-de-especias-para-pescado\/"},"modified":"2026-01-27T20:52:13","modified_gmt":"2026-01-27T17:52:13","slug":"7570-preparado-de-especias-para-pescado","status":"publish","type":"product","link":"https:\/\/kalinkamagazin.com\/es\/product\/7570-preparado-de-especias-para-pescado\/","title":{"rendered":"Preparado de especias para pescado."},"content":{"rendered":"<p>Preparado de especias para pescado.. La imagen muestra una sugerencia de presentaci\u00f3n.. Ingredientes: Cebolla deshidratada molido, <b>S\u00e9samo, <\/b>Cilantro, <b>Granos de mostaza, <\/b>troceados zanahorias deshidratado, troceado copos de pimiento rojo, tamarindo, Ajo, Polvo de nuez moscada, Polvo de jengibre, C\u00e1scara de lim\u00f3n, Eneldo, Pimienta negra, la hierba de lim\u00f3n, puerro deshidratado, Polvo de c\u00farcuma. Este producto puede tener trazas de: <b>Trigo, <\/b><b>Leche, <\/b><b>Apio. <\/b>Almacenar en un lugar fresco y seco. Consumir preferentemente antes de: ver impresi\u00f3n, segunda l\u00ednea. Comercializaci\u00f3n: Lackmann Fleisch- und Feinkostfabrik GmbH, Carl Benz Stra\u00dfe 10, 77731 Willst\u00e4tt, Alemania.  <!--NWT-Text-->Valores energ\u00e9ticos y nutricionales medios por 100g: Valor energ\u00e9tico: 1213 kJ \/ 290 kcal, Grasas: 15g, - de las cuales \u00e1cidos grasos saturados: 2,6g, Hidratos de Carbono: 50g, - de los cuales az\u00facares: 9,5g, Prote\u00ednas: 13g, Sal: 0,10g,  <!--NWT-Table--><\/p>\n<table>\n<tbody>\n<tr>\n<td colspan=\"2\">Valores energ\u00e9ticos y nutricionales medios por 100g:<\/td>\n<\/tr>\n<tr>\n<td>Valor energ\u00e9tico:<\/td>\n<td align = \"right\">1213 kJ\/290kcal<\/td>\n<\/tr>\n<tr>\n<td>Grasas:<\/td>\n<td align = \"right\">15g<\/td>\n<\/tr>\n<tr>\n<td>- de las cuales \u00e1cidos grasos saturados:<\/td>\n<td align = \"right\">2,6g<\/td>\n<\/tr>\n<tr>\n<td>Hidratos de Carbono:<\/td>\n<td align = \"right\">50g<\/td>\n<\/tr>\n<tr>\n<td>- de los cuales az\u00facares:<\/td>\n<td align = \"right\">9,5g<\/td>\n<\/tr>\n<tr>\n<td>Prote\u00ednas:<\/td>\n<td align = \"right\">13g<\/td>\n<\/tr>\n<tr>\n<td>Sal:<\/td>\n<td align = \"right\">0,10g<\/td>\n<\/tr>\n<\/tbody>\n<\/table>\n<p> <!--Bezeichnung-->Preparado de especias para pescado.. <\/p>\n","protected":false},"excerpt":{"rendered":"<p>Preparado de especias para pescado.. La imagen muestra una sugerencia de presentaci\u00f3n.. Ingredientes: Cebolla deshidratada molido, S\u00e9samo, Cilantro, Granos de mostaza, troceados zanahorias deshidratado, troceado copos de pimiento rojo, tamarindo, Ajo, Polvo de nuez moscada, Polvo de jengibre, C\u00e1scara de lim\u00f3n, Eneldo, Pimienta negra, la hierba de lim\u00f3n, puerro deshidratado, Polvo de c\u00farcuma. Este producto [&hellip;]<\/p>\n","protected":false},"featured_media":3203,"template":"","meta":{"inline_featured_image":false},"product_brand":[],"product_cat":[136,137],"product_tag":[],"class_list":{"0":"post-3532","1":"product","2":"type-product","3":"status-publish","4":"has-post-thumbnail","6":"product_cat-masla-sousy-i-pripravy","7":"product_cat-sousy-majonezy-pripravy","9":"first","10":"instock","11":"shipping-taxable","12":"purchasable","13":"product-type-simple"},"acf":[],"_links":{"self":[{"href":"https:\/\/kalinkamagazin.com\/es\/wp-json\/wp\/v2\/product\/3532","targetHints":{"allow":["GET"]}}],"collection":[{"href":"https:\/\/kalinkamagazin.com\/es\/wp-json\/wp\/v2\/product"}],"about":[{"href":"https:\/\/kalinkamagazin.com\/es\/wp-json\/wp\/v2\/types\/product"}],"wp:featuredmedia":[{"embeddable":true,"href":"https:\/\/kalinkamagazin.com\/es\/wp-json\/wp\/v2\/media\/3203"}],"wp:attachment":[{"href":"https:\/\/kalinkamagazin.com\/es\/wp-json\/wp\/v2\/media?parent=3532"}],"wp:term":[{"taxonomy":"product_brand","embeddable":true,"href":"https:\/\/kalinkamagazin.com\/es\/wp-json\/wp\/v2\/product_brand?post=3532"},{"taxonomy":"product_cat","embeddable":true,"href":"https:\/\/kalinkamagazin.com\/es\/wp-json\/wp\/v2\/product_cat?post=3532"},{"taxonomy":"product_tag","embeddable":true,"href":"https:\/\/kalinkamagazin.com\/es\/wp-json\/wp\/v2\/product_tag?post=3532"}],"curies":[{"name":"wp","href":"https:\/\/api.w.org\/{rel}","templated":true}]}}