{"id":3533,"date":"2026-01-27T20:52:20","date_gmt":"2026-01-27T17:52:20","guid":{"rendered":"https:\/\/kalinkamagazin.com\/product\/7036-producto-con-leche-condensada-azucarada-caramelizada-con-tratamiento-trmico\/"},"modified":"2026-01-27T20:52:20","modified_gmt":"2026-01-27T17:52:20","slug":"7036-producto-con-leche-condensada-azucarada-caramelizada-con-tratamiento-trmico","status":"publish","type":"product","link":"https:\/\/kalinkamagazin.com\/es\/product\/7036-producto-con-leche-condensada-azucarada-caramelizada-con-tratamiento-trmico\/","title":{"rendered":"Producto con leche condensada azucarada caramelizada, con tratamiento t\u00e9rmico."},"content":{"rendered":"<p> Producto con leche condensada azucarada caramelizada, con tratamiento t\u00e9rmico. . Ingredientes: <b>leche de consumo <\/b>(52%), Az\u00facar (45%), Jarabe de glucosa, estabilizadores: (E407, E339, E332), aroma. Almacenar en un lugar fresco y seco. Una vez abierto, conservar en la nevera. Consumir preferentemente antes de: v\u00e9ase en la base. Comercializaci\u00f3n: Lackmann Fleisch- und Feinkostfabrik GmbH, Carl Benz Stra\u00dfe 10, 77731 Willst\u00e4tt, Alemania.  <!--NWT-Text-->Valores energ\u00e9ticos y nutricionales medios por 100g: Valor energ\u00e9tico: 1254 kJ \/ 297 kcal, Grasas: 6,0g, - de las cuales \u00e1cidos grasos saturados: 4,1g, Hidratos de Carbono: 55g, - de los cuales az\u00facares: 55g, Prote\u00ednas: 5,9g, Sal: 0,25g,  <!--NWT-Table--><\/p>\n<table>\n<tbody>\n<tr>\n<td colspan=\"2\">Valores energ\u00e9ticos y nutricionales medios por 100g:<\/td>\n<\/tr>\n<tr>\n<td>Valor energ\u00e9tico:<\/td>\n<td align = \"right\">1254 kJ\/297kcal<\/td>\n<\/tr>\n<tr>\n<td>Grasas:<\/td>\n<td align = \"right\">6,0g<\/td>\n<\/tr>\n<tr>\n<td>- de las cuales \u00e1cidos grasos saturados:<\/td>\n<td align = \"right\">4,1g<\/td>\n<\/tr>\n<tr>\n<td>Hidratos de Carbono:<\/td>\n<td align = \"right\">55g<\/td>\n<\/tr>\n<tr>\n<td>- de los cuales az\u00facares:<\/td>\n<td align = \"right\">55g<\/td>\n<\/tr>\n<tr>\n<td>Prote\u00ednas:<\/td>\n<td align = \"right\">5,9g<\/td>\n<\/tr>\n<tr>\n<td>Sal:<\/td>\n<td align = \"right\">0,25g<\/td>\n<\/tr>\n<\/tbody>\n<\/table>\n<p> <!--Bezeichnung--> Producto con leche condensada azucarada caramelizada, con tratamiento t\u00e9rmico. . <\/p>\n","protected":false},"excerpt":{"rendered":"<p>Producto con leche condensada azucarada caramelizada, con tratamiento t\u00e9rmico. . Ingredientes: leche de consumo (52%), Az\u00facar (45%), Jarabe de glucosa, estabilizadores: (E407, E339, E332), aroma. Almacenar en un lugar fresco y seco. Una vez abierto, conservar en la nevera. Consumir preferentemente antes de: v\u00e9ase en la base. Comercializaci\u00f3n: Lackmann Fleisch- und Feinkostfabrik GmbH, Carl Benz [&hellip;]<\/p>\n","protected":false},"featured_media":3249,"template":"","meta":{"inline_featured_image":false},"product_brand":[],"product_cat":[119,122],"product_tag":[],"class_list":{"0":"post-3533","1":"product","2":"type-product","3":"status-publish","4":"has-post-thumbnail","6":"product_cat-molochnye-produkty","7":"product_cat-sgushhyonka","9":"first","10":"instock","11":"shipping-taxable","12":"purchasable","13":"product-type-simple"},"acf":[],"_links":{"self":[{"href":"https:\/\/kalinkamagazin.com\/es\/wp-json\/wp\/v2\/product\/3533","targetHints":{"allow":["GET"]}}],"collection":[{"href":"https:\/\/kalinkamagazin.com\/es\/wp-json\/wp\/v2\/product"}],"about":[{"href":"https:\/\/kalinkamagazin.com\/es\/wp-json\/wp\/v2\/types\/product"}],"wp:featuredmedia":[{"embeddable":true,"href":"https:\/\/kalinkamagazin.com\/es\/wp-json\/wp\/v2\/media\/3249"}],"wp:attachment":[{"href":"https:\/\/kalinkamagazin.com\/es\/wp-json\/wp\/v2\/media?parent=3533"}],"wp:term":[{"taxonomy":"product_brand","embeddable":true,"href":"https:\/\/kalinkamagazin.com\/es\/wp-json\/wp\/v2\/product_brand?post=3533"},{"taxonomy":"product_cat","embeddable":true,"href":"https:\/\/kalinkamagazin.com\/es\/wp-json\/wp\/v2\/product_cat?post=3533"},{"taxonomy":"product_tag","embeddable":true,"href":"https:\/\/kalinkamagazin.com\/es\/wp-json\/wp\/v2\/product_tag?post=3533"}],"curies":[{"name":"wp","href":"https:\/\/api.w.org\/{rel}","templated":true}]}}