{"id":3534,"date":"2026-01-27T20:52:38","date_gmt":"2026-01-27T17:52:38","guid":{"rendered":"https:\/\/kalinkamagazin.com\/product\/7009-queso-pasta-filata-45-grasa-en-el-extracto-seca\/"},"modified":"2026-01-27T20:52:38","modified_gmt":"2026-01-27T17:52:38","slug":"7009-queso-pasta-filata-45-grasa-en-el-extracto-seca","status":"publish","type":"product","link":"https:\/\/kalinkamagazin.com\/es\/product\/7009-queso-pasta-filata-45-grasa-en-el-extracto-seca\/","title":{"rendered":"Queso Pasta Filata 45% grasa en el extracto seca"},"content":{"rendered":"<p>Queso Pasta Filata 45% grasa en el extracto seca. Ingredientes: <b>leche de vaca, <\/b>sal de calidad alimentaria, cuajo microbiano, bacterias l\u00e1cticas. A +1 \u00b0C - +6 \u00b0C consumir preferentemente antes de: ver impresi\u00f3n en el envase arriba. Comercializaci\u00f3n: Lackmann Fleisch- und Feinkostfabrik GmbH, Carl Benz Stra\u00dfe 10, 77731 Willst\u00e4tt, Alemania.  <!--NWT-Text-->Valores energ\u00e9ticos y nutricionales medios por 100g: Valor energ\u00e9tico: 1400 kJ \/ 337 kcal, Grasas: 26g, - de las cuales \u00e1cidos grasos saturados: 17g, Hidratos de Carbono: 0,6g, - de los cuales az\u00facares: 0,6g, Prote\u00ednas: 26g, Sal: 1,9g,  <!--NWT-Table--><\/p>\n<table>\n<tbody>\n<tr>\n<td colspan=\"2\">Valores energ\u00e9ticos y nutricionales medios por 100g:<\/td>\n<\/tr>\n<tr>\n<td>Valor energ\u00e9tico:<\/td>\n<td align = \"right\">1400 kJ\/337kcal<\/td>\n<\/tr>\n<tr>\n<td>Grasas:<\/td>\n<td align = \"right\">26g<\/td>\n<\/tr>\n<tr>\n<td>- de las cuales \u00e1cidos grasos saturados:<\/td>\n<td align = \"right\">17g<\/td>\n<\/tr>\n<tr>\n<td>Hidratos de Carbono:<\/td>\n<td align = \"right\">0,6g<\/td>\n<\/tr>\n<tr>\n<td>- de los cuales az\u00facares:<\/td>\n<td align = \"right\">0,6g<\/td>\n<\/tr>\n<tr>\n<td>Prote\u00ednas:<\/td>\n<td align = \"right\">26g<\/td>\n<\/tr>\n<tr>\n<td>Sal:<\/td>\n<td align = \"right\">1,9g<\/td>\n<\/tr>\n<\/tbody>\n<\/table>\n<p> <!--Bezeichnung-->Queso Pasta Filata 45% grasa en el extracto seca. <\/p>\n","protected":false},"excerpt":{"rendered":"<p>Queso Pasta Filata 45% grasa en el extracto seca. Ingredientes: leche de vaca, sal de calidad alimentaria, cuajo microbiano, bacterias l\u00e1cticas. A +1 \u00b0C - +6 \u00b0C consumir preferentemente antes de: ver impresi\u00f3n en el envase arriba. Comercializaci\u00f3n: Lackmann Fleisch- und Feinkostfabrik GmbH, Carl Benz Stra\u00dfe 10, 77731 Willst\u00e4tt, Alemania. Valores energ\u00e9ticos y nutricionales medios [&hellip;]<\/p>\n","protected":false},"featured_media":3296,"template":"","meta":{"inline_featured_image":false},"product_brand":[],"product_cat":[121,119],"product_tag":[],"class_list":{"0":"post-3534","1":"product","2":"type-product","3":"status-publish","4":"has-post-thumbnail","6":"product_cat-kislomolochnye-produkty","7":"product_cat-molochnye-produkty","9":"first","10":"instock","11":"shipping-taxable","12":"purchasable","13":"product-type-simple"},"acf":[],"_links":{"self":[{"href":"https:\/\/kalinkamagazin.com\/es\/wp-json\/wp\/v2\/product\/3534","targetHints":{"allow":["GET"]}}],"collection":[{"href":"https:\/\/kalinkamagazin.com\/es\/wp-json\/wp\/v2\/product"}],"about":[{"href":"https:\/\/kalinkamagazin.com\/es\/wp-json\/wp\/v2\/types\/product"}],"wp:featuredmedia":[{"embeddable":true,"href":"https:\/\/kalinkamagazin.com\/es\/wp-json\/wp\/v2\/media\/3296"}],"wp:attachment":[{"href":"https:\/\/kalinkamagazin.com\/es\/wp-json\/wp\/v2\/media?parent=3534"}],"wp:term":[{"taxonomy":"product_brand","embeddable":true,"href":"https:\/\/kalinkamagazin.com\/es\/wp-json\/wp\/v2\/product_brand?post=3534"},{"taxonomy":"product_cat","embeddable":true,"href":"https:\/\/kalinkamagazin.com\/es\/wp-json\/wp\/v2\/product_cat?post=3534"},{"taxonomy":"product_tag","embeddable":true,"href":"https:\/\/kalinkamagazin.com\/es\/wp-json\/wp\/v2\/product_tag?post=3534"}],"curies":[{"name":"wp","href":"https:\/\/api.w.org\/{rel}","templated":true}]}}