{"id":3535,"date":"2026-01-27T20:52:43","date_gmt":"2026-01-27T17:52:43","guid":{"rendered":"https:\/\/kalinkamagazin.com\/product\/7030-queso-trenzado-ahumado-queso-de-pasta-hilada-40-grasa-en-el-extracto-seca\/"},"modified":"2026-01-27T20:52:43","modified_gmt":"2026-01-27T17:52:43","slug":"7030-queso-trenzado-ahumado-queso-de-pasta-hilada-40-grasa-en-el-extracto-seca","status":"publish","type":"product","link":"https:\/\/kalinkamagazin.com\/es\/product\/7030-queso-trenzado-ahumado-queso-de-pasta-hilada-40-grasa-en-el-extracto-seca\/","title":{"rendered":"Queso trenzado ahumado (queso de pasta hilada), 40% grasa en el extracto seca."},"content":{"rendered":"<p>Queso trenzado ahumado (queso de pasta hilada), 40% grasa en el extracto seca. . Ingredientes: pasteurizado <b>leche de vaca, <\/b>sal de calidad alimentaria, Cultivos de bacterias \u00e1cido l\u00e1cticas, cuajo microbiano, humo. Una vez abierto, conservar en la nevera y consumir lo antes posible. Sin abrir a +4\u00b0C hasta +8\u00b0C consumir preferentemente antes de: ver pegatina adicional. Comercializaci\u00f3n: Lackmann Fleisch- und Feinkostfabrik GmbH, Carl Benz Stra\u00dfe 10, 77731 Willst\u00e4tt, Alemania.  <!--NWT-Text-->Valores energ\u00e9ticos y nutricionales medios por 100g: Valor energ\u00e9tico: 1450 kJ \/ 349 kcal, Grasas: 26g, - de las cuales \u00e1cidos grasos saturados: 18g, Hidratos de Carbono: 3,3g, - de los cuales az\u00facares: <0,5g, Prote\u00ednas: 26g, Sal: 6,1g,  <!--NWT-Table--><\/p>\n<table>\n<tbody>\n<tr>\n<td colspan=\"2\">Valores energ\u00e9ticos y nutricionales medios por 100g:<\/td>\n<\/tr>\n<tr>\n<td>Valor energ\u00e9tico:<\/td>\n<td align = \"right\">1450 kJ\/349kcal<\/td>\n<\/tr>\n<tr>\n<td>Grasas:<\/td>\n<td align = \"right\">26g<\/td>\n<\/tr>\n<tr>\n<td>- de las cuales \u00e1cidos grasos saturados:<\/td>\n<td align = \"right\">18g<\/td>\n<\/tr>\n<tr>\n<td>Hidratos de Carbono:<\/td>\n<td align = \"right\">3,3g<\/td>\n<\/tr>\n<tr>\n<td>- de los cuales az\u00facares:<\/td>\n<td align = \"right\"><0,5g<\/td>\n<\/tr>\n<tr>\n<td>Prote\u00ednas:<\/td>\n<td align = \"right\">26g<\/td>\n<\/tr>\n<tr>\n<td>Sal:<\/td>\n<td align = \"right\">6,1g<\/td>\n<\/tr>\n<\/tbody>\n<\/table>\n<p> <!--Bezeichnung-->Queso trenzado ahumado (queso de pasta hilada), 40% grasa en el extracto seca. . <\/p>\n","protected":false},"excerpt":{"rendered":"<p>Queso trenzado ahumado (queso de pasta hilada), 40% grasa en el extracto seca. . Ingredientes: pasteurizado leche de vaca, sal de calidad alimentaria, Cultivos de bacterias \u00e1cido l\u00e1cticas, cuajo microbiano, humo. Una vez abierto, conservar en la nevera y consumir lo antes posible. Sin abrir a +4\u00b0C hasta +8\u00b0C consumir preferentemente antes de: ver pegatina [&hellip;]<\/p>\n","protected":false},"featured_media":3302,"template":"","meta":{"inline_featured_image":false},"product_brand":[],"product_cat":[121,119],"product_tag":[],"class_list":{"0":"post-3535","1":"product","2":"type-product","3":"status-publish","4":"has-post-thumbnail","6":"product_cat-kislomolochnye-produkty","7":"product_cat-molochnye-produkty","9":"first","10":"instock","11":"shipping-taxable","12":"purchasable","13":"product-type-simple"},"acf":[],"_links":{"self":[{"href":"https:\/\/kalinkamagazin.com\/es\/wp-json\/wp\/v2\/product\/3535","targetHints":{"allow":["GET"]}}],"collection":[{"href":"https:\/\/kalinkamagazin.com\/es\/wp-json\/wp\/v2\/product"}],"about":[{"href":"https:\/\/kalinkamagazin.com\/es\/wp-json\/wp\/v2\/types\/product"}],"wp:featuredmedia":[{"embeddable":true,"href":"https:\/\/kalinkamagazin.com\/es\/wp-json\/wp\/v2\/media\/3302"}],"wp:attachment":[{"href":"https:\/\/kalinkamagazin.com\/es\/wp-json\/wp\/v2\/media?parent=3535"}],"wp:term":[{"taxonomy":"product_brand","embeddable":true,"href":"https:\/\/kalinkamagazin.com\/es\/wp-json\/wp\/v2\/product_brand?post=3535"},{"taxonomy":"product_cat","embeddable":true,"href":"https:\/\/kalinkamagazin.com\/es\/wp-json\/wp\/v2\/product_cat?post=3535"},{"taxonomy":"product_tag","embeddable":true,"href":"https:\/\/kalinkamagazin.com\/es\/wp-json\/wp\/v2\/product_tag?post=3535"}],"curies":[{"name":"wp","href":"https:\/\/api.w.org\/{rel}","templated":true}]}}