{"id":3536,"date":"2026-01-27T20:52:50","date_gmt":"2026-01-27T17:52:50","guid":{"rendered":"https:\/\/kalinkamagazin.com\/product\/8308-refresco-con-sabor-a-limn-con-azcar-y-edulcorante\/"},"modified":"2026-01-27T20:52:50","modified_gmt":"2026-01-27T17:52:50","slug":"8308-refresco-con-sabor-a-limn-con-azcar-y-edulcorante","status":"publish","type":"product","link":"https:\/\/kalinkamagazin.com\/es\/product\/8308-refresco-con-sabor-a-limn-con-azcar-y-edulcorante\/","title":{"rendered":"Refresco con sabor a lim\u00f3n, con az\u00facar y edulcorante."},"content":{"rendered":"<p>Refresco con sabor a lim\u00f3n, con az\u00facar y edulcorante. . Ingredientes: agua mineral natural, Az\u00facar, \u00c1cido carb\u00f3nico, acidulante: (\u00c1cido c\u00edtrico), aroma, colorante E150a, edulcorante: (Ciclamato s\u00f3dico, Acesulfamo K, aspartamo*, sacarina s\u00f3dica). *contiene una fuente de fenilalanina. Almacenar en un lugar protegido de heladas y del calor. Consumir preferentemente antes de: ver cuello de la botella. Comercializaci\u00f3n: Lackmann Fleisch- und Feinkostfabrik GmbH, Carl Benz Stra\u00dfe 10, 77731 Willst\u00e4tt, Alemania.  <!--NWT-Text-->Valores energ\u00e9ticos y nutricionales medios por 100g: Valor energ\u00e9tico: 92 kJ \/ 21 kcal, Grasas: 0g, - de las cuales \u00e1cidos grasos saturados: 0g, Hidratos de Carbono: 5,4g, - de los cuales az\u00facares: 5,4g, Prote\u00ednas: 0g, Sal: 0g,  <!--NWT-Table--><\/p>\n<table>\n<tbody>\n<tr>\n<td colspan=\"2\">Valores energ\u00e9ticos y nutricionales medios por 100g:<\/td>\n<\/tr>\n<tr>\n<td>Valor energ\u00e9tico:<\/td>\n<td align = \"right\">92 kJ\/21kcal<\/td>\n<\/tr>\n<tr>\n<td>Grasas:<\/td>\n<td align = \"right\">0g<\/td>\n<\/tr>\n<tr>\n<td>- de las cuales \u00e1cidos grasos saturados:<\/td>\n<td align = \"right\">0g<\/td>\n<\/tr>\n<tr>\n<td>Hidratos de Carbono:<\/td>\n<td align = \"right\">5,4g<\/td>\n<\/tr>\n<tr>\n<td>- de los cuales az\u00facares:<\/td>\n<td align = \"right\">5,4g<\/td>\n<\/tr>\n<tr>\n<td>Prote\u00ednas:<\/td>\n<td align = \"right\">0g<\/td>\n<\/tr>\n<tr>\n<td>Sal:<\/td>\n<td align = \"right\">0g<\/td>\n<\/tr>\n<\/tbody>\n<\/table>\n<p> <!--Bezeichnung-->Refresco con sabor a lim\u00f3n, con az\u00facar y edulcorante. . <\/p>\n","protected":false},"excerpt":{"rendered":"<p>Refresco con sabor a lim\u00f3n, con az\u00facar y edulcorante. . Ingredientes: agua mineral natural, Az\u00facar, \u00c1cido carb\u00f3nico, acidulante: (\u00c1cido c\u00edtrico), aroma, colorante E150a, edulcorante: (Ciclamato s\u00f3dico, Acesulfamo K, aspartamo*, sacarina s\u00f3dica). *contiene una fuente de fenilalanina. Almacenar en un lugar protegido de heladas y del calor. Consumir preferentemente antes de: ver cuello de la botella. [&hellip;]<\/p>\n","protected":false},"featured_media":2985,"template":"","meta":{"inline_featured_image":false},"product_brand":[],"product_cat":[153,151],"product_tag":[],"class_list":{"0":"post-3536","1":"product","2":"type-product","3":"status-publish","4":"has-post-thumbnail","6":"product_cat-mineralnaya-voda-gazirovannye-napitki","7":"product_cat-napitki","9":"first","10":"instock","11":"shipping-taxable","12":"purchasable","13":"product-type-simple"},"acf":[],"_links":{"self":[{"href":"https:\/\/kalinkamagazin.com\/es\/wp-json\/wp\/v2\/product\/3536","targetHints":{"allow":["GET"]}}],"collection":[{"href":"https:\/\/kalinkamagazin.com\/es\/wp-json\/wp\/v2\/product"}],"about":[{"href":"https:\/\/kalinkamagazin.com\/es\/wp-json\/wp\/v2\/types\/product"}],"wp:featuredmedia":[{"embeddable":true,"href":"https:\/\/kalinkamagazin.com\/es\/wp-json\/wp\/v2\/media\/2985"}],"wp:attachment":[{"href":"https:\/\/kalinkamagazin.com\/es\/wp-json\/wp\/v2\/media?parent=3536"}],"wp:term":[{"taxonomy":"product_brand","embeddable":true,"href":"https:\/\/kalinkamagazin.com\/es\/wp-json\/wp\/v2\/product_brand?post=3536"},{"taxonomy":"product_cat","embeddable":true,"href":"https:\/\/kalinkamagazin.com\/es\/wp-json\/wp\/v2\/product_cat?post=3536"},{"taxonomy":"product_tag","embeddable":true,"href":"https:\/\/kalinkamagazin.com\/es\/wp-json\/wp\/v2\/product_tag?post=3536"}],"curies":[{"name":"wp","href":"https:\/\/api.w.org\/{rel}","templated":true}]}}