{"id":3537,"date":"2026-01-27T20:52:55","date_gmt":"2026-01-27T17:52:55","guid":{"rendered":"https:\/\/kalinkamagazin.com\/product\/8306-refresco-con-sabor-a-vainilla-con-azcar-y-edulcorantes\/"},"modified":"2026-01-27T20:52:55","modified_gmt":"2026-01-27T17:52:55","slug":"8306-refresco-con-sabor-a-vainilla-con-azcar-y-edulcorantes","status":"publish","type":"product","link":"https:\/\/kalinkamagazin.com\/es\/product\/8306-refresco-con-sabor-a-vainilla-con-azcar-y-edulcorantes\/","title":{"rendered":"Refresco con sabor a vainilla, con az\u00facar y edulcorantes"},"content":{"rendered":"<p>Refresco con sabor a vainilla, con az\u00facar y edulcorantes.. 1,5 L. Ingredientes: agua mineral natural, Az\u00facar, \u00c1cido carb\u00f3nico, acidulante: (\u00c1cido c\u00edtrico), aroma, edulcorante: (Ciclamato s\u00f3dico, Acesulfamo K, aspartamo*, sacarina s\u00f3dica), colorante: E150d. *contiene una fuente de fenilalanina. Almacenar en un lugar protegido de heladas y del calor. Consumir preferentemente antes de: ver cuello de la botella. Comercializaci\u00f3n:  Lackmann Fleisch- und Feinkostfabrik GmbH, Carl-Benz-Stra\u00dfe 10, 77731 Willst\u00e4tt, Deutschland.  <!--NWT-Text-->Valores energ\u00e9ticos y nutricionales medios por 100g: Valor energ\u00e9tico: 123 kJ \/ 29 kcal, Grasas: 0g, - de las cuales \u00e1cidos grasos saturados: 0g, Hidratos de Carbono: 7,1g, - de los cuales az\u00facares: 7,1g, Prote\u00ednas: 0g, Sal: 0g,  <!--NWT-Table--><\/p>\n<table>\n<tbody>\n<tr>\n<td colspan=\"2\">Valores energ\u00e9ticos y nutricionales medios por 100g:<\/td>\n<\/tr>\n<tr>\n<td>Valor energ\u00e9tico:<\/td>\n<td align = \"right\">123 kJ\/29kcal<\/td>\n<\/tr>\n<tr>\n<td>Grasas:<\/td>\n<td align = \"right\">0g<\/td>\n<\/tr>\n<tr>\n<td>- de las cuales \u00e1cidos grasos saturados:<\/td>\n<td align = \"right\">0g<\/td>\n<\/tr>\n<tr>\n<td>Hidratos de Carbono:<\/td>\n<td align = \"right\">7,1g<\/td>\n<\/tr>\n<tr>\n<td>- de los cuales az\u00facares:<\/td>\n<td align = \"right\">7,1g<\/td>\n<\/tr>\n<tr>\n<td>Prote\u00ednas:<\/td>\n<td align = \"right\">0g<\/td>\n<\/tr>\n<tr>\n<td>Sal:<\/td>\n<td align = \"right\">0g<\/td>\n<\/tr>\n<\/tbody>\n<\/table>\n<p> <!--Bezeichnung-->Refresco con sabor a vainilla, con az\u00facar y edulcorantes.. <\/p>\n","protected":false},"excerpt":{"rendered":"<p>Refresco con sabor a vainilla, con az\u00facar y edulcorantes.. 1,5 L. Ingredientes: agua mineral natural, Az\u00facar, \u00c1cido carb\u00f3nico, acidulante: (\u00c1cido c\u00edtrico), aroma, edulcorante: (Ciclamato s\u00f3dico, Acesulfamo K, aspartamo*, sacarina s\u00f3dica), colorante: E150d. *contiene una fuente de fenilalanina. Almacenar en un lugar protegido de heladas y del calor. Consumir preferentemente antes de: ver cuello de la [&hellip;]<\/p>\n","protected":false},"featured_media":2987,"template":"","meta":{"inline_featured_image":false},"product_brand":[],"product_cat":[153,151],"product_tag":[],"class_list":{"0":"post-3537","1":"product","2":"type-product","3":"status-publish","4":"has-post-thumbnail","6":"product_cat-mineralnaya-voda-gazirovannye-napitki","7":"product_cat-napitki","9":"first","10":"instock","11":"shipping-taxable","12":"purchasable","13":"product-type-simple"},"acf":[],"_links":{"self":[{"href":"https:\/\/kalinkamagazin.com\/es\/wp-json\/wp\/v2\/product\/3537","targetHints":{"allow":["GET"]}}],"collection":[{"href":"https:\/\/kalinkamagazin.com\/es\/wp-json\/wp\/v2\/product"}],"about":[{"href":"https:\/\/kalinkamagazin.com\/es\/wp-json\/wp\/v2\/types\/product"}],"wp:featuredmedia":[{"embeddable":true,"href":"https:\/\/kalinkamagazin.com\/es\/wp-json\/wp\/v2\/media\/2987"}],"wp:attachment":[{"href":"https:\/\/kalinkamagazin.com\/es\/wp-json\/wp\/v2\/media?parent=3537"}],"wp:term":[{"taxonomy":"product_brand","embeddable":true,"href":"https:\/\/kalinkamagazin.com\/es\/wp-json\/wp\/v2\/product_brand?post=3537"},{"taxonomy":"product_cat","embeddable":true,"href":"https:\/\/kalinkamagazin.com\/es\/wp-json\/wp\/v2\/product_cat?post=3537"},{"taxonomy":"product_tag","embeddable":true,"href":"https:\/\/kalinkamagazin.com\/es\/wp-json\/wp\/v2\/product_tag?post=3537"}],"curies":[{"name":"wp","href":"https:\/\/api.w.org\/{rel}","templated":true}]}}