{"id":3539,"date":"2026-01-27T20:53:06","date_gmt":"2026-01-27T17:53:06","guid":{"rendered":"https:\/\/kalinkamagazin.com\/product\/7502-repollo-blanco\/"},"modified":"2026-03-18T20:16:07","modified_gmt":"2026-03-18T17:16:07","slug":"7502-repollo-blanco","status":"publish","type":"product","link":"https:\/\/kalinkamagazin.com\/es\/product\/7502-repollo-blanco\/","title":{"rendered":"Repollo blanco"},"content":{"rendered":"<p>Repollo blanco. Peso neto escurrido: 700g. Ingredientes: Repollo blanco 73%, agua, zanahorias, sal de calidad alimentaria, Az\u00facar, Antioxidantes: (\u00c1cido asc\u00f3rbico), conservante (sorbato pot\u00e1sico). Sin abrir y a +2 \u00b0C - +6 \u00b0C se conserva al menos hasta: v\u00e9ase la tapa. Comercializaci\u00f3n: Lackmann Fleisch- und Feinkostfabrik GmbH, Carl Benz Stra\u00dfe 10, 77731 Willst\u00e4tt, Alemania.  <!--NWT-Text-->Valores energ\u00e9ticos y nutricionales medios por 100g: Valor energ\u00e9tico: 66 kJ \/ 16 kcal, Grasas: 0g, - de las cuales \u00e1cidos grasos saturados: 0g, Hidratos de Carbono: 3,2g, - de los cuales az\u00facares: 1,0g, Prote\u00ednas: 0,8g, Sal: 1,3g,  <!--NWT-Table--><\/p>\n<table>\n<tbody>\n<tr>\n<td colspan=\"2\">Valores energ\u00e9ticos y nutricionales medios por 100g:<\/td>\n<\/tr>\n<tr>\n<td>Valor energ\u00e9tico:<\/td>\n<td align = \"right\">66 kJ\/16kcal<\/td>\n<\/tr>\n<tr>\n<td>Grasas:<\/td>\n<td align = \"right\">0g<\/td>\n<\/tr>\n<tr>\n<td>- de las cuales \u00e1cidos grasos saturados:<\/td>\n<td align = \"right\">0g<\/td>\n<\/tr>\n<tr>\n<td>Hidratos de Carbono:<\/td>\n<td align = \"right\">3,2g<\/td>\n<\/tr>\n<tr>\n<td>- de los cuales az\u00facares:<\/td>\n<td align = \"right\">1,0g<\/td>\n<\/tr>\n<tr>\n<td>Prote\u00ednas:<\/td>\n<td align = \"right\">0,8g<\/td>\n<\/tr>\n<tr>\n<td>Sal:<\/td>\n<td align = \"right\">1,3g<\/td>\n<\/tr>\n<\/tbody>\n<\/table>\n<p> <!--Bezeichnung-->Repollo blanco. <\/p>\n","protected":false},"excerpt":{"rendered":"<p>Repollo blanco. Peso neto escurrido: 700g. Ingredientes: Repollo blanco 73%, agua, zanahorias, sal de calidad alimentaria, Az\u00facar, Antioxidantes: (\u00c1cido asc\u00f3rbico), conservante (sorbato pot\u00e1sico). Sin abrir y a +2 \u00b0C - +6 \u00b0C se conserva al menos hasta: v\u00e9ase la tapa. Comercializaci\u00f3n: Lackmann Fleisch- und Feinkostfabrik GmbH, Carl Benz Stra\u00dfe 10, 77731 Willst\u00e4tt, Alemania. Valores energ\u00e9ticos [&hellip;]<\/p>\n","protected":false},"featured_media":2887,"template":"","meta":{"inline_featured_image":false},"product_brand":[],"product_cat":[202,128,131],"product_tag":[],"class_list":{"0":"post-3539","1":"product","2":"type-product","3":"status-publish","4":"has-post-thumbnail","6":"product_cat-ensaladas-en-conserva","7":"product_cat-konservacziya","8":"product_cat-salaty","10":"first","11":"instock","12":"shipping-taxable","13":"purchasable","14":"product-type-simple"},"acf":[],"_links":{"self":[{"href":"https:\/\/kalinkamagazin.com\/es\/wp-json\/wp\/v2\/product\/3539","targetHints":{"allow":["GET"]}}],"collection":[{"href":"https:\/\/kalinkamagazin.com\/es\/wp-json\/wp\/v2\/product"}],"about":[{"href":"https:\/\/kalinkamagazin.com\/es\/wp-json\/wp\/v2\/types\/product"}],"wp:featuredmedia":[{"embeddable":true,"href":"https:\/\/kalinkamagazin.com\/es\/wp-json\/wp\/v2\/media\/2887"}],"wp:attachment":[{"href":"https:\/\/kalinkamagazin.com\/es\/wp-json\/wp\/v2\/media?parent=3539"}],"wp:term":[{"taxonomy":"product_brand","embeddable":true,"href":"https:\/\/kalinkamagazin.com\/es\/wp-json\/wp\/v2\/product_brand?post=3539"},{"taxonomy":"product_cat","embeddable":true,"href":"https:\/\/kalinkamagazin.com\/es\/wp-json\/wp\/v2\/product_cat?post=3539"},{"taxonomy":"product_tag","embeddable":true,"href":"https:\/\/kalinkamagazin.com\/es\/wp-json\/wp\/v2\/product_tag?post=3539"}],"curies":[{"name":"wp","href":"https:\/\/api.w.org\/{rel}","templated":true}]}}