{"id":3542,"date":"2026-01-27T20:53:25","date_gmt":"2026-01-27T17:53:25","guid":{"rendered":"https:\/\/kalinkamagazin.com\/product\/6737-rollitos-de-barquillo-con-leche-condensada-azucarada-caramelizada\/"},"modified":"2026-01-27T20:53:25","modified_gmt":"2026-01-27T17:53:25","slug":"6737-rollitos-de-barquillo-con-leche-condensada-azucarada-caramelizada","status":"publish","type":"product","link":"https:\/\/kalinkamagazin.com\/es\/product\/6737-rollitos-de-barquillo-con-leche-condensada-azucarada-caramelizada\/","title":{"rendered":"Rollitos de barquillo con leche condensada azucarada caramelizada"},"content":{"rendered":"<p>Rollitos de barquillo con leche condensada azucarada caramelizada.. Ingredientes: Rollitos de barquillo 51% <b>(huevo de gallina, <\/b>Margarina (grasas y aceites vegetales (Palma, Colza), agua, emulgente (E471, <b>E322), <\/b>sal de calidad alimentaria, colorante (E160a), aroma), <b>harina de trigo, <\/b>Az\u00facar, aroma, estabilizador: (E414), conservante: (E202)), <b>leche condensada azucarada caramelizada <\/b>49% <b>(Leche entera, <\/b>Az\u00facar, <b>Leche entera en polvo, <\/b>estabilizador: E407). Consumir preferentemente antes de: Almacenar en un lugar fresco y seco. Proteger de la radiaci\u00f3n solar directa. Comercializaci\u00f3n:  Lackmann Fleisch- und Feinkostfabrik GmbH, Carl-Benz-Stra\u00dfe 10, 77731 Willst\u00e4tt, Deutschland.  <!--NWT-Text-->Valores energ\u00e9ticos y nutricionales medios por 100g: Valor energ\u00e9tico: 1860 kJ \/ 444 kcal, Grasas: 21g, - de las cuales \u00e1cidos grasos saturados: 9,7g, Hidratos de Carbono: 54g, - de los cuales az\u00facares: 39g, Prote\u00ednas: 8,9g, Sal: 0,30g,  <!--NWT-Table--><\/p>\n<table>\n<tbody>\n<tr>\n<td colspan=\"2\">Valores energ\u00e9ticos y nutricionales medios por 100g:<\/td>\n<\/tr>\n<tr>\n<td>Valor energ\u00e9tico:<\/td>\n<td align = \"right\">1860 kJ\/444kcal<\/td>\n<\/tr>\n<tr>\n<td>Grasas:<\/td>\n<td align = \"right\">21g<\/td>\n<\/tr>\n<tr>\n<td>- de las cuales \u00e1cidos grasos saturados:<\/td>\n<td align = \"right\">9,7g<\/td>\n<\/tr>\n<tr>\n<td>Hidratos de Carbono:<\/td>\n<td align = \"right\">54g<\/td>\n<\/tr>\n<tr>\n<td>- de los cuales az\u00facares:<\/td>\n<td align = \"right\">39g<\/td>\n<\/tr>\n<tr>\n<td>Prote\u00ednas:<\/td>\n<td align = \"right\">8,9g<\/td>\n<\/tr>\n<tr>\n<td>Sal:<\/td>\n<td align = \"right\">0,30g<\/td>\n<\/tr>\n<\/tbody>\n<\/table>\n<p> <!--Bezeichnung-->Rollitos de barquillo con leche condensada azucarada caramelizada.. <\/p>\n","protected":false},"excerpt":{"rendered":"<p>Rollitos de barquillo con leche condensada azucarada caramelizada.. Ingredientes: Rollitos de barquillo 51% (huevo de gallina, Margarina (grasas y aceites vegetales (Palma, Colza), agua, emulgente (E471, E322), sal de calidad alimentaria, colorante (E160a), aroma), harina de trigo, Az\u00facar, aroma, estabilizador: (E414), conservante: (E202)), leche condensada azucarada caramelizada 49% (Leche entera, Az\u00facar, Leche entera en polvo, [&hellip;]<\/p>\n","protected":false},"featured_media":3336,"template":"","meta":{"inline_featured_image":false},"product_brand":[],"product_cat":[165,164],"product_tag":[],"class_list":{"0":"post-3542","1":"product","2":"type-product","3":"status-publish","4":"has-post-thumbnail","6":"product_cat-konditerskie-izdeliya","7":"product_cat-sladosti-i-vypechka","9":"first","10":"instock","11":"shipping-taxable","12":"purchasable","13":"product-type-simple"},"acf":[],"_links":{"self":[{"href":"https:\/\/kalinkamagazin.com\/es\/wp-json\/wp\/v2\/product\/3542","targetHints":{"allow":["GET"]}}],"collection":[{"href":"https:\/\/kalinkamagazin.com\/es\/wp-json\/wp\/v2\/product"}],"about":[{"href":"https:\/\/kalinkamagazin.com\/es\/wp-json\/wp\/v2\/types\/product"}],"wp:featuredmedia":[{"embeddable":true,"href":"https:\/\/kalinkamagazin.com\/es\/wp-json\/wp\/v2\/media\/3336"}],"wp:attachment":[{"href":"https:\/\/kalinkamagazin.com\/es\/wp-json\/wp\/v2\/media?parent=3542"}],"wp:term":[{"taxonomy":"product_brand","embeddable":true,"href":"https:\/\/kalinkamagazin.com\/es\/wp-json\/wp\/v2\/product_brand?post=3542"},{"taxonomy":"product_cat","embeddable":true,"href":"https:\/\/kalinkamagazin.com\/es\/wp-json\/wp\/v2\/product_cat?post=3542"},{"taxonomy":"product_tag","embeddable":true,"href":"https:\/\/kalinkamagazin.com\/es\/wp-json\/wp\/v2\/product_tag?post=3542"}],"curies":[{"name":"wp","href":"https:\/\/api.w.org\/{rel}","templated":true}]}}