{"id":3544,"date":"2026-01-27T20:53:37","date_gmt":"2026-01-27T17:53:37","guid":{"rendered":"https:\/\/kalinkamagazin.com\/product\/8846-salsa-para-ensaladas-de-aceite-de-girasol-sin-huevo-contenido-de-materia-grasa-55\/"},"modified":"2026-01-27T20:53:37","modified_gmt":"2026-01-27T17:53:37","slug":"8846-salsa-para-ensaladas-de-aceite-de-girasol-sin-huevo-contenido-de-materia-grasa-55","status":"publish","type":"product","link":"https:\/\/kalinkamagazin.com\/es\/product\/8846-salsa-para-ensaladas-de-aceite-de-girasol-sin-huevo-contenido-de-materia-grasa-55\/","title":{"rendered":"Salsa para ensaladas de aceite de girasol sin huevo, contenido de materia grasa 55%."},"content":{"rendered":"<p>Salsa para ensaladas de aceite de girasol sin huevo, contenido de materia grasa 55%. . La imagen muestra una sugerencia de presentaci\u00f3n.. 200 ml. Hecho en: Mosc\u00fa. Ingredientes: aceite de girasol 55%, agua, espesantes: (E1422 E 1450), Az\u00facar, sal de calidad alimentaria, corrector de acidez: (E260), conservante: (E200), estabilizador: (E415), aromas, Antioxidantes: (E304, E306), colorante: E160a. Almacenar en un lugar fresco y seco. Una vez abierto, conservar en la nevera y consumir lo antes posible, Sin abrir y a 0 \u00b0C - +18 \u00b0C se conserva al menos hasta: ver impresi\u00f3n en la soldadura . Comercializaci\u00f3n: Lackmann Fleisch- und Feinkostfabrik GmbH, Carl Benz Stra\u00dfe 10, 77731 Willst\u00e4tt, Alemania.  <!--NWT-Text-->Valores energ\u00e9ticos y nutricionales medios por 100g: Valor energ\u00e9tico: 2110 kJ \/ 510 kcal, Grasas: 55g, - de las cuales \u00e1cidos grasos saturados: 7,2g, Hidratos de Carbono: 4,5g, - de los cuales az\u00facares: 2,2g, Prote\u00ednas: <0,5g, Sal: 1,1g,  <!--NWT-Table--><\/p>\n<table>\n<tbody>\n<tr>\n<td colspan=\"2\">Valores energ\u00e9ticos y nutricionales medios por 100g:<\/td>\n<\/tr>\n<tr>\n<td>Valor energ\u00e9tico:<\/td>\n<td align = \"right\">2110 kJ\/510kcal<\/td>\n<\/tr>\n<tr>\n<td>Grasas:<\/td>\n<td align = \"right\">55g<\/td>\n<\/tr>\n<tr>\n<td>- de las cuales \u00e1cidos grasos saturados:<\/td>\n<td align = \"right\">7,2g<\/td>\n<\/tr>\n<tr>\n<td>Hidratos de Carbono:<\/td>\n<td align = \"right\">4,5g<\/td>\n<\/tr>\n<tr>\n<td>- de los cuales az\u00facares:<\/td>\n<td align = \"right\">2,2g<\/td>\n<\/tr>\n<tr>\n<td>Prote\u00ednas:<\/td>\n<td align = \"right\"><0,5g<\/td>\n<\/tr>\n<tr>\n<td>Sal:<\/td>\n<td align = \"right\">1,1g<\/td>\n<\/tr>\n<\/tbody>\n<\/table>\n<p> <!--Bezeichnung-->Salsa para ensaladas de aceite de girasol sin huevo, contenido de materia grasa 55%. . <\/p>\n","protected":false},"excerpt":{"rendered":"<p>Salsa para ensaladas de aceite de girasol sin huevo, contenido de materia grasa 55%. . La imagen muestra una sugerencia de presentaci\u00f3n.. 200 ml. Hecho en: Mosc\u00fa. Ingredientes: aceite de girasol 55%, agua, espesantes: (E1422 E 1450), Az\u00facar, sal de calidad alimentaria, corrector de acidez: (E260), conservante: (E200), estabilizador: (E415), aromas, Antioxidantes: (E304, E306), colorante: [&hellip;]<\/p>\n","protected":false},"featured_media":3005,"template":"","meta":{"inline_featured_image":false},"product_brand":[],"product_cat":[136,137],"product_tag":[],"class_list":{"0":"post-3544","1":"product","2":"type-product","3":"status-publish","4":"has-post-thumbnail","6":"product_cat-masla-sousy-i-pripravy","7":"product_cat-sousy-majonezy-pripravy","9":"first","10":"instock","11":"shipping-taxable","12":"purchasable","13":"product-type-simple"},"acf":[],"_links":{"self":[{"href":"https:\/\/kalinkamagazin.com\/es\/wp-json\/wp\/v2\/product\/3544","targetHints":{"allow":["GET"]}}],"collection":[{"href":"https:\/\/kalinkamagazin.com\/es\/wp-json\/wp\/v2\/product"}],"about":[{"href":"https:\/\/kalinkamagazin.com\/es\/wp-json\/wp\/v2\/types\/product"}],"wp:featuredmedia":[{"embeddable":true,"href":"https:\/\/kalinkamagazin.com\/es\/wp-json\/wp\/v2\/media\/3005"}],"wp:attachment":[{"href":"https:\/\/kalinkamagazin.com\/es\/wp-json\/wp\/v2\/media?parent=3544"}],"wp:term":[{"taxonomy":"product_brand","embeddable":true,"href":"https:\/\/kalinkamagazin.com\/es\/wp-json\/wp\/v2\/product_brand?post=3544"},{"taxonomy":"product_cat","embeddable":true,"href":"https:\/\/kalinkamagazin.com\/es\/wp-json\/wp\/v2\/product_cat?post=3544"},{"taxonomy":"product_tag","embeddable":true,"href":"https:\/\/kalinkamagazin.com\/es\/wp-json\/wp\/v2\/product_tag?post=3544"}],"curies":[{"name":"wp","href":"https:\/\/api.w.org\/{rel}","templated":true}]}}