{"id":3547,"date":"2026-01-27T20:53:54","date_gmt":"2026-01-27T17:53:54","guid":{"rendered":"https:\/\/kalinkamagazin.com\/product\/8423-snack-de-pan-de-centeno-y-trigo-con-sabor-a-preparado-de-pimientos-adjika\/"},"modified":"2026-01-27T20:53:54","modified_gmt":"2026-01-27T17:53:54","slug":"8423-snack-de-pan-de-centeno-y-trigo-con-sabor-a-preparado-de-pimientos-adjika","status":"publish","type":"product","link":"https:\/\/kalinkamagazin.com\/es\/product\/8423-snack-de-pan-de-centeno-y-trigo-con-sabor-a-preparado-de-pimientos-adjika\/","title":{"rendered":"Snack de pan de centeno y trigo con sabor a preparado de pimientos \u00abadjika\u00bb."},"content":{"rendered":"<p>Snack de pan de centeno y trigo con sabor a preparado de pimientos \u00abadjika\u00bb. . La imagen muestra una sugerencia de presentaci\u00f3n.. Ingredientes: <b>Pan de centeno <\/b>89% <b>(Harina de centeno, <\/b><b>harina de trigo, <\/b>agua potable), aceite de girasol, sal de calidad alimentaria, aroma. Almacenar en un lugar fresco y seco. Comercializaci\u00f3n: Lackmann Fleisch- und Feinkostfabrik GmbH, Carl Benz Stra\u00dfe 10, 77731 Willst\u00e4tt, Alemania. Consumir preferentemente antes de: Consultar la fecha en el adhesivo blanco en alem\u00e1n.  <!--NWT-Text-->Valores energ\u00e9ticos y nutricionales medios por 100g: Valor energ\u00e9tico: 1440 kJ \/ 341 kcal, Grasas: 10g, - de las cuales \u00e1cidos grasos saturados: 2,3g, Hidratos de Carbono: 72g, - de los cuales az\u00facares: 0g, Prote\u00ednas: 11g, Sal: 0,72g,  <!--NWT-Table--><\/p>\n<table>\n<tbody>\n<tr>\n<td colspan=\"2\">Valores energ\u00e9ticos y nutricionales medios por 100g:<\/td>\n<\/tr>\n<tr>\n<td>Valor energ\u00e9tico:<\/td>\n<td align = \"right\">1440 kJ\/341kcal<\/td>\n<\/tr>\n<tr>\n<td>Grasas:<\/td>\n<td align = \"right\">10g<\/td>\n<\/tr>\n<tr>\n<td>- de las cuales \u00e1cidos grasos saturados:<\/td>\n<td align = \"right\">2,3g<\/td>\n<\/tr>\n<tr>\n<td>Hidratos de Carbono:<\/td>\n<td align = \"right\">72g<\/td>\n<\/tr>\n<tr>\n<td>- de los cuales az\u00facares:<\/td>\n<td align = \"right\">0g<\/td>\n<\/tr>\n<tr>\n<td>Prote\u00ednas:<\/td>\n<td align = \"right\">11g<\/td>\n<\/tr>\n<tr>\n<td>Sal:<\/td>\n<td align = \"right\">0,72g<\/td>\n<\/tr>\n<\/tbody>\n<\/table>\n<p> <!--Bezeichnung-->Snack de pan de centeno y trigo con sabor a preparado de pimientos \u00abadjika\u00bb. . <\/p>\n","protected":false},"excerpt":{"rendered":"<p>Snack de pan de centeno y trigo con sabor a preparado de pimientos \u00abadjika\u00bb. . La imagen muestra una sugerencia de presentaci\u00f3n.. Ingredientes: Pan de centeno 89% (Harina de centeno, harina de trigo, agua potable), aceite de girasol, sal de calidad alimentaria, aroma. Almacenar en un lugar fresco y seco. Comercializaci\u00f3n: Lackmann Fleisch- und Feinkostfabrik [&hellip;]<\/p>\n","protected":false},"featured_media":3290,"template":"","meta":{"inline_featured_image":false},"product_brand":[],"product_cat":[141,140],"product_tag":[],"class_list":{"0":"post-3547","1":"product","2":"type-product","3":"status-publish","4":"has-post-thumbnail","6":"product_cat-zyorna-zlaki","7":"product_cat-krupy-zlaki-i-sneki","9":"first","10":"instock","11":"shipping-taxable","12":"purchasable","13":"product-type-simple"},"acf":[],"_links":{"self":[{"href":"https:\/\/kalinkamagazin.com\/es\/wp-json\/wp\/v2\/product\/3547","targetHints":{"allow":["GET"]}}],"collection":[{"href":"https:\/\/kalinkamagazin.com\/es\/wp-json\/wp\/v2\/product"}],"about":[{"href":"https:\/\/kalinkamagazin.com\/es\/wp-json\/wp\/v2\/types\/product"}],"wp:featuredmedia":[{"embeddable":true,"href":"https:\/\/kalinkamagazin.com\/es\/wp-json\/wp\/v2\/media\/3290"}],"wp:attachment":[{"href":"https:\/\/kalinkamagazin.com\/es\/wp-json\/wp\/v2\/media?parent=3547"}],"wp:term":[{"taxonomy":"product_brand","embeddable":true,"href":"https:\/\/kalinkamagazin.com\/es\/wp-json\/wp\/v2\/product_brand?post=3547"},{"taxonomy":"product_cat","embeddable":true,"href":"https:\/\/kalinkamagazin.com\/es\/wp-json\/wp\/v2\/product_cat?post=3547"},{"taxonomy":"product_tag","embeddable":true,"href":"https:\/\/kalinkamagazin.com\/es\/wp-json\/wp\/v2\/product_tag?post=3547"}],"curies":[{"name":"wp","href":"https:\/\/api.w.org\/{rel}","templated":true}]}}