{"id":3548,"date":"2026-01-27T20:54:06","date_gmt":"2026-01-27T17:54:06","guid":{"rendered":"https:\/\/kalinkamagazin.com\/product\/8642-tartas-pequeas-cubierto-de-merengue-dulce-45-ultracongelado\/"},"modified":"2026-01-27T20:54:06","modified_gmt":"2026-01-27T17:54:06","slug":"8642-tartas-pequeas-cubierto-de-merengue-dulce-45-ultracongelado","status":"publish","type":"product","link":"https:\/\/kalinkamagazin.com\/es\/product\/8642-tartas-pequeas-cubierto-de-merengue-dulce-45-ultracongelado\/","title":{"rendered":"Tartas peque\u00f1as cubierto de merengue dulce (45%), ultracongelado."},"content":{"rendered":"<p>Tartas peque\u00f1as cubierto de merengue dulce (45%), ultracongelado. . Ingredientes: Cubierto de merengue  (Az\u00facar, <b>Huevo, <\/b>corrector de acidez: (E330), gasificante: (E500), Vinagre a partir de \u00e1cido ac\u00e9tico), Masa <b>(harina de trigo, <\/b><b>Mantequilla, <\/b>Margarina (grasas y aceites vegetales (Palma, Colza), agua potable, emulgente: (E471, <b>E322), <\/b>sal de calidad alimentaria, colorante: E160a, aroma), Az\u00facar glaseado, <b>Huevo), <\/b>Relleno de manzana 15% (Pur\u00e9 de manzana 75%, Az\u00facar, corrector de acidez: (E330), conservante: E202, <b>di\u00f3xido de azufre), <\/b>decoracion de glaseado de cacao 2% (Az\u00facar, grasas y aceites vegetales (Palma (totalmente hidrogenado), girasol), cacao magro en polvo, emulgente: <b>(E322), <\/b>Jarabe de glucosa, aroma). Despu\u00e9s de descongelar, no volver a congelar. Comercializaci\u00f3n: Lackmann Fleisch- und Feinkostfabrik GmbH, Carl Benz Stra\u00dfe 10, 77731 Willst\u00e4tt, Alemania. A una temperatura de \u2264 -18\u00b0C consumir preferentemente antes de:  <!--NWT-Text-->Valores energ\u00e9ticos y nutricionales medios por 100g: Valor energ\u00e9tico: 1508 kJ \/ 358 kcal, Grasas: 10g, - de las cuales \u00e1cidos grasos saturados: 6,6g, Hidratos de Carbono: 63g, - de los cuales az\u00facares: 44g, Prote\u00ednas: 4,1g, Sal: 0,25g,  <!--NWT-Table--><\/p>\n<table>\n<tbody>\n<tr>\n<td colspan=\"2\">Valores energ\u00e9ticos y nutricionales medios por 100g:<\/td>\n<\/tr>\n<tr>\n<td>Valor energ\u00e9tico:<\/td>\n<td align = \"right\">1508 kJ\/358kcal<\/td>\n<\/tr>\n<tr>\n<td>Grasas:<\/td>\n<td align = \"right\">10g<\/td>\n<\/tr>\n<tr>\n<td>- de las cuales \u00e1cidos grasos saturados:<\/td>\n<td align = \"right\">6,6g<\/td>\n<\/tr>\n<tr>\n<td>Hidratos de Carbono:<\/td>\n<td align = \"right\">63g<\/td>\n<\/tr>\n<tr>\n<td>- de los cuales az\u00facares:<\/td>\n<td align = \"right\">44g<\/td>\n<\/tr>\n<tr>\n<td>Prote\u00ednas:<\/td>\n<td align = \"right\">4,1g<\/td>\n<\/tr>\n<tr>\n<td>Sal:<\/td>\n<td align = \"right\">0,25g<\/td>\n<\/tr>\n<\/tbody>\n<\/table>\n<p> <!--Bezeichnung-->Tartas peque\u00f1as cubierto de merengue dulce (45%), ultracongelado. . <\/p>\n","protected":false},"excerpt":{"rendered":"<p>Tartas peque\u00f1as cubierto de merengue dulce (45%), ultracongelado. . Ingredientes: Cubierto de merengue (Az\u00facar, Huevo, corrector de acidez: (E330), gasificante: (E500), Vinagre a partir de \u00e1cido ac\u00e9tico), Masa (harina de trigo, Mantequilla, Margarina (grasas y aceites vegetales (Palma, Colza), agua potable, emulgente: (E471, E322), sal de calidad alimentaria, colorante: E160a, aroma), Az\u00facar glaseado, Huevo), Relleno [&hellip;]<\/p>\n","protected":false},"featured_media":3176,"template":"","meta":{"inline_featured_image":false},"product_brand":[],"product_cat":[165,164],"product_tag":[],"class_list":{"0":"post-3548","1":"product","2":"type-product","3":"status-publish","4":"has-post-thumbnail","6":"product_cat-konditerskie-izdeliya","7":"product_cat-sladosti-i-vypechka","9":"first","10":"instock","11":"shipping-taxable","12":"purchasable","13":"product-type-simple"},"acf":[],"_links":{"self":[{"href":"https:\/\/kalinkamagazin.com\/es\/wp-json\/wp\/v2\/product\/3548","targetHints":{"allow":["GET"]}}],"collection":[{"href":"https:\/\/kalinkamagazin.com\/es\/wp-json\/wp\/v2\/product"}],"about":[{"href":"https:\/\/kalinkamagazin.com\/es\/wp-json\/wp\/v2\/types\/product"}],"wp:featuredmedia":[{"embeddable":true,"href":"https:\/\/kalinkamagazin.com\/es\/wp-json\/wp\/v2\/media\/3176"}],"wp:attachment":[{"href":"https:\/\/kalinkamagazin.com\/es\/wp-json\/wp\/v2\/media?parent=3548"}],"wp:term":[{"taxonomy":"product_brand","embeddable":true,"href":"https:\/\/kalinkamagazin.com\/es\/wp-json\/wp\/v2\/product_brand?post=3548"},{"taxonomy":"product_cat","embeddable":true,"href":"https:\/\/kalinkamagazin.com\/es\/wp-json\/wp\/v2\/product_cat?post=3548"},{"taxonomy":"product_tag","embeddable":true,"href":"https:\/\/kalinkamagazin.com\/es\/wp-json\/wp\/v2\/product_tag?post=3548"}],"curies":[{"name":"wp","href":"https:\/\/api.w.org\/{rel}","templated":true}]}}