{"id":3551,"date":"2026-01-27T20:54:24","date_gmt":"2026-01-27T17:54:24","guid":{"rendered":"https:\/\/kalinkamagazin.com\/product\/8171-t-verde-con-blsamo-y-menta-aromatizado\/"},"modified":"2026-01-27T20:54:24","modified_gmt":"2026-01-27T17:54:24","slug":"8171-t-verde-con-blsamo-y-menta-aromatizado","status":"publish","type":"product","link":"https:\/\/kalinkamagazin.com\/es\/product\/8171-t-verde-con-blsamo-y-menta-aromatizado\/","title":{"rendered":"T\u00e9 verde con b\u00e1lsamo y menta, aromatizado."},"content":{"rendered":"<p>T\u00e9 verde con b\u00e1lsamo y menta, aromatizado. . 25 bolsitas de t\u00e9 de 1,5 g cada una. Ingredientes: t\u00e9 verde, b\u00e1lsamo, menta, aroma. Verter siempre con agua hirviendo burbujeante y dejar reposar al menos 3-5 minutos. Solo as\u00ed disfrutar\u00e1 de un alimento seguro., Almacenar en un lugar fresco y seco. Consumir preferentemente antes del fin de v\u00e9ase en el envase. v\u00e9ase en la base, segunda l\u00ednea. Comercializaci\u00f3n: Lackmann Fleisch- und Feinkostfabrik GmbH, Carl Benz Stra\u00dfe 10, 77731 Willst\u00e4tt, Alemania.  <!--NWT-Text--> <!--NWT-Table--> <!--Bezeichnung-->T\u00e9 verde con b\u00e1lsamo y menta, aromatizado. . <\/p>\n","protected":false},"excerpt":{"rendered":"<p>T\u00e9 verde con b\u00e1lsamo y menta, aromatizado. . 25 bolsitas de t\u00e9 de 1,5 g cada una. Ingredientes: t\u00e9 verde, b\u00e1lsamo, menta, aroma. Verter siempre con agua hirviendo burbujeante y dejar reposar al menos 3-5 minutos. Solo as\u00ed disfrutar\u00e1 de un alimento seguro., Almacenar en un lugar fresco y seco. Consumir preferentemente antes del fin [&hellip;]<\/p>\n","protected":false},"featured_media":2850,"template":"","meta":{"inline_featured_image":false},"product_brand":[],"product_cat":[148,147],"product_tag":[],"class_list":{"0":"post-3551","1":"product","2":"type-product","3":"status-publish","4":"has-post-thumbnail","6":"product_cat-chaj","7":"product_cat-chaj-i-kofe","9":"first","10":"instock","11":"shipping-taxable","12":"purchasable","13":"product-type-simple"},"acf":[],"_links":{"self":[{"href":"https:\/\/kalinkamagazin.com\/es\/wp-json\/wp\/v2\/product\/3551","targetHints":{"allow":["GET"]}}],"collection":[{"href":"https:\/\/kalinkamagazin.com\/es\/wp-json\/wp\/v2\/product"}],"about":[{"href":"https:\/\/kalinkamagazin.com\/es\/wp-json\/wp\/v2\/types\/product"}],"wp:featuredmedia":[{"embeddable":true,"href":"https:\/\/kalinkamagazin.com\/es\/wp-json\/wp\/v2\/media\/2850"}],"wp:attachment":[{"href":"https:\/\/kalinkamagazin.com\/es\/wp-json\/wp\/v2\/media?parent=3551"}],"wp:term":[{"taxonomy":"product_brand","embeddable":true,"href":"https:\/\/kalinkamagazin.com\/es\/wp-json\/wp\/v2\/product_brand?post=3551"},{"taxonomy":"product_cat","embeddable":true,"href":"https:\/\/kalinkamagazin.com\/es\/wp-json\/wp\/v2\/product_cat?post=3551"},{"taxonomy":"product_tag","embeddable":true,"href":"https:\/\/kalinkamagazin.com\/es\/wp-json\/wp\/v2\/product_tag?post=3551"}],"curies":[{"name":"wp","href":"https:\/\/api.w.org\/{rel}","templated":true}]}}