{"id":3552,"date":"2026-01-27T20:54:30","date_gmt":"2026-01-27T17:54:30","guid":{"rendered":"https:\/\/kalinkamagazin.com\/product\/8179-t-verde-a-granel\/"},"modified":"2026-01-27T20:54:30","modified_gmt":"2026-01-27T17:54:30","slug":"8179-t-verde-a-granel","status":"publish","type":"product","link":"https:\/\/kalinkamagazin.com\/es\/product\/8179-t-verde-a-granel\/","title":{"rendered":"T\u00e9 verde, a granel."},"content":{"rendered":"<p>T\u00e9 verde, a granel. . Verter siempre con agua hirviendo burbujeante y dejar reposar al menos 3-5 minutos. Solo as\u00ed disfrutar\u00e1 de un alimento seguro.. Almacenar en un lugar fresco y seco. Consumir preferentemente antes del fin de v\u00e9ase en el envase. v\u00e9ase en la base, segunda l\u00ednea. Comercializaci\u00f3n: Lackmann Fleisch- und Feinkostfabrik GmbH, Carl Benz Stra\u00dfe 10, 77731 Willst\u00e4tt, Alemania.  <!--NWT-Text--> <!--NWT-Table--> <!--Bezeichnung-->T\u00e9 verde, a granel. . <\/p>\n","protected":false},"excerpt":{"rendered":"<p>T\u00e9 verde, a granel. . Verter siempre con agua hirviendo burbujeante y dejar reposar al menos 3-5 minutos. Solo as\u00ed disfrutar\u00e1 de un alimento seguro.. Almacenar en un lugar fresco y seco. Consumir preferentemente antes del fin de v\u00e9ase en el envase. v\u00e9ase en la base, segunda l\u00ednea. Comercializaci\u00f3n: Lackmann Fleisch- und Feinkostfabrik GmbH, Carl [&hellip;]<\/p>\n","protected":false},"featured_media":2844,"template":"","meta":{"inline_featured_image":false},"product_brand":[],"product_cat":[148,147],"product_tag":[],"class_list":{"0":"post-3552","1":"product","2":"type-product","3":"status-publish","4":"has-post-thumbnail","6":"product_cat-chaj","7":"product_cat-chaj-i-kofe","9":"first","10":"instock","11":"shipping-taxable","12":"purchasable","13":"product-type-simple"},"acf":[],"_links":{"self":[{"href":"https:\/\/kalinkamagazin.com\/es\/wp-json\/wp\/v2\/product\/3552","targetHints":{"allow":["GET"]}}],"collection":[{"href":"https:\/\/kalinkamagazin.com\/es\/wp-json\/wp\/v2\/product"}],"about":[{"href":"https:\/\/kalinkamagazin.com\/es\/wp-json\/wp\/v2\/types\/product"}],"wp:featuredmedia":[{"embeddable":true,"href":"https:\/\/kalinkamagazin.com\/es\/wp-json\/wp\/v2\/media\/2844"}],"wp:attachment":[{"href":"https:\/\/kalinkamagazin.com\/es\/wp-json\/wp\/v2\/media?parent=3552"}],"wp:term":[{"taxonomy":"product_brand","embeddable":true,"href":"https:\/\/kalinkamagazin.com\/es\/wp-json\/wp\/v2\/product_brand?post=3552"},{"taxonomy":"product_cat","embeddable":true,"href":"https:\/\/kalinkamagazin.com\/es\/wp-json\/wp\/v2\/product_cat?post=3552"},{"taxonomy":"product_tag","embeddable":true,"href":"https:\/\/kalinkamagazin.com\/es\/wp-json\/wp\/v2\/product_tag?post=3552"}],"curies":[{"name":"wp","href":"https:\/\/api.w.org\/{rel}","templated":true}]}}