{"id":3553,"date":"2026-01-27T20:54:37","date_gmt":"2026-01-27T17:54:37","guid":{"rendered":"https:\/\/kalinkamagazin.com\/product\/7304-vino-de-postre-afrutado-de-80-moras-y-15-manzanas-semiseco\/"},"modified":"2026-01-27T20:54:37","modified_gmt":"2026-01-27T17:54:37","slug":"7304-vino-de-postre-afrutado-de-80-moras-y-15-manzanas-semiseco","status":"publish","type":"product","link":"https:\/\/kalinkamagazin.com\/es\/product\/7304-vino-de-postre-afrutado-de-80-moras-y-15-manzanas-semiseco\/","title":{"rendered":"Vino de postre afrutado de 80% Moras y 15% Manzanas, semiseco"},"content":{"rendered":"<p>Vino de postre afrutado de 80% Moras y 15% Manzanas, dulce. . Alc. 12,5% vol. 0,75L. Contiene <b>Sulfitos. <\/b>Conservar en un lugar fresco y oscuro. No indicado para mujeres embarazadas, en periodo de lactancia o j\u00f3venes menores de  16 a\u00f1os. Producido y envasado en: Armenia. Introducido por: Lackmann Fleisch- und Feinkostfabrik GmbH, Carl-Benz-Stra\u00dfe 10, 77731 Willst\u00e4tt, Deutschland.  <!--NWT-Text-->Valores energ\u00e9ticos y nutricionales medios por 100g: Valor energ\u00e9tico: 425 kJ \/ 102 kcal, Grasas: 0g, - de las cuales \u00e1cidos grasos saturados: 0g, Hidratos de Carbono: 3,7g, - de los cuales az\u00facares: 3,5g, Prote\u00ednas: 0g, Sal: 0g,  <!--NWT-Table--><\/p>\n<table>\n<tbody>\n<tr>\n<td colspan=\"2\">Valores energ\u00e9ticos y nutricionales medios por 100g:<\/td>\n<\/tr>\n<tr>\n<td>Valor energ\u00e9tico:<\/td>\n<td align = \"right\">425 kJ\/102kcal<\/td>\n<\/tr>\n<tr>\n<td>Grasas:<\/td>\n<td align = \"right\">0g<\/td>\n<\/tr>\n<tr>\n<td>- de las cuales \u00e1cidos grasos saturados:<\/td>\n<td align = \"right\">0g<\/td>\n<\/tr>\n<tr>\n<td>Hidratos de Carbono:<\/td>\n<td align = \"right\">3,7g<\/td>\n<\/tr>\n<tr>\n<td>- de los cuales az\u00facares:<\/td>\n<td align = \"right\">3,5g<\/td>\n<\/tr>\n<tr>\n<td>Prote\u00ednas:<\/td>\n<td align = \"right\">0g<\/td>\n<\/tr>\n<tr>\n<td>Sal:<\/td>\n<td align = \"right\">0g<\/td>\n<\/tr>\n<\/tbody>\n<\/table>\n<p> <!--Bezeichnung-->Vino de postre afrutado de 80% Moras y 15% Manzanas, dulce. . <\/p>\n","protected":false},"excerpt":{"rendered":"<p>Vino de postre afrutado de 80% Moras y 15% Manzanas, dulce. . Alc. 12,5% vol. 0,75L. Contiene Sulfitos. Conservar en un lugar fresco y oscuro. No indicado para mujeres embarazadas, en periodo de lactancia o j\u00f3venes menores de 16 a\u00f1os. Producido y envasado en: Armenia. Introducido por: Lackmann Fleisch- und Feinkostfabrik GmbH, Carl-Benz-Stra\u00dfe 10, 77731 [&hellip;]<\/p>\n","protected":false},"featured_media":2787,"template":"","meta":{"inline_featured_image":false},"product_brand":[],"product_cat":[156,158],"product_tag":[],"class_list":{"0":"post-3553","1":"product","2":"type-product","3":"status-publish","4":"has-post-thumbnail","6":"product_cat-alkogolnye-napitki","7":"product_cat-vino","9":"first","10":"instock","11":"shipping-taxable","12":"purchasable","13":"product-type-simple"},"acf":[],"_links":{"self":[{"href":"https:\/\/kalinkamagazin.com\/es\/wp-json\/wp\/v2\/product\/3553","targetHints":{"allow":["GET"]}}],"collection":[{"href":"https:\/\/kalinkamagazin.com\/es\/wp-json\/wp\/v2\/product"}],"about":[{"href":"https:\/\/kalinkamagazin.com\/es\/wp-json\/wp\/v2\/types\/product"}],"wp:featuredmedia":[{"embeddable":true,"href":"https:\/\/kalinkamagazin.com\/es\/wp-json\/wp\/v2\/media\/2787"}],"wp:attachment":[{"href":"https:\/\/kalinkamagazin.com\/es\/wp-json\/wp\/v2\/media?parent=3553"}],"wp:term":[{"taxonomy":"product_brand","embeddable":true,"href":"https:\/\/kalinkamagazin.com\/es\/wp-json\/wp\/v2\/product_brand?post=3553"},{"taxonomy":"product_cat","embeddable":true,"href":"https:\/\/kalinkamagazin.com\/es\/wp-json\/wp\/v2\/product_cat?post=3553"},{"taxonomy":"product_tag","embeddable":true,"href":"https:\/\/kalinkamagazin.com\/es\/wp-json\/wp\/v2\/product_tag?post=3553"}],"curies":[{"name":"wp","href":"https:\/\/api.w.org\/{rel}","templated":true}]}}