{"id":3555,"date":"2026-01-27T20:54:49","date_gmt":"2026-01-27T17:54:49","guid":{"rendered":"https:\/\/kalinkamagazin.com\/product\/7626-zanahorias-a-la-manera-coreana\/"},"modified":"2026-01-27T20:54:49","modified_gmt":"2026-01-27T17:54:49","slug":"7626-zanahorias-a-la-manera-coreana","status":"publish","type":"product","link":"https:\/\/kalinkamagazin.com\/es\/product\/7626-zanahorias-a-la-manera-coreana\/","title":{"rendered":"Zanahorias a la manera coreana"},"content":{"rendered":"<p>Zanahorias a la manera coreana,. Ingredientes: zanahorias 84%, aceite de girasol, Az\u00facar, sal de calidad alimentaria, esencia de vinagre, Ajo, Cilantro, Aceite de oliva, <b>Aceite de s\u00e9samo, <\/b>especias, potenciador del sabor: (glutamato de monosodio), conservante: (sorbato pot\u00e1sico). Una vez abierto, conservar en la nevera y consumir lo antes posible. A +2-+4\u00b0C consumir preferentemente antes de: v\u00e9ase la tapa. Comercializaci\u00f3n: Lackmann Fleisch- und Feinkostfabrik GmbH, Carl Benz Stra\u00dfe 10, 77731 Willst\u00e4tt, Alemania.  <!--NWT-Text-->Valores energ\u00e9ticos y nutricionales medios por 100g: Valor energ\u00e9tico: 486 kJ \/ 116 kcal, Grasas: 7,9g, - de las cuales \u00e1cidos grasos saturados: 1,0g, Hidratos de Carbono: 8,9g, - de los cuales az\u00facares: 5,8g, Prote\u00ednas: 1,4g, Sal: 2,1g,  <!--NWT-Table--><\/p>\n<table>\n<tbody>\n<tr>\n<td colspan=\"2\">Valores energ\u00e9ticos y nutricionales medios por 100g:<\/td>\n<\/tr>\n<tr>\n<td>Valor energ\u00e9tico:<\/td>\n<td align = \"right\">486 kJ\/116kcal<\/td>\n<\/tr>\n<tr>\n<td>Grasas:<\/td>\n<td align = \"right\">7,9g<\/td>\n<\/tr>\n<tr>\n<td>- de las cuales \u00e1cidos grasos saturados:<\/td>\n<td align = \"right\">1,0g<\/td>\n<\/tr>\n<tr>\n<td>Hidratos de Carbono:<\/td>\n<td align = \"right\">8,9g<\/td>\n<\/tr>\n<tr>\n<td>- de los cuales az\u00facares:<\/td>\n<td align = \"right\">5,8g<\/td>\n<\/tr>\n<tr>\n<td>Prote\u00ednas:<\/td>\n<td align = \"right\">1,4g<\/td>\n<\/tr>\n<tr>\n<td>Sal:<\/td>\n<td align = \"right\">2,1g<\/td>\n<\/tr>\n<\/tbody>\n<\/table>\n<p> <!--Bezeichnung-->Zanahorias a la manera coreana,. <\/p>\n","protected":false},"excerpt":{"rendered":"<p>Zanahorias a la manera coreana,. Ingredientes: zanahorias 84%, aceite de girasol, Az\u00facar, sal de calidad alimentaria, esencia de vinagre, Ajo, Cilantro, Aceite de oliva, Aceite de s\u00e9samo, especias, potenciador del sabor: (glutamato de monosodio), conservante: (sorbato pot\u00e1sico). Una vez abierto, conservar en la nevera y consumir lo antes posible. A +2-+4\u00b0C consumir preferentemente antes de: [&hellip;]<\/p>\n","protected":false},"featured_media":3233,"template":"","meta":{"inline_featured_image":false},"product_brand":[],"product_cat":[128,135],"product_tag":[],"class_list":{"0":"post-3555","1":"product","2":"type-product","3":"status-publish","4":"has-post-thumbnail","6":"product_cat-konservacziya","7":"product_cat-konservy-prochee","9":"first","10":"instock","11":"shipping-taxable","12":"purchasable","13":"product-type-simple"},"acf":[],"_links":{"self":[{"href":"https:\/\/kalinkamagazin.com\/es\/wp-json\/wp\/v2\/product\/3555","targetHints":{"allow":["GET"]}}],"collection":[{"href":"https:\/\/kalinkamagazin.com\/es\/wp-json\/wp\/v2\/product"}],"about":[{"href":"https:\/\/kalinkamagazin.com\/es\/wp-json\/wp\/v2\/types\/product"}],"wp:featuredmedia":[{"embeddable":true,"href":"https:\/\/kalinkamagazin.com\/es\/wp-json\/wp\/v2\/media\/3233"}],"wp:attachment":[{"href":"https:\/\/kalinkamagazin.com\/es\/wp-json\/wp\/v2\/media?parent=3555"}],"wp:term":[{"taxonomy":"product_brand","embeddable":true,"href":"https:\/\/kalinkamagazin.com\/es\/wp-json\/wp\/v2\/product_brand?post=3555"},{"taxonomy":"product_cat","embeddable":true,"href":"https:\/\/kalinkamagazin.com\/es\/wp-json\/wp\/v2\/product_cat?post=3555"},{"taxonomy":"product_tag","embeddable":true,"href":"https:\/\/kalinkamagazin.com\/es\/wp-json\/wp\/v2\/product_tag?post=3555"}],"curies":[{"name":"wp","href":"https:\/\/api.w.org\/{rel}","templated":true}]}}