{"id":3557,"date":"2026-01-27T20:55:00","date_gmt":"2026-01-27T17:55:00","guid":{"rendered":"https:\/\/kalinkamagazin.com\/product\/7097-tarta-de-miel-medovnik-clsica\/"},"modified":"2026-01-27T20:55:00","modified_gmt":"2026-01-27T17:55:00","slug":"7097-tarta-de-miel-medovnik-clsica","status":"publish","type":"product","link":"https:\/\/kalinkamagazin.com\/es\/product\/7097-tarta-de-miel-medovnik-clsica\/","title":{"rendered":"Tarta de miel \"Medovnik\", cl\u00e1sica"},"content":{"rendered":"<p>Tarta en capas con sabor a miel y con relleno de crema (45%), ultracongelado.. Ingredientes: <b>harina de trigo, <\/b><b>leche condensada azucarada <\/b><b>(Leche entera, <\/b>Az\u00facar, <b>Lactosa), <\/b><b>Crema agria <\/b><b>(Nata, <\/b>Almid\u00f3n de patata, Cultivos de bacterias \u00e1cido l\u00e1cticas), Az\u00facar glaseado, grasas y aceites vegetales parcialmente hidrogenado en proporci\u00f3n variable (Palma, Colza, girasol, coco totalmente hidrogenado), <b>Mantequilla, <\/b>agua potable, <b>yogurt de leche desnatada, <\/b><b>Suero de leche, <\/b><b>Huevo, <\/b><b>Nueces <\/b>2,5%, Miel 2,5%, sal de calidad alimentaria, Almid\u00f3n de patata, emulgente: (monoglic\u00e9ridos y diacilglic\u00e9ridos de \u00e1cidos grasos, \u00e9steres poliglic\u00e9ricos de \u00e1cidos grasos), conservante: (sorbato pot\u00e1sico), corrector de acidez: (\u00c1cido c\u00edtrico), aroma, colorante: (Betacaroteno), gasificante: Bicarbonato de sodio. A una temperatura de \u2264 -18\u00b0C consumir preferentemente antes de: Ver fecha en el lateral (equivale a n\u00famero de lote). Despu\u00e9s de descongelar, no volver a congelar. Comercializaci\u00f3n: Lackmann Fleisch- und Feinkostfabrik GmbH, Carl Benz Stra\u00dfe 10, 77731 Willst\u00e4tt, Alemania.  <!--NWT-Text-->Valores energ\u00e9ticos y nutricionales medios por 100g: Valor energ\u00e9tico: 1635 kJ \/ 390 kcal, Grasas: 19g, - de las cuales \u00e1cidos grasos saturados: 11g, Hidratos de Carbono: 48g, - de los cuales az\u00facares: 25g, Prote\u00ednas: 6,6g, Sal: 0,60g,  <!--NWT-Table--><\/p>\n<table>\n<tbody>\n<tr>\n<td colspan=\"2\">Valores energ\u00e9ticos y nutricionales medios por 100g:<\/td>\n<\/tr>\n<tr>\n<td>Valor energ\u00e9tico:<\/td>\n<td align = \"right\">1635 kJ\/390kcal<\/td>\n<\/tr>\n<tr>\n<td>Grasas:<\/td>\n<td align = \"right\">19g<\/td>\n<\/tr>\n<tr>\n<td>- de las cuales \u00e1cidos grasos saturados:<\/td>\n<td align = \"right\">11g<\/td>\n<\/tr>\n<tr>\n<td>Hidratos de Carbono:<\/td>\n<td align = \"right\">48g<\/td>\n<\/tr>\n<tr>\n<td>- de los cuales az\u00facares:<\/td>\n<td align = \"right\">25g<\/td>\n<\/tr>\n<tr>\n<td>Prote\u00ednas:<\/td>\n<td align = \"right\">6,6g<\/td>\n<\/tr>\n<tr>\n<td>Sal:<\/td>\n<td align = \"right\">0,60g<\/td>\n<\/tr>\n<\/tbody>\n<\/table>\n<p> <!--Bezeichnung-->Tarta en capas con sabor a miel y con relleno de crema (45%), ultracongelado.. <\/p>\n","protected":false},"excerpt":{"rendered":"<p>Tarta en capas con sabor a miel y con relleno de crema (45%), ultracongelado.. Ingredientes: harina de trigo, leche condensada azucarada (Leche entera, Az\u00facar, Lactosa), Crema agria (Nata, Almid\u00f3n de patata, Cultivos de bacterias \u00e1cido l\u00e1cticas), Az\u00facar glaseado, grasas y aceites vegetales parcialmente hidrogenado en proporci\u00f3n variable (Palma, Colza, girasol, coco totalmente hidrogenado), Mantequilla, agua [&hellip;]<\/p>\n","protected":false},"featured_media":3041,"template":"","meta":{"inline_featured_image":false},"product_brand":[],"product_cat":[165,164],"product_tag":[],"class_list":{"0":"post-3557","1":"product","2":"type-product","3":"status-publish","4":"has-post-thumbnail","6":"product_cat-konditerskie-izdeliya","7":"product_cat-sladosti-i-vypechka","9":"first","10":"instock","11":"shipping-taxable","12":"purchasable","13":"product-type-simple"},"acf":[],"_links":{"self":[{"href":"https:\/\/kalinkamagazin.com\/es\/wp-json\/wp\/v2\/product\/3557","targetHints":{"allow":["GET"]}}],"collection":[{"href":"https:\/\/kalinkamagazin.com\/es\/wp-json\/wp\/v2\/product"}],"about":[{"href":"https:\/\/kalinkamagazin.com\/es\/wp-json\/wp\/v2\/types\/product"}],"wp:featuredmedia":[{"embeddable":true,"href":"https:\/\/kalinkamagazin.com\/es\/wp-json\/wp\/v2\/media\/3041"}],"wp:attachment":[{"href":"https:\/\/kalinkamagazin.com\/es\/wp-json\/wp\/v2\/media?parent=3557"}],"wp:term":[{"taxonomy":"product_brand","embeddable":true,"href":"https:\/\/kalinkamagazin.com\/es\/wp-json\/wp\/v2\/product_brand?post=3557"},{"taxonomy":"product_cat","embeddable":true,"href":"https:\/\/kalinkamagazin.com\/es\/wp-json\/wp\/v2\/product_cat?post=3557"},{"taxonomy":"product_tag","embeddable":true,"href":"https:\/\/kalinkamagazin.com\/es\/wp-json\/wp\/v2\/product_tag?post=3557"}],"curies":[{"name":"wp","href":"https:\/\/api.w.org\/{rel}","templated":true}]}}