{"id":3559,"date":"2026-01-27T20:55:12","date_gmt":"2026-01-27T17:55:12","guid":{"rendered":"https:\/\/kalinkamagazin.com\/product\/6527-bombones-ptitshye-moloko-al-peso\/"},"modified":"2026-01-27T20:55:12","modified_gmt":"2026-01-27T17:55:12","slug":"6527-bombones-ptitshye-moloko-al-peso","status":"publish","type":"product","link":"https:\/\/kalinkamagazin.com\/es\/product\/6527-bombones-ptitshye-moloko-al-peso\/","title":{"rendered":"Bombones \"Ptitshye Moloko\", al peso"},"content":{"rendered":"<p>Bizcochito en glaseado de cacao. . Solo para venta a granel. Ingredientes: glaseado de cacao 38% (Az\u00facar, Masa de cacao, grasas y aceites vegetales (Palma, karit\u00e9), Cacao en polvo, emulgentes: (lecitina <b>(Soja), <\/b>E476), aroma), Az\u00facar, grasas y aceites vegetales (Grasa de palma, Grasa de palma parcialmente hidrogenado, <b>Aceite de soja), <\/b>Jarabe de glucosa, agua, <b>leche condensada azucarada <\/b>7,5% <b>(Leche entera, <\/b><b>Lactosa, <\/b>Az\u00facar), <b>clara de huevo en polvo, <\/b>gelificante: (agar-agar), Antioxidantes: (E330, E322, E304, E306), emulgente: (lecitina), corrector de acidez: (E330), conservante: (sorbato pot\u00e1sico), aromas, sal de calidad alimentaria. Almacenar en un lugar fresco y seco. Comercializaci\u00f3n: Lackmann Fleisch- und Feinkostfabrik GmbH, Carl Benz Stra\u00dfe 10, 77731 Willst\u00e4tt, Alemania. Consumir preferentemente antes de:  <!--NWT-Text-->Valores energ\u00e9ticos y nutricionales medios por 100g: Valor energ\u00e9tico: 1920 kJ \/ 460 kcal, Grasas: 25g, - de las cuales \u00e1cidos grasos saturados: 13g, Hidratos de Carbono: 55g, - de los cuales az\u00facares: 50g, Prote\u00ednas: 2,5g, Sal: 0,08g,  <!--NWT-Table--><\/p>\n<table>\n<tbody>\n<tr>\n<td colspan=\"2\">Valores energ\u00e9ticos y nutricionales medios por 100g:<\/td>\n<\/tr>\n<tr>\n<td>Valor energ\u00e9tico:<\/td>\n<td align = \"right\">1920 kJ\/460kcal<\/td>\n<\/tr>\n<tr>\n<td>Grasas:<\/td>\n<td align = \"right\">25g<\/td>\n<\/tr>\n<tr>\n<td>- de las cuales \u00e1cidos grasos saturados:<\/td>\n<td align = \"right\">13g<\/td>\n<\/tr>\n<tr>\n<td>Hidratos de Carbono:<\/td>\n<td align = \"right\">55g<\/td>\n<\/tr>\n<tr>\n<td>- de los cuales az\u00facares:<\/td>\n<td align = \"right\">50g<\/td>\n<\/tr>\n<tr>\n<td>Prote\u00ednas:<\/td>\n<td align = \"right\">2,5g<\/td>\n<\/tr>\n<tr>\n<td>Sal:<\/td>\n<td align = \"right\">0,08g<\/td>\n<\/tr>\n<\/tbody>\n<\/table>\n<p> <!--Bezeichnung-->Bizcochito en glaseado de cacao. . <\/p>\n","protected":false},"excerpt":{"rendered":"<p>Bizcochito en glaseado de cacao. . Solo para venta a granel. Ingredientes: glaseado de cacao 38% (Az\u00facar, Masa de cacao, grasas y aceites vegetales (Palma, karit\u00e9), Cacao en polvo, emulgentes: (lecitina (Soja), E476), aroma), Az\u00facar, grasas y aceites vegetales (Grasa de palma, Grasa de palma parcialmente hidrogenado, Aceite de soja), Jarabe de glucosa, agua, leche [&hellip;]<\/p>\n","protected":false},"featured_media":2949,"template":"","meta":{"inline_featured_image":false},"product_brand":[],"product_cat":[174],"product_tag":[],"class_list":{"0":"post-3559","1":"product","2":"type-product","3":"status-publish","4":"has-post-thumbnail","6":"product_cat-konfety","8":"first","9":"instock","10":"shipping-taxable","11":"purchasable","12":"product-type-simple"},"acf":[],"_links":{"self":[{"href":"https:\/\/kalinkamagazin.com\/es\/wp-json\/wp\/v2\/product\/3559","targetHints":{"allow":["GET"]}}],"collection":[{"href":"https:\/\/kalinkamagazin.com\/es\/wp-json\/wp\/v2\/product"}],"about":[{"href":"https:\/\/kalinkamagazin.com\/es\/wp-json\/wp\/v2\/types\/product"}],"wp:featuredmedia":[{"embeddable":true,"href":"https:\/\/kalinkamagazin.com\/es\/wp-json\/wp\/v2\/media\/2949"}],"wp:attachment":[{"href":"https:\/\/kalinkamagazin.com\/es\/wp-json\/wp\/v2\/media?parent=3559"}],"wp:term":[{"taxonomy":"product_brand","embeddable":true,"href":"https:\/\/kalinkamagazin.com\/es\/wp-json\/wp\/v2\/product_brand?post=3559"},{"taxonomy":"product_cat","embeddable":true,"href":"https:\/\/kalinkamagazin.com\/es\/wp-json\/wp\/v2\/product_cat?post=3559"},{"taxonomy":"product_tag","embeddable":true,"href":"https:\/\/kalinkamagazin.com\/es\/wp-json\/wp\/v2\/product_tag?post=3559"}],"curies":[{"name":"wp","href":"https:\/\/api.w.org\/{rel}","templated":true}]}}