{"id":3560,"date":"2026-01-27T20:55:17","date_gmt":"2026-01-27T17:55:17","guid":{"rendered":"https:\/\/kalinkamagazin.com\/product\/8854-mini-pelmeni-izyiskannye-con-carne-de-cerdo\/"},"modified":"2026-01-27T20:55:17","modified_gmt":"2026-01-27T17:55:17","slug":"8854-mini-pelmeni-izyiskannye-con-carne-de-cerdo","status":"publish","type":"product","link":"https:\/\/kalinkamagazin.com\/es\/product\/8854-mini-pelmeni-izyiskannye-con-carne-de-cerdo\/","title":{"rendered":"Mini-pelmeni \"Izyiskannye\" con carne de cerdo"},"content":{"rendered":"<p>Empanadillas con relleno de carne de cerdo cruda (60%), ultracongelado, para cocer. Origen carne de cerdo: UE. Ingredientes: carne de cerdo 48%, <b>harina de trigo, <\/b>agua potable, cebollas, <b>huevo de gallina, <\/b>sal de calidad alimentaria, aceite de girasol, especias. \u00a1No apto para el consumo en crudo! Calentar completamente la mercanc\u00eda antes de su consumo. Instrucciones de preparaci\u00f3n: v\u00e9ase representaci\u00f3n de s\u00edmbolos, dorso. Despu\u00e9s de descongelar, no volver a congelar. A \u2264 -18 \u00b0C consumir preferentemente antes de:: ver impresi\u00f3n lateral. Fabricante: Lackmann Fleisch- und Feinkostfabrik GmbH, Carl-Benz Stra\u00dfe 10, 77731 Willst\u00e4tt. Valores energ\u00e9ticos y nutricionales medios por 100g: Fibra: 0,6g.  <!--NWT-Text-->Valores energ\u00e9ticos y nutricionales medios por 100g: Valor energ\u00e9tico: 1112 kJ \/ 266 kcal, Grasas: 13g, - de las cuales \u00e1cidos grasos saturados: 5,7g, Hidratos de Carbono: 24g, - de los cuales az\u00facares: 0,7g, Prote\u00ednas: 13g, Sal: 1,2g,  <!--NWT-Table--><\/p>\n<table>\n<tbody>\n<tr>\n<td colspan=\"2\">Valores energ\u00e9ticos y nutricionales medios por 100g:<\/td>\n<\/tr>\n<tr>\n<td>Valor energ\u00e9tico:<\/td>\n<td align = \"right\">1112 kJ\/266kcal<\/td>\n<\/tr>\n<tr>\n<td>Grasas:<\/td>\n<td align = \"right\">13g<\/td>\n<\/tr>\n<tr>\n<td>- de las cuales \u00e1cidos grasos saturados:<\/td>\n<td align = \"right\">5,7g<\/td>\n<\/tr>\n<tr>\n<td>Hidratos de Carbono:<\/td>\n<td align = \"right\">24g<\/td>\n<\/tr>\n<tr>\n<td>- de los cuales az\u00facares:<\/td>\n<td align = \"right\">0,7g<\/td>\n<\/tr>\n<tr>\n<td>Prote\u00ednas:<\/td>\n<td align = \"right\">13g<\/td>\n<\/tr>\n<tr>\n<td>Sal:<\/td>\n<td align = \"right\">1,2g<\/td>\n<\/tr>\n<\/tbody>\n<\/table>\n<p> <!--Bezeichnung-->Empanadillas con relleno de carne de cerdo cruda (60%), ultracongelado, para cocer. <\/p>\n","protected":false},"excerpt":{"rendered":"<p>Empanadillas con relleno de carne de cerdo cruda (60%), ultracongelado, para cocer. Origen carne de cerdo: UE. Ingredientes: carne de cerdo 48%, harina de trigo, agua potable, cebollas, huevo de gallina, sal de calidad alimentaria, aceite de girasol, especias. \u00a1No apto para el consumo en crudo! Calentar completamente la mercanc\u00eda antes de su consumo. Instrucciones [&hellip;]<\/p>\n","protected":false},"featured_media":3104,"template":"","meta":{"inline_featured_image":false},"product_brand":[],"product_cat":[105,107],"product_tag":[],"class_list":{"0":"post-3560","1":"product","2":"type-product","3":"status-publish","4":"has-post-thumbnail","6":"product_cat-zamorozhennye-produkty-i-hleb","7":"product_cat-izdeliya-iz-testa-zamorozka","9":"first","10":"instock","11":"shipping-taxable","12":"purchasable","13":"product-type-simple"},"acf":[],"_links":{"self":[{"href":"https:\/\/kalinkamagazin.com\/es\/wp-json\/wp\/v2\/product\/3560","targetHints":{"allow":["GET"]}}],"collection":[{"href":"https:\/\/kalinkamagazin.com\/es\/wp-json\/wp\/v2\/product"}],"about":[{"href":"https:\/\/kalinkamagazin.com\/es\/wp-json\/wp\/v2\/types\/product"}],"wp:featuredmedia":[{"embeddable":true,"href":"https:\/\/kalinkamagazin.com\/es\/wp-json\/wp\/v2\/media\/3104"}],"wp:attachment":[{"href":"https:\/\/kalinkamagazin.com\/es\/wp-json\/wp\/v2\/media?parent=3560"}],"wp:term":[{"taxonomy":"product_brand","embeddable":true,"href":"https:\/\/kalinkamagazin.com\/es\/wp-json\/wp\/v2\/product_brand?post=3560"},{"taxonomy":"product_cat","embeddable":true,"href":"https:\/\/kalinkamagazin.com\/es\/wp-json\/wp\/v2\/product_cat?post=3560"},{"taxonomy":"product_tag","embeddable":true,"href":"https:\/\/kalinkamagazin.com\/es\/wp-json\/wp\/v2\/product_tag?post=3560"}],"curies":[{"name":"wp","href":"https:\/\/api.w.org\/{rel}","templated":true}]}}