{"id":3564,"date":"2026-01-27T20:55:42","date_gmt":"2026-01-27T17:55:42","guid":{"rendered":"https:\/\/kalinkamagazin.com\/product\/8013-mini-pelmeni-sibirskie-con-cerdo-i-ternera-sin-precio-en-etiqueta\/"},"modified":"2026-01-27T20:55:42","modified_gmt":"2026-01-27T17:55:42","slug":"8013-mini-pelmeni-sibirskie-con-cerdo-i-ternera-sin-precio-en-etiqueta","status":"publish","type":"product","link":"https:\/\/kalinkamagazin.com\/es\/product\/8013-mini-pelmeni-sibirskie-con-cerdo-i-ternera-sin-precio-en-etiqueta\/","title":{"rendered":"Mini-pelmeni \"Sibirskie\" con cerdo \u0438 ternera, sin precio en etiqueta"},"content":{"rendered":"<p>Empanadillas con relleno de carne de cerdo y vacuno cruda (60%), ultracongelado, para cocer. Origen carne de cerdo y de ternera: UE. Ingredientes: carne de cerdo y de vacuno 46%, <b>harina de trigo, <\/b>agua potable, <b>huevo de gallina, <\/b>cebollas, sal de calidad alimentaria, aceite de girasol, especias. \u00a1No apto para el consumo en crudo! Calentar completamente la mercanc\u00eda antes de su consumo. Instrucciones de preparaci\u00f3n: v\u00e9ase representaci\u00f3n de s\u00edmbolos, dorso. Despu\u00e9s de descongelar, no volver a congelar. A una temperatura de \u2264 -18\u00b0C consumir preferentemente antes de: ver impresi\u00f3n lateral. Fabricante: Lackmann Fleisch- und Feinkostfabrik GmbH, Carl-Benz Stra\u00dfe 10, 77731 Willst\u00e4tt.  <!--NWT-Text-->Valores energ\u00e9ticos y nutricionales medios por 100g: Valor energ\u00e9tico: 1044 kJ \/ 249 kcal, Grasas: 12g, - de las cuales \u00e1cidos grasos saturados: 4,9g, Hidratos de Carbono: 22g, - de los cuales az\u00facares: 0,6g, Prote\u00ednas: 14g, Sal: 1,2g,  <!--NWT-Table--><\/p>\n<table>\n<tbody>\n<tr>\n<td colspan=\"2\">Valores energ\u00e9ticos y nutricionales medios por 100g:<\/td>\n<\/tr>\n<tr>\n<td>Valor energ\u00e9tico:<\/td>\n<td align = \"right\">1044 kJ\/249kcal<\/td>\n<\/tr>\n<tr>\n<td>Grasas:<\/td>\n<td align = \"right\">12g<\/td>\n<\/tr>\n<tr>\n<td>- de las cuales \u00e1cidos grasos saturados:<\/td>\n<td align = \"right\">4,9g<\/td>\n<\/tr>\n<tr>\n<td>Hidratos de Carbono:<\/td>\n<td align = \"right\">22g<\/td>\n<\/tr>\n<tr>\n<td>- de los cuales az\u00facares:<\/td>\n<td align = \"right\">0,6g<\/td>\n<\/tr>\n<tr>\n<td>Prote\u00ednas:<\/td>\n<td align = \"right\">14g<\/td>\n<\/tr>\n<tr>\n<td>Sal:<\/td>\n<td align = \"right\">1,2g<\/td>\n<\/tr>\n<\/tbody>\n<\/table>\n<p> <!--Bezeichnung-->Empanadillas con relleno de carne de cerdo y vacuno cruda (60%), ultracongelado, para cocer. <\/p>\n","protected":false},"excerpt":{"rendered":"<p>Empanadillas con relleno de carne de cerdo y vacuno cruda (60%), ultracongelado, para cocer. Origen carne de cerdo y de ternera: UE. Ingredientes: carne de cerdo y de vacuno 46%, harina de trigo, agua potable, huevo de gallina, cebollas, sal de calidad alimentaria, aceite de girasol, especias. \u00a1No apto para el consumo en crudo! Calentar [&hellip;]<\/p>\n","protected":false},"featured_media":3128,"template":"","meta":{"inline_featured_image":false},"product_brand":[],"product_cat":[189,105,107],"product_tag":[],"class_list":{"0":"post-3564","1":"product","2":"type-product","3":"status-publish","4":"has-post-thumbnail","6":"product_cat-productos-de-masa-congelados","7":"product_cat-zamorozhennye-produkty-i-hleb","8":"product_cat-izdeliya-iz-testa-zamorozka","10":"first","11":"instock","12":"shipping-taxable","13":"purchasable","14":"product-type-simple"},"acf":[],"_links":{"self":[{"href":"https:\/\/kalinkamagazin.com\/es\/wp-json\/wp\/v2\/product\/3564","targetHints":{"allow":["GET"]}}],"collection":[{"href":"https:\/\/kalinkamagazin.com\/es\/wp-json\/wp\/v2\/product"}],"about":[{"href":"https:\/\/kalinkamagazin.com\/es\/wp-json\/wp\/v2\/types\/product"}],"wp:featuredmedia":[{"embeddable":true,"href":"https:\/\/kalinkamagazin.com\/es\/wp-json\/wp\/v2\/media\/3128"}],"wp:attachment":[{"href":"https:\/\/kalinkamagazin.com\/es\/wp-json\/wp\/v2\/media?parent=3564"}],"wp:term":[{"taxonomy":"product_brand","embeddable":true,"href":"https:\/\/kalinkamagazin.com\/es\/wp-json\/wp\/v2\/product_brand?post=3564"},{"taxonomy":"product_cat","embeddable":true,"href":"https:\/\/kalinkamagazin.com\/es\/wp-json\/wp\/v2\/product_cat?post=3564"},{"taxonomy":"product_tag","embeddable":true,"href":"https:\/\/kalinkamagazin.com\/es\/wp-json\/wp\/v2\/product_tag?post=3564"}],"curies":[{"name":"wp","href":"https:\/\/api.w.org\/{rel}","templated":true}]}}