{"id":3565,"date":"2026-01-27T20:55:48","date_gmt":"2026-01-27T17:55:48","guid":{"rendered":"https:\/\/kalinkamagazin.com\/product\/8046-mini-pelmeni-sibirskie-de-cerdo-i-ternera\/"},"modified":"2026-01-27T20:55:48","modified_gmt":"2026-01-27T17:55:48","slug":"8046-mini-pelmeni-sibirskie-de-cerdo-i-ternera","status":"publish","type":"product","link":"https:\/\/kalinkamagazin.com\/es\/product\/8046-mini-pelmeni-sibirskie-de-cerdo-i-ternera\/","title":{"rendered":"Mini-pelmeni \"Sibirskie\" de cerdo \u0438 ternera"},"content":{"rendered":"<p>Empanadillas con relleno de carne de cerdo y vacuno cruda (60%), ultracongelado, para cocer. Ingredientes: carne de cerdo y de vacuno 45%, <b>harina de trigo, <\/b>agua potable, cebollas, <b>huevo de gallina, <\/b>sal de calidad alimentaria, aceite de girasol, especias. \u00a1No apto para el consumo en crudo! Calentar completamente la mercanc\u00eda antes de su consumo. Instrucciones de preparaci\u00f3n: Poner un paquete de pelmenis congelados a hervir en 4-5 l de agua con sal. Llevar a una ligera ebullici\u00f3n removiendo de vez en cuando. En cuanto floten en la superficie, bajar el fuego y seguir cociendo durante 10 minutos. Despu\u00e9s de descongelar, no volver a congelar. Fabricante: Lackmann Fleisch- und Feinkostfabrik GmbH, Carl-Benz Stra\u00dfe 10, 77731 Willst\u00e4tt. A una temperatura de \u2264 -18\u00b0C consumir preferentemente antes de:  <!--NWT-Text-->Valores energ\u00e9ticos y nutricionales medios por 100g: Valor energ\u00e9tico: 1044 kJ \/ 249 kcal, Grasas: 12g, - de las cuales \u00e1cidos grasos saturados: 4,9g, Hidratos de Carbono: 22g, - de los cuales az\u00facares: 0,6g, Prote\u00ednas: 14g, Sal: 1,2g,  <!--NWT-Table--><\/p>\n<table>\n<tbody>\n<tr>\n<td colspan=\"2\">Valores energ\u00e9ticos y nutricionales medios por 100g:<\/td>\n<\/tr>\n<tr>\n<td>Valor energ\u00e9tico:<\/td>\n<td align = \"right\">1044 kJ\/249kcal<\/td>\n<\/tr>\n<tr>\n<td>Grasas:<\/td>\n<td align = \"right\">12g<\/td>\n<\/tr>\n<tr>\n<td>- de las cuales \u00e1cidos grasos saturados:<\/td>\n<td align = \"right\">4,9g<\/td>\n<\/tr>\n<tr>\n<td>Hidratos de Carbono:<\/td>\n<td align = \"right\">22g<\/td>\n<\/tr>\n<tr>\n<td>- de los cuales az\u00facares:<\/td>\n<td align = \"right\">0,6g<\/td>\n<\/tr>\n<tr>\n<td>Prote\u00ednas:<\/td>\n<td align = \"right\">14g<\/td>\n<\/tr>\n<tr>\n<td>Sal:<\/td>\n<td align = \"right\">1,2g<\/td>\n<\/tr>\n<\/tbody>\n<\/table>\n<p> <!--Bezeichnung-->Empanadillas con relleno de carne de cerdo y vacuno cruda (60%), ultracongelado, para cocer. <\/p>\n","protected":false},"excerpt":{"rendered":"<p>Empanadillas con relleno de carne de cerdo y vacuno cruda (60%), ultracongelado, para cocer. Ingredientes: carne de cerdo y de vacuno 45%, harina de trigo, agua potable, cebollas, huevo de gallina, sal de calidad alimentaria, aceite de girasol, especias. \u00a1No apto para el consumo en crudo! Calentar completamente la mercanc\u00eda antes de su consumo. Instrucciones [&hellip;]<\/p>\n","protected":false},"featured_media":3131,"template":"","meta":{"inline_featured_image":false},"product_brand":[],"product_cat":[105,107],"product_tag":[],"class_list":{"0":"post-3565","1":"product","2":"type-product","3":"status-publish","4":"has-post-thumbnail","6":"product_cat-zamorozhennye-produkty-i-hleb","7":"product_cat-izdeliya-iz-testa-zamorozka","9":"first","10":"instock","11":"shipping-taxable","12":"purchasable","13":"product-type-simple"},"acf":[],"_links":{"self":[{"href":"https:\/\/kalinkamagazin.com\/es\/wp-json\/wp\/v2\/product\/3565","targetHints":{"allow":["GET"]}}],"collection":[{"href":"https:\/\/kalinkamagazin.com\/es\/wp-json\/wp\/v2\/product"}],"about":[{"href":"https:\/\/kalinkamagazin.com\/es\/wp-json\/wp\/v2\/types\/product"}],"wp:featuredmedia":[{"embeddable":true,"href":"https:\/\/kalinkamagazin.com\/es\/wp-json\/wp\/v2\/media\/3131"}],"wp:attachment":[{"href":"https:\/\/kalinkamagazin.com\/es\/wp-json\/wp\/v2\/media?parent=3565"}],"wp:term":[{"taxonomy":"product_brand","embeddable":true,"href":"https:\/\/kalinkamagazin.com\/es\/wp-json\/wp\/v2\/product_brand?post=3565"},{"taxonomy":"product_cat","embeddable":true,"href":"https:\/\/kalinkamagazin.com\/es\/wp-json\/wp\/v2\/product_cat?post=3565"},{"taxonomy":"product_tag","embeddable":true,"href":"https:\/\/kalinkamagazin.com\/es\/wp-json\/wp\/v2\/product_tag?post=3565"}],"curies":[{"name":"wp","href":"https:\/\/api.w.org\/{rel}","templated":true}]}}