{"id":3568,"date":"2026-01-27T20:56:05","date_gmt":"2026-01-27T17:56:05","guid":{"rendered":"https:\/\/kalinkamagazin.com\/product\/8113-mini-pelmeni-elitnye-con-cerdo-i-ternera-sin-precio-en-etiqueta\/"},"modified":"2026-01-27T20:56:05","modified_gmt":"2026-01-27T17:56:05","slug":"8113-mini-pelmeni-elitnye-con-cerdo-i-ternera-sin-precio-en-etiqueta","status":"publish","type":"product","link":"https:\/\/kalinkamagazin.com\/es\/product\/8113-mini-pelmeni-elitnye-con-cerdo-i-ternera-sin-precio-en-etiqueta\/","title":{"rendered":"Mini-pelmeni \"Elitnye\" con cerdo \u0438 ternera, sin precio en etiqueta"},"content":{"rendered":"<p>Empanadillas con relleno de carne de cerdo y vacuno cruda (60%), ultracongelado, para cocer. Origen carne de cerdo y de ternera: UE. Ingredientes: carne de cerdo y de ternera 48%, <b>harina de trigo, <\/b>agua potable, cebollas, <b>huevo de gallina, <\/b>sal de calidad alimentaria, aceite de girasol, especias. \u00a1No apto para el consumo en crudo! Calentar completamente la mercanc\u00eda antes de su consumo. Instrucciones de preparaci\u00f3n: v\u00e9ase representaci\u00f3n de s\u00edmbolos, dorso. Despu\u00e9s de descongelar, no volver a congelar. A \u2264 -18 \u00b0C consumir preferentemente antes de:: ver impresi\u00f3n lateral. Fabricante: Lackmann Fleisch- und Feinkostfabrik GmbH, Carl-Benz Stra\u00dfe 10, 77731 Willst\u00e4tt.  <!--NWT-Text-->Valores energ\u00e9ticos y nutricionales medios por 100g: Valor energ\u00e9tico: 1124 kJ \/ 268 kcal, Grasas: 12g, - de las cuales \u00e1cidos grasos saturados: 5,0g, Hidratos de Carbono: 26g, - de los cuales az\u00facares: 1,0g, Prote\u00ednas: 14g, Sal: 1,3g,  <!--NWT-Table--><\/p>\n<table>\n<tbody>\n<tr>\n<td colspan=\"2\">Valores energ\u00e9ticos y nutricionales medios por 100g:<\/td>\n<\/tr>\n<tr>\n<td>Valor energ\u00e9tico:<\/td>\n<td align = \"right\">1124 kJ\/268kcal<\/td>\n<\/tr>\n<tr>\n<td>Grasas:<\/td>\n<td align = \"right\">12g<\/td>\n<\/tr>\n<tr>\n<td>- de las cuales \u00e1cidos grasos saturados:<\/td>\n<td align = \"right\">5,0g<\/td>\n<\/tr>\n<tr>\n<td>Hidratos de Carbono:<\/td>\n<td align = \"right\">26g<\/td>\n<\/tr>\n<tr>\n<td>- de los cuales az\u00facares:<\/td>\n<td align = \"right\">1,0g<\/td>\n<\/tr>\n<tr>\n<td>Prote\u00ednas:<\/td>\n<td align = \"right\">14g<\/td>\n<\/tr>\n<tr>\n<td>Sal:<\/td>\n<td align = \"right\">1,3g<\/td>\n<\/tr>\n<\/tbody>\n<\/table>\n<p> <!--Bezeichnung-->Empanadillas con relleno de carne de cerdo y vacuno cruda (60%), ultracongelado, para cocer. <\/p>\n","protected":false},"excerpt":{"rendered":"<p>Empanadillas con relleno de carne de cerdo y vacuno cruda (60%), ultracongelado, para cocer. Origen carne de cerdo y de ternera: UE. Ingredientes: carne de cerdo y de ternera 48%, harina de trigo, agua potable, cebollas, huevo de gallina, sal de calidad alimentaria, aceite de girasol, especias. \u00a1No apto para el consumo en crudo! Calentar [&hellip;]<\/p>\n","protected":false},"featured_media":3140,"template":"","meta":{"inline_featured_image":false},"product_brand":[],"product_cat":[105,107],"product_tag":[],"class_list":{"0":"post-3568","1":"product","2":"type-product","3":"status-publish","4":"has-post-thumbnail","6":"product_cat-zamorozhennye-produkty-i-hleb","7":"product_cat-izdeliya-iz-testa-zamorozka","9":"first","10":"instock","11":"shipping-taxable","12":"purchasable","13":"product-type-simple"},"acf":[],"_links":{"self":[{"href":"https:\/\/kalinkamagazin.com\/es\/wp-json\/wp\/v2\/product\/3568","targetHints":{"allow":["GET"]}}],"collection":[{"href":"https:\/\/kalinkamagazin.com\/es\/wp-json\/wp\/v2\/product"}],"about":[{"href":"https:\/\/kalinkamagazin.com\/es\/wp-json\/wp\/v2\/types\/product"}],"wp:featuredmedia":[{"embeddable":true,"href":"https:\/\/kalinkamagazin.com\/es\/wp-json\/wp\/v2\/media\/3140"}],"wp:attachment":[{"href":"https:\/\/kalinkamagazin.com\/es\/wp-json\/wp\/v2\/media?parent=3568"}],"wp:term":[{"taxonomy":"product_brand","embeddable":true,"href":"https:\/\/kalinkamagazin.com\/es\/wp-json\/wp\/v2\/product_brand?post=3568"},{"taxonomy":"product_cat","embeddable":true,"href":"https:\/\/kalinkamagazin.com\/es\/wp-json\/wp\/v2\/product_cat?post=3568"},{"taxonomy":"product_tag","embeddable":true,"href":"https:\/\/kalinkamagazin.com\/es\/wp-json\/wp\/v2\/product_tag?post=3568"}],"curies":[{"name":"wp","href":"https:\/\/api.w.org\/{rel}","templated":true}]}}