{"id":3572,"date":"2026-01-27T20:56:28","date_gmt":"2026-01-27T17:56:28","guid":{"rendered":"https:\/\/kalinkamagazin.com\/product\/7406-mijo-de-calidad-superior\/"},"modified":"2026-01-27T20:56:28","modified_gmt":"2026-01-27T17:56:28","slug":"7406-mijo-de-calidad-superior","status":"publish","type":"product","link":"https:\/\/kalinkamagazin.com\/es\/product\/7406-mijo-de-calidad-superior\/","title":{"rendered":"Mijo de calidad superior"},"content":{"rendered":"<p>Mijo. . Este producto puede tener trazas de: <b>Trigo, <\/b><b>cebada, <\/b><b>Avena, <\/b><b>Centeno, <\/b><b>Espelta. <\/b>Almacenar en un lugar fresco y seco. Consumir preferentemente antes de: ver impresi\u00f3n, segunda l\u00ednea. Comercializaci\u00f3n:  Lackmann Fleisch- und Feinkostfabrik GmbH, Carl-Benz-Stra\u00dfe 10, 77731 Willst\u00e4tt, Deutschland. Fibra: 2,8g. Sugerencias de preparaci\u00f3n. Poner en remojo en agua fr\u00eda durante 60 minutos. A\u00f1adir 5 veces la cantidad de agua. y cocine durante 20 minutos.  <!--NWT-Text-->Valores energ\u00e9ticos y nutricionales medios por 100g: Valor energ\u00e9tico: 1408 kJ \/ 333 kcal, Grasas: 3,0g, - de las cuales \u00e1cidos grasos saturados: <0,1g, Hidratos de Carbono: 64g, - de los cuales az\u00facares: 1,3g, Prote\u00ednas: 11g, Sal: <0,1g,  <!--NWT-Table--><\/p>\n<table>\n<tbody>\n<tr>\n<td colspan=\"2\">Valores energ\u00e9ticos y nutricionales medios por 100g:<\/td>\n<\/tr>\n<tr>\n<td>Valor energ\u00e9tico:<\/td>\n<td align = \"right\">1408 kJ\/333kcal<\/td>\n<\/tr>\n<tr>\n<td>Grasas:<\/td>\n<td align = \"right\">3,0g<\/td>\n<\/tr>\n<tr>\n<td>- de las cuales \u00e1cidos grasos saturados:<\/td>\n<td align = \"right\"><0,1g<\/td>\n<\/tr>\n<tr>\n<td>Hidratos de Carbono:<\/td>\n<td align = \"right\">64g<\/td>\n<\/tr>\n<tr>\n<td>- de los cuales az\u00facares:<\/td>\n<td align = \"right\">1,3g<\/td>\n<\/tr>\n<tr>\n<td>Prote\u00ednas:<\/td>\n<td align = \"right\">11g<\/td>\n<\/tr>\n<tr>\n<td>Sal:<\/td>\n<td align = \"right\"><0,1g<\/td>\n<\/tr>\n<\/tbody>\n<\/table>\n<p> <!--Bezeichnung-->Mijo. . <\/p>\n","protected":false},"excerpt":{"rendered":"<p>Mijo. . Este producto puede tener trazas de: Trigo, cebada, Avena, Centeno, Espelta. Almacenar en un lugar fresco y seco. Consumir preferentemente antes de: ver impresi\u00f3n, segunda l\u00ednea. Comercializaci\u00f3n: Lackmann Fleisch- und Feinkostfabrik GmbH, Carl-Benz-Stra\u00dfe 10, 77731 Willst\u00e4tt, Deutschland. Fibra: 2,8g. Sugerencias de preparaci\u00f3n. Poner en remojo en agua fr\u00eda durante 60 minutos. A\u00f1adir 5 [&hellip;]<\/p>\n","protected":false},"featured_media":3227,"template":"","meta":{"inline_featured_image":false},"product_brand":[],"product_cat":[142,140],"product_tag":[],"class_list":{"0":"post-3572","1":"product","2":"type-product","3":"status-publish","4":"has-post-thumbnail","6":"product_cat-krupy","7":"product_cat-krupy-zlaki-i-sneki","9":"first","10":"instock","11":"shipping-taxable","12":"purchasable","13":"product-type-simple"},"acf":[],"_links":{"self":[{"href":"https:\/\/kalinkamagazin.com\/es\/wp-json\/wp\/v2\/product\/3572","targetHints":{"allow":["GET"]}}],"collection":[{"href":"https:\/\/kalinkamagazin.com\/es\/wp-json\/wp\/v2\/product"}],"about":[{"href":"https:\/\/kalinkamagazin.com\/es\/wp-json\/wp\/v2\/types\/product"}],"wp:featuredmedia":[{"embeddable":true,"href":"https:\/\/kalinkamagazin.com\/es\/wp-json\/wp\/v2\/media\/3227"}],"wp:attachment":[{"href":"https:\/\/kalinkamagazin.com\/es\/wp-json\/wp\/v2\/media?parent=3572"}],"wp:term":[{"taxonomy":"product_brand","embeddable":true,"href":"https:\/\/kalinkamagazin.com\/es\/wp-json\/wp\/v2\/product_brand?post=3572"},{"taxonomy":"product_cat","embeddable":true,"href":"https:\/\/kalinkamagazin.com\/es\/wp-json\/wp\/v2\/product_cat?post=3572"},{"taxonomy":"product_tag","embeddable":true,"href":"https:\/\/kalinkamagazin.com\/es\/wp-json\/wp\/v2\/product_tag?post=3572"}],"curies":[{"name":"wp","href":"https:\/\/api.w.org\/{rel}","templated":true}]}}