{"id":3576,"date":"2026-01-27T20:56:53","date_gmt":"2026-01-27T17:56:53","guid":{"rendered":"https:\/\/kalinkamagazin.com\/product\/7238-semillas-de-girasol-krupnyak-premium-tostadas\/"},"modified":"2026-01-27T20:56:53","modified_gmt":"2026-01-27T17:56:53","slug":"7238-semillas-de-girasol-krupnyak-premium-tostadas","status":"publish","type":"product","link":"https:\/\/kalinkamagazin.com\/es\/product\/7238-semillas-de-girasol-krupnyak-premium-tostadas\/","title":{"rendered":"Semillas de girasol \"Krupnyak\" Premium, tostadas"},"content":{"rendered":"<p>Semillas de girasol con c\u00e1scara, tostado. . Almacenar en un lugar fresco y seco. Consumir preferentemente antes de: ver el reverso, segunda l\u00ednea. Comercializaci\u00f3n: Lackmann Fleisch- und Feinkostfabrik GmbH, Carl Benz Stra\u00dfe 10, 77731 Willst\u00e4tt, Alemania.  <!--NWT-Text-->Valores energ\u00e9ticos y nutricionales medios por 100g: Valor energ\u00e9tico: 2484 kJ \/ 593 kcal, Grasas: 42g, - de las cuales \u00e1cidos grasos saturados: 8,5g, Hidratos de Carbono: 25g, - de los cuales az\u00facares: 1,2g, Prote\u00ednas: 30g, Sal: 0,20g,  <!--NWT-Table--><\/p>\n<table>\n<tbody>\n<tr>\n<td colspan=\"2\">Valores energ\u00e9ticos y nutricionales medios por 100g:<\/td>\n<\/tr>\n<tr>\n<td>Valor energ\u00e9tico:<\/td>\n<td align = \"right\">2484 kJ\/593kcal<\/td>\n<\/tr>\n<tr>\n<td>Grasas:<\/td>\n<td align = \"right\">42g<\/td>\n<\/tr>\n<tr>\n<td>- de las cuales \u00e1cidos grasos saturados:<\/td>\n<td align = \"right\">8,5g<\/td>\n<\/tr>\n<tr>\n<td>Hidratos de Carbono:<\/td>\n<td align = \"right\">25g<\/td>\n<\/tr>\n<tr>\n<td>- de los cuales az\u00facares:<\/td>\n<td align = \"right\">1,2g<\/td>\n<\/tr>\n<tr>\n<td>Prote\u00ednas:<\/td>\n<td align = \"right\">30g<\/td>\n<\/tr>\n<tr>\n<td>Sal:<\/td>\n<td align = \"right\">0,20g<\/td>\n<\/tr>\n<\/tbody>\n<\/table>\n<p> <!--Bezeichnung-->Semillas de girasol con c\u00e1scara, tostado. . <\/p>\n","protected":false},"excerpt":{"rendered":"<p>Semillas de girasol con c\u00e1scara, tostado. . Almacenar en un lugar fresco y seco. Consumir preferentemente antes de: ver el reverso, segunda l\u00ednea. Comercializaci\u00f3n: Lackmann Fleisch- und Feinkostfabrik GmbH, Carl Benz Stra\u00dfe 10, 77731 Willst\u00e4tt, Alemania. Valores energ\u00e9ticos y nutricionales medios por 100g: Valor energ\u00e9tico: 2484 kJ \/ 593 kcal, Grasas: 42g, - de las [&hellip;]<\/p>\n","protected":false},"featured_media":3254,"template":"","meta":{"inline_featured_image":false},"product_brand":[],"product_cat":[141,140],"product_tag":[],"class_list":{"0":"post-3576","1":"product","2":"type-product","3":"status-publish","4":"has-post-thumbnail","6":"product_cat-zyorna-zlaki","7":"product_cat-krupy-zlaki-i-sneki","9":"first","10":"instock","11":"shipping-taxable","12":"purchasable","13":"product-type-simple"},"acf":[],"_links":{"self":[{"href":"https:\/\/kalinkamagazin.com\/es\/wp-json\/wp\/v2\/product\/3576","targetHints":{"allow":["GET"]}}],"collection":[{"href":"https:\/\/kalinkamagazin.com\/es\/wp-json\/wp\/v2\/product"}],"about":[{"href":"https:\/\/kalinkamagazin.com\/es\/wp-json\/wp\/v2\/types\/product"}],"wp:featuredmedia":[{"embeddable":true,"href":"https:\/\/kalinkamagazin.com\/es\/wp-json\/wp\/v2\/media\/3254"}],"wp:attachment":[{"href":"https:\/\/kalinkamagazin.com\/es\/wp-json\/wp\/v2\/media?parent=3576"}],"wp:term":[{"taxonomy":"product_brand","embeddable":true,"href":"https:\/\/kalinkamagazin.com\/es\/wp-json\/wp\/v2\/product_brand?post=3576"},{"taxonomy":"product_cat","embeddable":true,"href":"https:\/\/kalinkamagazin.com\/es\/wp-json\/wp\/v2\/product_cat?post=3576"},{"taxonomy":"product_tag","embeddable":true,"href":"https:\/\/kalinkamagazin.com\/es\/wp-json\/wp\/v2\/product_tag?post=3576"}],"curies":[{"name":"wp","href":"https:\/\/api.w.org\/{rel}","templated":true}]}}