{"id":3579,"date":"2026-01-27T20:57:11","date_gmt":"2026-01-27T17:57:11","guid":{"rendered":"https:\/\/kalinkamagazin.com\/product\/8114-t-negro-greenfield-golden-ceylon-en-bolsitas-100x2g\/"},"modified":"2026-01-27T20:57:11","modified_gmt":"2026-01-27T17:57:11","slug":"8114-t-negro-greenfield-golden-ceylon-en-bolsitas-100x2g","status":"publish","type":"product","link":"https:\/\/kalinkamagazin.com\/es\/product\/8114-t-negro-greenfield-golden-ceylon-en-bolsitas-100x2g\/","title":{"rendered":"T\u00e9 negro Greenfield Golden Ceylon en bolsitas (100x2g)"},"content":{"rendered":"<p>T\u00e9 negro. . 100 bolsitas de t\u00e9 de 2 g cada una. Origen: Sri Lanka. Verter siempre con agua hirviendo burbujeante y dejar reposar al menos 3-5 minutos. Solo as\u00ed disfrutar\u00e1 de un alimento seguro.. Almacenar en un lugar fresco y seco. Consumir preferentemente antes del fin de v\u00e9ase en el envase. v\u00e9ase en la base, segunda l\u00ednea. Comercializaci\u00f3n: Lackmann Fleisch- und Feinkostfabrik GmbH, Carl Benz Stra\u00dfe 10, 77731 Willst\u00e4tt, Alemania.  <!--NWT-Text--> <!--NWT-Table--> <!--Bezeichnung-->T\u00e9 negro. . <\/p>\n","protected":false},"excerpt":{"rendered":"<p>T\u00e9 negro. . 100 bolsitas de t\u00e9 de 2 g cada una. Origen: Sri Lanka. Verter siempre con agua hirviendo burbujeante y dejar reposar al menos 3-5 minutos. Solo as\u00ed disfrutar\u00e1 de un alimento seguro.. Almacenar en un lugar fresco y seco. Consumir preferentemente antes del fin de v\u00e9ase en el envase. v\u00e9ase en la [&hellip;]<\/p>\n","protected":false},"featured_media":2832,"template":"","meta":{"inline_featured_image":false},"product_brand":[],"product_cat":[148,147],"product_tag":[],"class_list":{"0":"post-3579","1":"product","2":"type-product","3":"status-publish","4":"has-post-thumbnail","6":"product_cat-chaj","7":"product_cat-chaj-i-kofe","9":"first","10":"instock","11":"shipping-taxable","12":"purchasable","13":"product-type-simple"},"acf":[],"_links":{"self":[{"href":"https:\/\/kalinkamagazin.com\/es\/wp-json\/wp\/v2\/product\/3579","targetHints":{"allow":["GET"]}}],"collection":[{"href":"https:\/\/kalinkamagazin.com\/es\/wp-json\/wp\/v2\/product"}],"about":[{"href":"https:\/\/kalinkamagazin.com\/es\/wp-json\/wp\/v2\/types\/product"}],"wp:featuredmedia":[{"embeddable":true,"href":"https:\/\/kalinkamagazin.com\/es\/wp-json\/wp\/v2\/media\/2832"}],"wp:attachment":[{"href":"https:\/\/kalinkamagazin.com\/es\/wp-json\/wp\/v2\/media?parent=3579"}],"wp:term":[{"taxonomy":"product_brand","embeddable":true,"href":"https:\/\/kalinkamagazin.com\/es\/wp-json\/wp\/v2\/product_brand?post=3579"},{"taxonomy":"product_cat","embeddable":true,"href":"https:\/\/kalinkamagazin.com\/es\/wp-json\/wp\/v2\/product_cat?post=3579"},{"taxonomy":"product_tag","embeddable":true,"href":"https:\/\/kalinkamagazin.com\/es\/wp-json\/wp\/v2\/product_tag?post=3579"}],"curies":[{"name":"wp","href":"https:\/\/api.w.org\/{rel}","templated":true}]}}