{"id":3582,"date":"2026-01-27T20:57:28","date_gmt":"2026-01-27T17:57:28","guid":{"rendered":"https:\/\/kalinkamagazin.com\/product\/8168-t-verde-jasmine-dream-en-bolsitas-individuales-25x2g\/"},"modified":"2026-01-27T20:57:28","modified_gmt":"2026-01-27T17:57:28","slug":"8168-t-verde-jasmine-dream-en-bolsitas-individuales-25x2g","status":"publish","type":"product","link":"https:\/\/kalinkamagazin.com\/es\/product\/8168-t-verde-jasmine-dream-en-bolsitas-individuales-25x2g\/","title":{"rendered":"T\u00e9 verde Jasmine Dream en bolsitas individuales (25x2g)"},"content":{"rendered":"<p>T\u00e9 verde con sabor a jazm\u00edn, aromatizado. . 25 bolsitas de t\u00e9 de 2 g cada una. Ingredientes: t\u00e9 verde, aroma (jazm\u00edn). Almacenar en un lugar fresco y seco. Verter siempre con agua hirviendo burbujeante y dejar reposar al menos 3-5 minutos. Solo as\u00ed disfrutar\u00e1 de un alimento seguro.. Consumir preferentemente antes de: v\u00e9ase en el envase. v\u00e9ase en la base, segunda l\u00ednea. Comercializaci\u00f3n: Lackmann Fleisch- und Feinkostfabrik GmbH, Carl Benz Stra\u00dfe 10, 77731 Willst\u00e4tt, Alemania.  <!--NWT-Text--> <!--NWT-Table--> <!--Bezeichnung-->T\u00e9 verde con sabor a jazm\u00edn, aromatizado. . <\/p>\n","protected":false},"excerpt":{"rendered":"<p>T\u00e9 verde con sabor a jazm\u00edn, aromatizado. . 25 bolsitas de t\u00e9 de 2 g cada una. Ingredientes: t\u00e9 verde, aroma (jazm\u00edn). Almacenar en un lugar fresco y seco. Verter siempre con agua hirviendo burbujeante y dejar reposar al menos 3-5 minutos. Solo as\u00ed disfrutar\u00e1 de un alimento seguro.. Consumir preferentemente antes de: v\u00e9ase en [&hellip;]<\/p>\n","protected":false},"featured_media":2847,"template":"","meta":{"inline_featured_image":false},"product_brand":[],"product_cat":[148,147],"product_tag":[],"class_list":{"0":"post-3582","1":"product","2":"type-product","3":"status-publish","4":"has-post-thumbnail","6":"product_cat-chaj","7":"product_cat-chaj-i-kofe","9":"first","10":"instock","11":"shipping-taxable","12":"purchasable","13":"product-type-simple"},"acf":[],"_links":{"self":[{"href":"https:\/\/kalinkamagazin.com\/es\/wp-json\/wp\/v2\/product\/3582","targetHints":{"allow":["GET"]}}],"collection":[{"href":"https:\/\/kalinkamagazin.com\/es\/wp-json\/wp\/v2\/product"}],"about":[{"href":"https:\/\/kalinkamagazin.com\/es\/wp-json\/wp\/v2\/types\/product"}],"wp:featuredmedia":[{"embeddable":true,"href":"https:\/\/kalinkamagazin.com\/es\/wp-json\/wp\/v2\/media\/2847"}],"wp:attachment":[{"href":"https:\/\/kalinkamagazin.com\/es\/wp-json\/wp\/v2\/media?parent=3582"}],"wp:term":[{"taxonomy":"product_brand","embeddable":true,"href":"https:\/\/kalinkamagazin.com\/es\/wp-json\/wp\/v2\/product_brand?post=3582"},{"taxonomy":"product_cat","embeddable":true,"href":"https:\/\/kalinkamagazin.com\/es\/wp-json\/wp\/v2\/product_cat?post=3582"},{"taxonomy":"product_tag","embeddable":true,"href":"https:\/\/kalinkamagazin.com\/es\/wp-json\/wp\/v2\/product_tag?post=3582"}],"curies":[{"name":"wp","href":"https:\/\/api.w.org\/{rel}","templated":true}]}}