{"id":5039,"date":"2026-01-29T16:28:09","date_gmt":"2026-01-29T13:28:09","guid":{"rendered":"https:\/\/kalinkamagazin.com\/product\/1040-especialidad-de-salchicha-brhwurst-segn-receta-rusa-800-g-es\/"},"modified":"2026-01-29T16:53:36","modified_gmt":"2026-01-29T13:53:36","slug":"1040-especialidad-de-salchicha-brhwurst-segn-receta-rusa-800-g-es","status":"publish","type":"product","link":"https:\/\/kalinkamagazin.com\/es\/product\/1040-especialidad-de-salchicha-brhwurst-segn-receta-rusa-800-g-es\/","title":{"rendered":"Especialidad de salchicha Br\u00fchwurst seg\u00fan receta rusa 800 g"},"content":{"rendered":"<p>Un plato de salchichas hervidas y ahumadas, seg\u00fan una receta rusa. Ingredientes: 70 % de carne de cerdo, agua potable, manteca de cerdo, sal de mesa, extractos de especias, espesante: goma guar, estabilizante: difosfato, especias, potenciador del sabor: glutamato monos\u00f3dico, antioxidantes: \u00e1cido asc\u00f3rbico, dextrosa, colorante: carm\u00edn natural, conservante: nitrito de sodio. Tripa no comestible. <!--NWT-Text-->Valor nutricional por 100 g: Valor energ\u00e9tico: 1312 kJ \/ 318 kcal, Grasas: 30 g, de las cuales saturadas: 13 g, Hidratos de carbono: 1,0 g, de los cuales az\u00facares: <0,5 g, Prote\u00ednas: 10 g, Sal: 2,2 g, <!--NWT-Table--><\/p>\n<table>\n<tbody>\n<tr>\n<td colspan=\"2\">Valor nutricional por 100 g:<\/td>\n<\/tr>\n<tr>\n<td>Valor energ\u00e9tico:<\/td>\n<td align = \"right\">1312 kJ\/318 kcal<\/td>\n<\/tr>\n<tr>\n<td>Grasas:<\/td>\n<td align = \"right\">30 g<\/td>\n<\/tr>\n<tr>\n<td>de las cuales saturadas:<\/td>\n<td align = \"right\">13 g<\/td>\n<\/tr>\n<tr>\n<td>Carbohidratos:<\/td>\n<td align = \"right\">1,0 g<\/td>\n<\/tr>\n<tr>\n<td>- de los cuales az\u00facares:<\/td>\n<td align = \"right\"><0,5 g<\/td>\n<\/tr>\n<tr>\n<td>Prote\u00ednas:<\/td>\n<td align = \"right\">10 g<\/td>\n<\/tr>\n<tr>\n<td>Sal:<\/td>\n<td align = \"right\">2,2 g<\/td>\n<\/tr>\n<\/tbody>\n<\/table>\n<p> <!--Bezeichnung-->Un plato de salchichas hervidas y ahumadas, seg\u00fan una receta rusa.<\/p>\n","protected":false},"excerpt":{"rendered":"<p>Un plato de salchichas hervidas y ahumadas, seg\u00fan una receta rusa. Ingredientes: 70 % de carne de cerdo, agua potable, manteca de cerdo, sal de mesa, extractos de especias, espesante: goma guar, estabilizante: difosfato, especias, potenciador del sabor: glutamato monos\u00f3dico, antioxidantes: \u00e1cido asc\u00f3rbico, dextrosa, colorante: carm\u00edn natural, conservante: nitrito de sodio. Tripa no comestible. Valor [&hellip;]<\/p>\n","protected":false},"featured_media":1018,"template":"","meta":{"inline_featured_image":false},"product_brand":[],"product_cat":[222,223],"product_tag":[],"class_list":{"0":"post-5039","1":"product","2":"type-product","3":"status-publish","4":"has-post-thumbnail","6":"product_cat-carne-y-productos-carnicos","7":"product_cat-embutidos-salchichas","9":"first","10":"instock","11":"shipping-taxable","12":"purchasable","13":"product-type-simple"},"acf":[],"_links":{"self":[{"href":"https:\/\/kalinkamagazin.com\/es\/wp-json\/wp\/v2\/product\/5039","targetHints":{"allow":["GET"]}}],"collection":[{"href":"https:\/\/kalinkamagazin.com\/es\/wp-json\/wp\/v2\/product"}],"about":[{"href":"https:\/\/kalinkamagazin.com\/es\/wp-json\/wp\/v2\/types\/product"}],"wp:featuredmedia":[{"embeddable":true,"href":"https:\/\/kalinkamagazin.com\/es\/wp-json\/wp\/v2\/media\/1018"}],"wp:attachment":[{"href":"https:\/\/kalinkamagazin.com\/es\/wp-json\/wp\/v2\/media?parent=5039"}],"wp:term":[{"taxonomy":"product_brand","embeddable":true,"href":"https:\/\/kalinkamagazin.com\/es\/wp-json\/wp\/v2\/product_brand?post=5039"},{"taxonomy":"product_cat","embeddable":true,"href":"https:\/\/kalinkamagazin.com\/es\/wp-json\/wp\/v2\/product_cat?post=5039"},{"taxonomy":"product_tag","embeddable":true,"href":"https:\/\/kalinkamagazin.com\/es\/wp-json\/wp\/v2\/product_tag?post=5039"}],"curies":[{"name":"wp","href":"https:\/\/api.w.org\/{rel}","templated":true}]}}