{"id":5041,"date":"2026-01-29T16:28:01","date_gmt":"2026-01-29T13:28:01","guid":{"rendered":"https:\/\/kalinkamagazin.com\/product\/1052-mortadela-gruesa-con-trozos-de-jamn-y-leche-entera-en-polvo-segn-receta-rusa-es\/"},"modified":"2026-01-29T16:53:29","modified_gmt":"2026-01-29T13:53:29","slug":"1052-mortadela-gruesa-con-trozos-de-jamn-y-leche-entera-en-polvo-segn-receta-rusa-es","status":"publish","type":"product","link":"https:\/\/kalinkamagazin.com\/es\/product\/1052-mortadela-gruesa-con-trozos-de-jamn-y-leche-entera-en-polvo-segn-receta-rusa-es\/","title":{"rendered":"Mortadela gruesa con trozos de jam\u00f3n y leche entera en polvo seg\u00fan receta rusa"},"content":{"rendered":"<p>Ingredientes: 83 % de carne de cerdo, manteca de cerdo, agua potable, sal de mesa, especias (contienen mostaza), jarabe de glucosa, dextrosa, potenciador del sabor: glutamato monos\u00f3dico, estabilizante: difosfato, antioxidantes: (\u00e1cido asc\u00f3rbico, ascorbato s\u00f3dico), colorante: carm\u00edn natural, acidulante: \u00e1cido c\u00edtrico, extractos de especias, aromas, conservante: nitrito s\u00f3dico, humo. Envoltura no comestible. Envasado en atm\u00f3sfera protectora. <!--NWT-Text-->Valor nutricional por 100 g: Valor energ\u00e9tico: 744 kJ \/ 179 kcal, Grasas: 13 g, de las cuales saturadas: 5,3 g, Hidratos de carbono: <0,5 g, de los cuales az\u00facares: <0,5 g, Prote\u00ednas: 16 g, Sal: 2,0 g, <!--NWT-Table--><\/p>\n<table>\n<tbody>\n<tr>\n<td colspan=\"2\">Valor nutricional por 100 g:<\/td>\n<\/tr>\n<tr>\n<td>Valor energ\u00e9tico:<\/td>\n<td align = \"right\">744 kJ\/179 kcal<\/td>\n<\/tr>\n<tr>\n<td>Grasas:<\/td>\n<td align = \"right\">13 g<\/td>\n<\/tr>\n<tr>\n<td>de las cuales saturadas: \u00c1cidos:<\/td>\n<td align = \"right\">5.3 g<\/td>\n<\/tr>\n<tr>\n<td>Hidratos de carbono:<\/td>\n<td align = \"right\"><0.5 g<\/td>\n<\/tr>\n<tr>\n<td>- de los cuales az\u00facares:<\/td>\n<td align = \"right\"><0.5 g<\/td>\n<\/tr>\n<tr>\n<td>Prote\u00ednas:<\/td>\n<td align = \"right\">16 g<\/td>\n<\/tr>\n<tr>\n<td>Sal:<\/td>\n<td align = \"right\">2.0 g<\/td>\n<\/tr>\n<\/tbody>\n<\/table>\n<p> <!--Bezeichnung--><\/p>\n","protected":false},"excerpt":{"rendered":"<p>Ingredientes: 83 % de carne de cerdo, manteca de cerdo, agua potable, sal de mesa, especias (contienen mostaza), jarabe de glucosa, dextrosa, potenciador del sabor: glutamato monos\u00f3dico, estabilizante: difosfato, antioxidantes: (\u00e1cido asc\u00f3rbico, ascorbato s\u00f3dico), colorante: carm\u00edn natural, acidulante: \u00e1cido c\u00edtrico, extractos de especias, aromas, conservante: nitrito s\u00f3dico, humo. Envoltura no comestible. Envasado en atm\u00f3sfera protectora. [&hellip;]<\/p>\n","protected":false},"featured_media":1024,"template":"","meta":{"inline_featured_image":false},"product_brand":[],"product_cat":[222,223],"product_tag":[],"class_list":{"0":"post-5041","1":"product","2":"type-product","3":"status-publish","4":"has-post-thumbnail","6":"product_cat-carne-y-productos-carnicos","7":"product_cat-embutidos-salchichas","9":"first","10":"instock","11":"shipping-taxable","12":"purchasable","13":"product-type-simple"},"acf":[],"_links":{"self":[{"href":"https:\/\/kalinkamagazin.com\/es\/wp-json\/wp\/v2\/product\/5041","targetHints":{"allow":["GET"]}}],"collection":[{"href":"https:\/\/kalinkamagazin.com\/es\/wp-json\/wp\/v2\/product"}],"about":[{"href":"https:\/\/kalinkamagazin.com\/es\/wp-json\/wp\/v2\/types\/product"}],"wp:featuredmedia":[{"embeddable":true,"href":"https:\/\/kalinkamagazin.com\/es\/wp-json\/wp\/v2\/media\/1024"}],"wp:attachment":[{"href":"https:\/\/kalinkamagazin.com\/es\/wp-json\/wp\/v2\/media?parent=5041"}],"wp:term":[{"taxonomy":"product_brand","embeddable":true,"href":"https:\/\/kalinkamagazin.com\/es\/wp-json\/wp\/v2\/product_brand?post=5041"},{"taxonomy":"product_cat","embeddable":true,"href":"https:\/\/kalinkamagazin.com\/es\/wp-json\/wp\/v2\/product_cat?post=5041"},{"taxonomy":"product_tag","embeddable":true,"href":"https:\/\/kalinkamagazin.com\/es\/wp-json\/wp\/v2\/product_tag?post=5041"}],"curies":[{"name":"wp","href":"https:\/\/api.w.org\/{rel}","templated":true}]}}