{"id":5044,"date":"2026-01-29T16:27:54","date_gmt":"2026-01-29T13:27:54","guid":{"rendered":"https:\/\/kalinkamagazin.com\/product\/1056-salchichas-fleischwurst-con-leche-entera-en-polvo-es\/"},"modified":"2026-01-29T16:53:22","modified_gmt":"2026-01-29T13:53:22","slug":"1056-salchichas-fleischwurst-con-leche-entera-en-polvo-es","status":"publish","type":"product","link":"https:\/\/kalinkamagazin.com\/es\/product\/1056-salchichas-fleischwurst-con-leche-entera-en-polvo-es\/","title":{"rendered":"Salchichas Fleischwurst con leche entera en polvo"},"content":{"rendered":"<p>Salchichas de carne cocida (contiene leche entera en polvo). Ingredientes: 73 % de carne de cerdo, manteca de cerdo, agua potable, sal de mesa, 1 % de leche entera en polvo, especias, dextrosa, potenciador del sabor: glutamato monos\u00f3dico, estabilizante: difosfato, antioxidantes: \u00e1cido asc\u00f3rbico, jarabe de almid\u00f3n, especias, colorante: carm\u00edn natural, aromas, conservante: nitrito de sodio, humo. Tripa no comestible. Envasado en atm\u00f3sfera protectora. <!--NWT-Text-->Valor nutricional por 100 g: Valor energ\u00e9tico: 1068 kJ \/ 258 kcal, Grasas: 23 g, de las cuales saturadas: 9,5 g, Hidratos de carbono: 1,0 g, de los cuales az\u00facares: 0,7 g, Prote\u00ednas: 12 g, Sal: 1,7 g, <!--NWT-Table--><\/p>\n<table>\n<tbody>\n<tr>\n<td colspan=\"2\">Valor nutricional por 100 g:<\/td>\n<\/tr>\n<tr>\n<td>Valor energ\u00e9tico:<\/td>\n<td align = \"right\">1068 kJ\/258 kcal<\/td>\n<\/tr>\n<tr>\n<td>Grasas:<\/td>\n<td align = \"right\">23 g<\/td>\n<\/tr>\n<tr>\n<td>de las cuales saturadas:<\/td>\n<td align = \"right\">9,5 g<\/td>\n<\/tr>\n<tr>\n<td>Hidratos de carbono:<\/td>\n<td align = \"right\">1,0 g<\/td>\n<\/tr>\n<tr>\n<td>- de los cuales az\u00facares:<\/td>\n<td align = \"right\">0,7 g<\/td>\n<\/tr>\n<tr>\n<td>Prote\u00ednas:<\/td>\n<td align = \"right\">12 g<\/td>\n<\/tr>\n<tr>\n<td>Sal:<\/td>\n<td align = \"right\">1,7 g<\/td>\n<\/tr>\n<\/tbody>\n<\/table>\n<p> <!--Bezeichnung-->Embutidos a base de carne hervida (contiene leche entera en polvo).<\/p>\n","protected":false},"excerpt":{"rendered":"<p>Salchichas de carne cocida (contiene leche entera en polvo). Ingredientes: 73 % de carne de cerdo, manteca de cerdo, agua potable, sal de mesa, 1 % de leche entera en polvo, especias, dextrosa, potenciador del sabor: glutamato monos\u00f3dico, estabilizante: difosfato, antioxidantes: \u00e1cido asc\u00f3rbico, jarabe de almid\u00f3n, especias, colorante: carm\u00edn natural, aromas, conservante: nitrito de sodio, [&hellip;]<\/p>\n","protected":false},"featured_media":1033,"template":"","meta":{"inline_featured_image":false},"product_brand":[],"product_cat":[222,223],"product_tag":[],"class_list":{"0":"post-5044","1":"product","2":"type-product","3":"status-publish","4":"has-post-thumbnail","6":"product_cat-carne-y-productos-carnicos","7":"product_cat-embutidos-salchichas","9":"first","10":"instock","11":"shipping-taxable","12":"purchasable","13":"product-type-simple"},"acf":[],"_links":{"self":[{"href":"https:\/\/kalinkamagazin.com\/es\/wp-json\/wp\/v2\/product\/5044","targetHints":{"allow":["GET"]}}],"collection":[{"href":"https:\/\/kalinkamagazin.com\/es\/wp-json\/wp\/v2\/product"}],"about":[{"href":"https:\/\/kalinkamagazin.com\/es\/wp-json\/wp\/v2\/types\/product"}],"wp:featuredmedia":[{"embeddable":true,"href":"https:\/\/kalinkamagazin.com\/es\/wp-json\/wp\/v2\/media\/1033"}],"wp:attachment":[{"href":"https:\/\/kalinkamagazin.com\/es\/wp-json\/wp\/v2\/media?parent=5044"}],"wp:term":[{"taxonomy":"product_brand","embeddable":true,"href":"https:\/\/kalinkamagazin.com\/es\/wp-json\/wp\/v2\/product_brand?post=5044"},{"taxonomy":"product_cat","embeddable":true,"href":"https:\/\/kalinkamagazin.com\/es\/wp-json\/wp\/v2\/product_cat?post=5044"},{"taxonomy":"product_tag","embeddable":true,"href":"https:\/\/kalinkamagazin.com\/es\/wp-json\/wp\/v2\/product_tag?post=5044"}],"curies":[{"name":"wp","href":"https:\/\/api.w.org\/{rel}","templated":true}]}}