{"id":5046,"date":"2026-01-29T16:27:46","date_gmt":"2026-01-29T13:27:46","guid":{"rendered":"https:\/\/kalinkamagazin.com\/product\/1058-especialidad-de-salchicha-brhwurst-con-trozos-de-tocino-segn-receta-rusa-es\/"},"modified":"2026-01-29T16:53:14","modified_gmt":"2026-01-29T13:53:14","slug":"1058-especialidad-de-salchicha-brhwurst-con-trozos-de-tocino-segn-receta-rusa-es","status":"publish","type":"product","link":"https:\/\/kalinkamagazin.com\/es\/product\/1058-especialidad-de-salchicha-brhwurst-con-trozos-de-tocino-segn-receta-rusa-es\/","title":{"rendered":"Especialidad de salchicha Br\u00fchwurst con trozos de tocino seg\u00fan receta rusa"},"content":{"rendered":"<p>Plato de salchichas hervidas y ahumadas con manteca de cerdo, seg\u00fan una receta rusa. Ingredientes: 74 % de carne de cerdo, 10 % de manteca de cerdo, agua potable, sal, especias, dextrosa, estabilizante: difosfato, espesante: goma guar, potenciador del sabor: glutamato monos\u00f3dico, antioxidantes: \u00e1cido asc\u00f3rbico, colorante: carm\u00edn natural, extractos de especias, conservante: nitrito de sodio, tripa de cerdo, humo. Envasado en atm\u00f3sfera protectora. <!--NWT-Text-->Valor nutricional por 100 g: Valor energ\u00e9tico: 1397 kJ \/ 338 kcal, Grasas: 32 g, de las cuales saturadas: 13 g, Hidratos de carbono: 1,0 g, de los cuales az\u00facares: 0,7 g, Prote\u00ednas: 12 g, Sal: 1,6 g, <!--NWT-Table--><\/p>\n<table>\n<tbody>\n<tr>\n<td colspan=\"2\">Valor nutricional por 100 g:<\/td>\n<\/tr>\n<tr>\n<td>Valor energ\u00e9tico:<\/td>\n<td align = \"right\">1397 kJ\/338 kcal<\/td>\n<\/tr>\n<tr>\n<td>Grasas:<\/td>\n<td align = \"right\">32 g<\/td>\n<\/tr>\n<tr>\n<td>de las cuales saturadas:<\/td>\n<td align = \"right\">13 g<\/td>\n<\/tr>\n<tr>\n<td>Hidratos de carbono:<\/td>\n<td align = \"right\">1,0 g<\/td>\n<\/tr>\n<tr>\n<td>- de los cuales az\u00facares:<\/td>\n<td align = \"right\">0,7 g<\/td>\n<\/tr>\n<tr>\n<td>Prote\u00ednas:<\/td>\n<td align = \"right\">12 g<\/td>\n<\/tr>\n<tr>\n<td>Sal:<\/td>\n<td align = \"right\">1,6 g<\/td>\n<\/tr>\n<\/tbody>\n<\/table>\n<p> <!--Bezeichnung-->Un plato de salchichas hervidas y ahumadas con manteca de cerdo, seg\u00fan una receta rusa.<\/p>\n","protected":false},"excerpt":{"rendered":"<p>Plato de salchichas hervidas y ahumadas con manteca de cerdo, seg\u00fan una receta rusa. Ingredientes: 74 % de carne de cerdo, 10 % de manteca de cerdo, agua potable, sal, especias, dextrosa, estabilizante: difosfato, espesante: goma guar, potenciador del sabor: glutamato monos\u00f3dico, antioxidantes: \u00e1cido asc\u00f3rbico, colorante: carm\u00edn natural, extractos de especias, conservante: nitrito de sodio, [&hellip;]<\/p>\n","protected":false},"featured_media":1040,"template":"","meta":{"inline_featured_image":false},"product_brand":[],"product_cat":[222,223],"product_tag":[],"class_list":{"0":"post-5046","1":"product","2":"type-product","3":"status-publish","4":"has-post-thumbnail","6":"product_cat-carne-y-productos-carnicos","7":"product_cat-embutidos-salchichas","9":"first","10":"instock","11":"shipping-taxable","12":"purchasable","13":"product-type-simple"},"acf":[],"_links":{"self":[{"href":"https:\/\/kalinkamagazin.com\/es\/wp-json\/wp\/v2\/product\/5046","targetHints":{"allow":["GET"]}}],"collection":[{"href":"https:\/\/kalinkamagazin.com\/es\/wp-json\/wp\/v2\/product"}],"about":[{"href":"https:\/\/kalinkamagazin.com\/es\/wp-json\/wp\/v2\/types\/product"}],"wp:featuredmedia":[{"embeddable":true,"href":"https:\/\/kalinkamagazin.com\/es\/wp-json\/wp\/v2\/media\/1040"}],"wp:attachment":[{"href":"https:\/\/kalinkamagazin.com\/es\/wp-json\/wp\/v2\/media?parent=5046"}],"wp:term":[{"taxonomy":"product_brand","embeddable":true,"href":"https:\/\/kalinkamagazin.com\/es\/wp-json\/wp\/v2\/product_brand?post=5046"},{"taxonomy":"product_cat","embeddable":true,"href":"https:\/\/kalinkamagazin.com\/es\/wp-json\/wp\/v2\/product_cat?post=5046"},{"taxonomy":"product_tag","embeddable":true,"href":"https:\/\/kalinkamagazin.com\/es\/wp-json\/wp\/v2\/product_tag?post=5046"}],"curies":[{"name":"wp","href":"https:\/\/api.w.org\/{rel}","templated":true}]}}