{"id":5048,"date":"2026-01-29T16:27:39","date_gmt":"2026-01-29T13:27:39","guid":{"rendered":"https:\/\/kalinkamagazin.com\/product\/1060-tipo-salchicha-de-cracovia-segn-receta-rusa-es\/"},"modified":"2026-01-29T16:53:08","modified_gmt":"2026-01-29T13:53:08","slug":"1060-tipo-salchicha-de-cracovia-segn-receta-rusa-es","status":"publish","type":"product","link":"https:\/\/kalinkamagazin.com\/es\/product\/1060-tipo-salchicha-de-cracovia-segn-receta-rusa-es\/","title":{"rendered":"Tipo salchicha de Cracovia seg\u00fan receta rusa"},"content":{"rendered":"<p>Salchicha estilo Cracovia, receta rusa. Ingredientes: Carne de cerdo y ternera (90%), manteca de cerdo, agua potable, sal, especias, dextrosa, potenciador del sabor: E621, estabilizante: E450, aromas, antioxidantes: \u00e1cido asc\u00f3rbico, acidulante: E330, colorante: carm\u00edn natural, extractos de especias, conservante: nitrito de sodio, humo. Tripa no comestible. Envasado en atm\u00f3sfera protectora. <!--NWT-Text-->Valor nutricional por 100 g: Valor energ\u00e9tico: 1057 kJ \/ 255 kcal, Grasas: 21 g, de las cuales saturadas: 8,7 g, Hidratos de carbono: 1,0 g, de los cuales az\u00facares: <0,5 g, Prote\u00ednas: 16 g, Sal: 2,2 g, <!--NWT-Table--><\/p>\n<table>\n<tbody>\n<tr>\n<td colspan=\"2\">Valor nutricional por 100 g:<\/td>\n<\/tr>\n<tr>\n<td>Valor energ\u00e9tico:<\/td>\n<td align = \"right\">1057 kJ\/255 kcal<\/td>\n<\/tr>\n<tr>\n<td>Grasas:<\/td>\n<td align = \"right\">21 g<\/td>\n<\/tr>\n<tr>\n<td>de las cuales saturadas:<\/td>\n<td align = \"right\">8,7 g<\/td>\n<\/tr>\n<tr>\n<td>Hidratos de carbono:<\/td>\n<td align = \"right\">1,0 g<\/td>\n<\/tr>\n<tr>\n<td>- de los cuales az\u00facares:<\/td>\n<td align = \"right\"><0,5 g<\/td>\n<\/tr>\n<tr>\n<td>Prote\u00ednas:<\/td>\n<td align = \"right\">16 g<\/td>\n<\/tr>\n<tr>\n<td>Sal:<\/td>\n<td align = \"right\">2,2 g<\/td>\n<\/tr>\n<\/tbody>\n<\/table>\n<p> <!--Bezeichnung-->Salchicha al estilo de Cracovia, seg\u00fan una receta rusa.<\/p>\n","protected":false},"excerpt":{"rendered":"<p>Salchicha estilo Cracovia, receta rusa. Ingredientes: Carne de cerdo y ternera (90%), manteca de cerdo, agua potable, sal, especias, dextrosa, potenciador del sabor: E621, estabilizante: E450, aromas, antioxidantes: \u00e1cido asc\u00f3rbico, acidulante: E330, colorante: carm\u00edn natural, extractos de especias, conservante: nitrito de sodio, humo. Tripa no comestible. Envasado en atm\u00f3sfera protectora. Valor nutricional por 100 g: [&hellip;]<\/p>\n","protected":false},"featured_media":1046,"template":"","meta":{"inline_featured_image":false},"product_brand":[],"product_cat":[222,223],"product_tag":[],"class_list":{"0":"post-5048","1":"product","2":"type-product","3":"status-publish","4":"has-post-thumbnail","6":"product_cat-carne-y-productos-carnicos","7":"product_cat-embutidos-salchichas","9":"first","10":"instock","11":"shipping-taxable","12":"purchasable","13":"product-type-simple"},"acf":[],"_links":{"self":[{"href":"https:\/\/kalinkamagazin.com\/es\/wp-json\/wp\/v2\/product\/5048","targetHints":{"allow":["GET"]}}],"collection":[{"href":"https:\/\/kalinkamagazin.com\/es\/wp-json\/wp\/v2\/product"}],"about":[{"href":"https:\/\/kalinkamagazin.com\/es\/wp-json\/wp\/v2\/types\/product"}],"wp:featuredmedia":[{"embeddable":true,"href":"https:\/\/kalinkamagazin.com\/es\/wp-json\/wp\/v2\/media\/1046"}],"wp:attachment":[{"href":"https:\/\/kalinkamagazin.com\/es\/wp-json\/wp\/v2\/media?parent=5048"}],"wp:term":[{"taxonomy":"product_brand","embeddable":true,"href":"https:\/\/kalinkamagazin.com\/es\/wp-json\/wp\/v2\/product_brand?post=5048"},{"taxonomy":"product_cat","embeddable":true,"href":"https:\/\/kalinkamagazin.com\/es\/wp-json\/wp\/v2\/product_cat?post=5048"},{"taxonomy":"product_tag","embeddable":true,"href":"https:\/\/kalinkamagazin.com\/es\/wp-json\/wp\/v2\/product_tag?post=5048"}],"curies":[{"name":"wp","href":"https:\/\/api.w.org\/{rel}","templated":true}]}}