{"id":5049,"date":"2026-01-29T16:27:35","date_gmt":"2026-01-29T13:27:35","guid":{"rendered":"https:\/\/kalinkamagazin.com\/product\/1061-tipo-salchicha-de-cracovia-ahumada-negra-es\/"},"modified":"2026-01-29T16:53:03","modified_gmt":"2026-01-29T13:53:03","slug":"1061-tipo-salchicha-de-cracovia-ahumada-negra-es","status":"publish","type":"product","link":"https:\/\/kalinkamagazin.com\/es\/product\/1061-tipo-salchicha-de-cracovia-ahumada-negra-es\/","title":{"rendered":"Tipo salchicha de Cracovia ahumada negra"},"content":{"rendered":"<p>Ingredientes: 85 % de carne de cerdo, manteca de cerdo, agua potable, sal de mesa, especias, dextrosa, jarabe de glucosa deshidratado, estabilizante: difosfato, antioxidantes: (\u00e1cido asc\u00f3rbico, ascorbato s\u00f3dico), potenciador del sabor: glutamato monos\u00f3dico, colorante: (carm\u00edn natural, E150c), extractos de especias, aromatizante, conservante: nitrito s\u00f3dico, tripa de cerdo, humo. Envasado en atm\u00f3sfera protectora. <!--NWT-Text-->Valor nutricional por 100 g: Valor energ\u00e9tico: 812 kJ \/ 195 kcal, Grasas: 14 g, de las cuales saturadas: 6,0 g, Hidratos de carbono: <0,5 g, de los cuales az\u00facares: <0,5 g, Prote\u00ednas: 16 g, Sal: 2,2 g, <!--NWT-Table--><\/p>\n<table>\n<tbody>\n<tr>\n<td colspan=\"2\">Valor nutricional por 100 g:<\/td>\n<\/tr>\n<tr>\n<td>Valor energ\u00e9tico:<\/td>\n<td align = \"right\">812 kJ\/195 kcal<\/td>\n<\/tr>\n<tr>\n<td>Grasas:<\/td>\n<td align = \"right\">14 g<\/td>\n<\/tr>\n<tr>\n<td>de las cuales saturadas: \u00c1cidos:<\/td>\n<td align = \"right\">6,0 g<\/td>\n<\/tr>\n<tr>\n<td>Hidratos de carbono:<\/td>\n<td align = \"right\"><0,5 g<\/td>\n<\/tr>\n<tr>\n<td>- de los cuales az\u00facares:<\/td>\n<td align = \"right\"><0,5 g<\/td>\n<\/tr>\n<tr>\n<td>Prote\u00ednas:<\/td>\n<td align = \"right\">16 g<\/td>\n<\/tr>\n<tr>\n<td>Sal:<\/td>\n<td align = \"right\">2,2 g<\/td>\n<\/tr>\n<\/tbody>\n<\/table>\n<p> <!--Bezeichnung--><\/p>\n","protected":false},"excerpt":{"rendered":"<p>Ingredientes: 85 % de carne de cerdo, manteca de cerdo, agua potable, sal de mesa, especias, dextrosa, jarabe de glucosa deshidratado, estabilizante: difosfato, antioxidantes: (\u00e1cido asc\u00f3rbico, ascorbato s\u00f3dico), potenciador del sabor: glutamato monos\u00f3dico, colorante: (carm\u00edn natural, E150c), extractos de especias, aromatizante, conservante: nitrito s\u00f3dico, tripa de cerdo, humo. Envasado en atm\u00f3sfera protectora. Valor nutricional por [&hellip;]<\/p>\n","protected":false},"featured_media":1048,"template":"","meta":{"inline_featured_image":false},"product_brand":[],"product_cat":[222,223],"product_tag":[],"class_list":{"0":"post-5049","1":"product","2":"type-product","3":"status-publish","4":"has-post-thumbnail","6":"product_cat-carne-y-productos-carnicos","7":"product_cat-embutidos-salchichas","9":"first","10":"instock","11":"shipping-taxable","12":"purchasable","13":"product-type-simple"},"acf":[],"_links":{"self":[{"href":"https:\/\/kalinkamagazin.com\/es\/wp-json\/wp\/v2\/product\/5049","targetHints":{"allow":["GET"]}}],"collection":[{"href":"https:\/\/kalinkamagazin.com\/es\/wp-json\/wp\/v2\/product"}],"about":[{"href":"https:\/\/kalinkamagazin.com\/es\/wp-json\/wp\/v2\/types\/product"}],"wp:featuredmedia":[{"embeddable":true,"href":"https:\/\/kalinkamagazin.com\/es\/wp-json\/wp\/v2\/media\/1048"}],"wp:attachment":[{"href":"https:\/\/kalinkamagazin.com\/es\/wp-json\/wp\/v2\/media?parent=5049"}],"wp:term":[{"taxonomy":"product_brand","embeddable":true,"href":"https:\/\/kalinkamagazin.com\/es\/wp-json\/wp\/v2\/product_brand?post=5049"},{"taxonomy":"product_cat","embeddable":true,"href":"https:\/\/kalinkamagazin.com\/es\/wp-json\/wp\/v2\/product_cat?post=5049"},{"taxonomy":"product_tag","embeddable":true,"href":"https:\/\/kalinkamagazin.com\/es\/wp-json\/wp\/v2\/product_tag?post=5049"}],"curies":[{"name":"wp","href":"https:\/\/api.w.org\/{rel}","templated":true}]}}