{"id":5050,"date":"2026-01-29T13:05:00","date_gmt":"2026-01-29T10:05:00","guid":{"rendered":"https:\/\/kalinkamagazin.com\/product\/1064-tipo-salchicha-de-cracovia-con-trozos-de-jamn-es\/"},"modified":"2026-01-29T13:14:07","modified_gmt":"2026-01-29T10:14:07","slug":"1064-tipo-salchicha-de-cracovia-con-trozos-de-jamn-es","status":"publish","type":"product","link":"https:\/\/kalinkamagazin.com\/es\/product\/1064-tipo-salchicha-de-cracovia-con-trozos-de-jamn-es\/","title":{"rendered":"Tipo salchicha de Cracovia con trozos de jam\u00f3n"},"content":{"rendered":"<p>Ingredientes: 90 % de carne de cerdo, manteca de cerdo, agua potable, sal de mesa, especias, dextrosa, jarabe de glucosa deshidratado, estabilizador: trifosfato, potenciador del sabor: glutamato monos\u00f3dico, antioxidantes: ascorbato s\u00f3dico, extractos de especias, aromas, conservante: nitrito s\u00f3dico, humo. Tripa no comestible. <!--NWT-Text-->Valor nutricional por 100 g: Valor energ\u00e9tico: 786 kJ \/ 189 kcal, Grasas: 13 g, de las cuales saturadas: 5,6 g, Hidratos de carbono: 1,0 g, de los cuales az\u00facares: <0,5 g, Prote\u00ednas: 16 g, Sal: 2,2 g, <!--NWT-Table--><\/p>\n<table>\n<tbody>\n<tr>\n<td colspan=\"2\">Valor nutricional por 100 g:<\/td>\n<\/tr>\n<tr>\n<td>Valor energ\u00e9tico:<\/td>\n<td align = \"right\">786 kJ\/189 kcal<\/td>\n<\/tr>\n<tr>\n<td>Grasas:<\/td>\n<td align = \"right\">13 g<\/td>\n<\/tr>\n<tr>\n<td>de las cuales saturadas: \u00c1cidos:<\/td>\n<td align = \"right\">5,6 g<\/td>\n<\/tr>\n<tr>\n<td>Hidratos de carbono:<\/td>\n<td align = \"right\">1,0 g<\/td>\n<\/tr>\n<tr>\n<td>- de los cuales az\u00facares:<\/td>\n<td align = \"right\"><0,5 g<\/td>\n<\/tr>\n<tr>\n<td>Prote\u00ednas:<\/td>\n<td align = \"right\">16 g<\/td>\n<\/tr>\n<tr>\n<td>Sal:<\/td>\n<td align = \"right\">2,2 g<\/td>\n<\/tr>\n<\/tbody>\n<\/table>\n<p> <!--Bezeichnung--><\/p>\n","protected":false},"excerpt":{"rendered":"<p>Ingredientes: 90 % de carne de cerdo, manteca de cerdo, agua potable, sal de mesa, especias, dextrosa, jarabe de glucosa deshidratado, estabilizador: trifosfato, potenciador del sabor: glutamato monos\u00f3dico, antioxidantes: ascorbato s\u00f3dico, extractos de especias, aromas, conservante: nitrito s\u00f3dico, humo. Tripa no comestible. Valor nutricional por 100 g: Valor energ\u00e9tico: 786 kJ \/ 189 kcal, Grasas: [&hellip;]<\/p>\n","protected":false},"featured_media":1052,"template":"","meta":{"inline_featured_image":false},"product_brand":[],"product_cat":[222,223],"product_tag":[],"class_list":{"0":"post-5050","1":"product","2":"type-product","3":"status-publish","4":"has-post-thumbnail","6":"product_cat-carne-y-productos-carnicos","7":"product_cat-embutidos-salchichas","9":"first","10":"instock","11":"shipping-taxable","12":"purchasable","13":"product-type-simple"},"acf":[],"_links":{"self":[{"href":"https:\/\/kalinkamagazin.com\/es\/wp-json\/wp\/v2\/product\/5050","targetHints":{"allow":["GET"]}}],"collection":[{"href":"https:\/\/kalinkamagazin.com\/es\/wp-json\/wp\/v2\/product"}],"about":[{"href":"https:\/\/kalinkamagazin.com\/es\/wp-json\/wp\/v2\/types\/product"}],"wp:featuredmedia":[{"embeddable":true,"href":"https:\/\/kalinkamagazin.com\/es\/wp-json\/wp\/v2\/media\/1052"}],"wp:attachment":[{"href":"https:\/\/kalinkamagazin.com\/es\/wp-json\/wp\/v2\/media?parent=5050"}],"wp:term":[{"taxonomy":"product_brand","embeddable":true,"href":"https:\/\/kalinkamagazin.com\/es\/wp-json\/wp\/v2\/product_brand?post=5050"},{"taxonomy":"product_cat","embeddable":true,"href":"https:\/\/kalinkamagazin.com\/es\/wp-json\/wp\/v2\/product_cat?post=5050"},{"taxonomy":"product_tag","embeddable":true,"href":"https:\/\/kalinkamagazin.com\/es\/wp-json\/wp\/v2\/product_tag?post=5050"}],"curies":[{"name":"wp","href":"https:\/\/api.w.org\/{rel}","templated":true}]}}