{"id":5051,"date":"2026-01-29T16:27:32","date_gmt":"2026-01-29T13:27:32","guid":{"rendered":"https:\/\/kalinkamagazin.com\/product\/1065-salchicha-jgerwurst-salchicha-de-cracovia-escaldado-es\/"},"modified":"2026-01-29T16:53:00","modified_gmt":"2026-01-29T13:53:00","slug":"1065-salchicha-jgerwurst-salchicha-de-cracovia-escaldado-es","status":"publish","type":"product","link":"https:\/\/kalinkamagazin.com\/es\/product\/1065-salchicha-jgerwurst-salchicha-de-cracovia-escaldado-es\/","title":{"rendered":"salchicha J\u00e4gerwurst (salchicha de Cracovia escaldado)"},"content":{"rendered":"<p>Salchicha de caza (escaldada de Cracovia). 100 g de producto se elaboran con 115 g de carne de cerdo y ternera. Ingredientes: cerdo, ternera, manteca de cerdo, sal, especias, dextrosa, potenciador del sabor: E621, estabilizante: difosfato, antioxidantes: \u00e1cido asc\u00f3rbico, acidulante: E330, colorante: carm\u00edn natural, caldo granulado (especias, aceite de colza), extractos de especias, aromas, conservante: nitrito de sodio, tripa de col\u00e1geno bovino (colorantes: E150a, E160b), ahumado. Envasado en atm\u00f3sfera protectora. <!--NWT-Text-->Valor nutricional por 100 g: Valor energ\u00e9tico: 1437 kJ \/ 347 kcal, Grasas: 30 g, de las cuales saturadas: 12 g, Hidratos de carbono: 1,0 g, de los cuales az\u00facares: <0,5 g, Prote\u00ednas: 19 g, Sal: 2,2 g, <!--NWT-Table--><\/p>\n<table>\n<tbody>\n<tr>\n<td colspan=\"2\">Valor nutricional por 100 g:<\/td>\n<\/tr>\n<tr>\n<td>Valor energ\u00e9tico:<\/td>\n<td align = \"right\">1437 kJ\/347 kcal<\/td>\n<\/tr>\n<tr>\n<td>Grasas:<\/td>\n<td align = \"right\">30 g<\/td>\n<\/tr>\n<tr>\n<td>de las cuales saturadas:<\/td>\n<td align = \"right\">12 g<\/td>\n<\/tr>\n<tr>\n<td>Hidratos de carbono:<\/td>\n<td align = \"right\">1,0 g<\/td>\n<\/tr>\n<tr>\n<td>- de los cuales az\u00facares:<\/td>\n<td align = \"right\"><0,5 g<\/td>\n<\/tr>\n<tr>\n<td>Prote\u00ednas:<\/td>\n<td align = \"right\">19 g<\/td>\n<\/tr>\n<tr>\n<td>Sal:<\/td>\n<td align = \"right\">2,2 g<\/td>\n<\/tr>\n<\/tbody>\n<\/table>\n<p> <!--Bezeichnung-->salchicha de cazador (escaldada en Cracovia).<\/p>\n","protected":false},"excerpt":{"rendered":"<p>Salchicha de caza (escaldada de Cracovia). 100 g de producto se elaboran con 115 g de carne de cerdo y ternera. Ingredientes: cerdo, ternera, manteca de cerdo, sal, especias, dextrosa, potenciador del sabor: E621, estabilizante: difosfato, antioxidantes: \u00e1cido asc\u00f3rbico, acidulante: E330, colorante: carm\u00edn natural, caldo granulado (especias, aceite de colza), extractos de especias, aromas, conservante: [&hellip;]<\/p>\n","protected":false},"featured_media":1054,"template":"","meta":{"inline_featured_image":false},"product_brand":[],"product_cat":[222,223],"product_tag":[],"class_list":{"0":"post-5051","1":"product","2":"type-product","3":"status-publish","4":"has-post-thumbnail","6":"product_cat-carne-y-productos-carnicos","7":"product_cat-embutidos-salchichas","9":"first","10":"instock","11":"shipping-taxable","12":"purchasable","13":"product-type-simple"},"acf":[],"_links":{"self":[{"href":"https:\/\/kalinkamagazin.com\/es\/wp-json\/wp\/v2\/product\/5051","targetHints":{"allow":["GET"]}}],"collection":[{"href":"https:\/\/kalinkamagazin.com\/es\/wp-json\/wp\/v2\/product"}],"about":[{"href":"https:\/\/kalinkamagazin.com\/es\/wp-json\/wp\/v2\/types\/product"}],"wp:featuredmedia":[{"embeddable":true,"href":"https:\/\/kalinkamagazin.com\/es\/wp-json\/wp\/v2\/media\/1054"}],"wp:attachment":[{"href":"https:\/\/kalinkamagazin.com\/es\/wp-json\/wp\/v2\/media?parent=5051"}],"wp:term":[{"taxonomy":"product_brand","embeddable":true,"href":"https:\/\/kalinkamagazin.com\/es\/wp-json\/wp\/v2\/product_brand?post=5051"},{"taxonomy":"product_cat","embeddable":true,"href":"https:\/\/kalinkamagazin.com\/es\/wp-json\/wp\/v2\/product_cat?post=5051"},{"taxonomy":"product_tag","embeddable":true,"href":"https:\/\/kalinkamagazin.com\/es\/wp-json\/wp\/v2\/product_tag?post=5051"}],"curies":[{"name":"wp","href":"https:\/\/api.w.org\/{rel}","templated":true}]}}