{"id":5052,"date":"2026-01-29T16:27:28","date_gmt":"2026-01-29T13:27:28","guid":{"rendered":"https:\/\/kalinkamagazin.com\/product\/1067-salami-cocido-en-caliente-mosc-cerdo-y-ternera-es\/"},"modified":"2026-01-29T16:52:56","modified_gmt":"2026-01-29T13:52:56","slug":"1067-salami-cocido-en-caliente-mosc-cerdo-y-ternera-es","status":"publish","type":"product","link":"https:\/\/kalinkamagazin.com\/es\/product\/1067-salami-cocido-en-caliente-mosc-cerdo-y-ternera-es\/","title":{"rendered":"Salami cocido en caliente Mosc\u00fa (cerdo y ternera)"},"content":{"rendered":"<p>Salchicha de salami, bien calentada. Ingredientes: 95% de carne de cerdo y res, manteca de cerdo, sal, especias, dextrosa, jarabe de glucosa, potenciador del sabor: glutamato monos\u00f3dico, estabilizante: difosfato, antioxidantes: \u00e1cido asc\u00f3rbico, especias, acidulante: \u00e1cido c\u00edtrico, colorante: carm\u00edn natural, extractos de especias, aromas, conservante: nitrito de sodio, humo. Tripa no comestible. <!--NWT-Text-->Valor nutricional por 100 g: Valor energ\u00e9tico: 1126 kJ \/ 271 kcal, Grasas: 22 g, de las cuales saturadas: 9,1 g, Hidratos de carbono: 1,0 g, de los cuales az\u00facares: <0,5 g, Prote\u00ednas: 18 g, Sal: 3,4 g, <!--NWT-Table--><\/p>\n<table>\n<tbody>\n<tr>\n<td colspan=\"2\">Valor nutricional por 100 g:<\/td>\n<\/tr>\n<tr>\n<td>Valor energ\u00e9tico:<\/td>\n<td align = \"right\">1126 kJ\/271 kcal<\/td>\n<\/tr>\n<tr>\n<td>Grasas:<\/td>\n<td align = \"right\">22 g<\/td>\n<\/tr>\n<tr>\n<td>de las cuales saturadas:<\/td>\n<td align = \"right\">9,1 g<\/td>\n<\/tr>\n<tr>\n<td>Hidratos de carbono:<\/td>\n<td align = \"right\">1,0 g<\/td>\n<\/tr>\n<tr>\n<td>- de los cuales az\u00facares:<\/td>\n<td align = \"right\"><0,5 g<\/td>\n<\/tr>\n<tr>\n<td>Prote\u00ednas:<\/td>\n<td align = \"right\">18 g<\/td>\n<\/tr>\n<tr>\n<td>Sal:<\/td>\n<td align = \"right\">3,4 g<\/td>\n<\/tr>\n<\/tbody>\n<\/table>\n<p> <!--Bezeichnung-->Salchicha de salami, bien calentada.<\/p>\n","protected":false},"excerpt":{"rendered":"<p>Salchicha de salami, bien calentada. Ingredientes: 95% de carne de cerdo y res, manteca de cerdo, sal, especias, dextrosa, jarabe de glucosa, potenciador del sabor: glutamato monos\u00f3dico, estabilizante: difosfato, antioxidantes: \u00e1cido asc\u00f3rbico, especias, acidulante: \u00e1cido c\u00edtrico, colorante: carm\u00edn natural, extractos de especias, aromas, conservante: nitrito de sodio, humo. Tripa no comestible. Valor nutricional por 100 [&hellip;]<\/p>\n","protected":false},"featured_media":1057,"template":"","meta":{"inline_featured_image":false},"product_brand":[],"product_cat":[222,223],"product_tag":[],"class_list":{"0":"post-5052","1":"product","2":"type-product","3":"status-publish","4":"has-post-thumbnail","6":"product_cat-carne-y-productos-carnicos","7":"product_cat-embutidos-salchichas","9":"first","10":"instock","11":"shipping-taxable","12":"purchasable","13":"product-type-simple"},"acf":[],"_links":{"self":[{"href":"https:\/\/kalinkamagazin.com\/es\/wp-json\/wp\/v2\/product\/5052","targetHints":{"allow":["GET"]}}],"collection":[{"href":"https:\/\/kalinkamagazin.com\/es\/wp-json\/wp\/v2\/product"}],"about":[{"href":"https:\/\/kalinkamagazin.com\/es\/wp-json\/wp\/v2\/types\/product"}],"wp:featuredmedia":[{"embeddable":true,"href":"https:\/\/kalinkamagazin.com\/es\/wp-json\/wp\/v2\/media\/1057"}],"wp:attachment":[{"href":"https:\/\/kalinkamagazin.com\/es\/wp-json\/wp\/v2\/media?parent=5052"}],"wp:term":[{"taxonomy":"product_brand","embeddable":true,"href":"https:\/\/kalinkamagazin.com\/es\/wp-json\/wp\/v2\/product_brand?post=5052"},{"taxonomy":"product_cat","embeddable":true,"href":"https:\/\/kalinkamagazin.com\/es\/wp-json\/wp\/v2\/product_cat?post=5052"},{"taxonomy":"product_tag","embeddable":true,"href":"https:\/\/kalinkamagazin.com\/es\/wp-json\/wp\/v2\/product_tag?post=5052"}],"curies":[{"name":"wp","href":"https:\/\/api.w.org\/{rel}","templated":true}]}}