{"id":5054,"date":"2026-01-29T16:27:21","date_gmt":"2026-01-29T13:27:21","guid":{"rendered":"https:\/\/kalinkamagazin.com\/product\/1070-salami-cocido-con-carne-de-ternera-y-pollo-es\/"},"modified":"2026-01-29T16:52:48","modified_gmt":"2026-01-29T13:52:48","slug":"1070-salami-cocido-con-carne-de-ternera-y-pollo-es","status":"publish","type":"product","link":"https:\/\/kalinkamagazin.com\/es\/product\/1070-salami-cocido-con-carne-de-ternera-y-pollo-es\/","title":{"rendered":"salami cocido con carne de ternera y pollo"},"content":{"rendered":"<p>Salami hervido con ternera y pollo. 100 g se elaboran con 77 g de ternera y 35 g de pollo. Ingredientes: ternera, pollo, sal, especias (contiene mostaza), dextrosa, potenciador del sabor: glutamato monos\u00f3dico, estabilizante: difosfato, antioxidantes: \u00e1cido asc\u00f3rbico, gr\u00e1nulos de caldo (especias, aceite de colza), extractos de especias, aromas, conservante: nitrito de sodio, humo. Tripa no comestible. <!--NWT-Text-->Valor nutricional por 100 g: Valor energ\u00e9tico: 1097 kJ \/ 264 kcal, Grasas: 20 g, de las cuales saturadas: 8,5 g, Hidratos de carbono: 1,0 g, de los cuales az\u00facares: <0,5 g, Prote\u00ednas: 20 g, Sal: 3,4 g, <!--NWT-Table--><\/p>\n<table>\n<tbody>\n<tr>\n<td colspan=\"2\">Valor nutricional por 100 g:<\/td>\n<\/tr>\n<tr>\n<td>Valor energ\u00e9tico:<\/td>\n<td align = \"right\">1097 kJ\/264 kcal<\/td>\n<\/tr>\n<tr>\n<td>Grasas:<\/td>\n<td align = \"right\">20 g<\/td>\n<\/tr>\n<tr>\n<td>de las cuales saturadas:<\/td>\n<td align = \"right\">8,5 g<\/td>\n<\/tr>\n<tr>\n<td>Hidratos de carbono:<\/td>\n<td align = \"right\">1,0 g<\/td>\n<\/tr>\n<tr>\n<td>- de los cuales az\u00facares:<\/td>\n<td align = \"right\"><0,5 g<\/td>\n<\/tr>\n<tr>\n<td>Prote\u00ednas:<\/td>\n<td align = \"right\">20 g<\/td>\n<\/tr>\n<tr>\n<td>Sal:<\/td>\n<td align = \"right\">3,4 g<\/td>\n<\/tr>\n<\/tbody>\n<\/table>\n<p> <!--Bezeichnung-->salami hervido con ternera y pollo.<\/p>\n","protected":false},"excerpt":{"rendered":"<p>Salami hervido con ternera y pollo. 100 g se elaboran con 77 g de ternera y 35 g de pollo. Ingredientes: ternera, pollo, sal, especias (contiene mostaza), dextrosa, potenciador del sabor: glutamato monos\u00f3dico, estabilizante: difosfato, antioxidantes: \u00e1cido asc\u00f3rbico, gr\u00e1nulos de caldo (especias, aceite de colza), extractos de especias, aromas, conservante: nitrito de sodio, humo. Tripa [&hellip;]<\/p>\n","protected":false},"featured_media":1063,"template":"","meta":{"inline_featured_image":false},"product_brand":[],"product_cat":[222,223],"product_tag":[],"class_list":{"0":"post-5054","1":"product","2":"type-product","3":"status-publish","4":"has-post-thumbnail","6":"product_cat-carne-y-productos-carnicos","7":"product_cat-embutidos-salchichas","9":"first","10":"instock","11":"shipping-taxable","12":"purchasable","13":"product-type-simple"},"acf":[],"_links":{"self":[{"href":"https:\/\/kalinkamagazin.com\/es\/wp-json\/wp\/v2\/product\/5054","targetHints":{"allow":["GET"]}}],"collection":[{"href":"https:\/\/kalinkamagazin.com\/es\/wp-json\/wp\/v2\/product"}],"about":[{"href":"https:\/\/kalinkamagazin.com\/es\/wp-json\/wp\/v2\/types\/product"}],"wp:featuredmedia":[{"embeddable":true,"href":"https:\/\/kalinkamagazin.com\/es\/wp-json\/wp\/v2\/media\/1063"}],"wp:attachment":[{"href":"https:\/\/kalinkamagazin.com\/es\/wp-json\/wp\/v2\/media?parent=5054"}],"wp:term":[{"taxonomy":"product_brand","embeddable":true,"href":"https:\/\/kalinkamagazin.com\/es\/wp-json\/wp\/v2\/product_brand?post=5054"},{"taxonomy":"product_cat","embeddable":true,"href":"https:\/\/kalinkamagazin.com\/es\/wp-json\/wp\/v2\/product_cat?post=5054"},{"taxonomy":"product_tag","embeddable":true,"href":"https:\/\/kalinkamagazin.com\/es\/wp-json\/wp\/v2\/product_tag?post=5054"}],"curies":[{"name":"wp","href":"https:\/\/api.w.org\/{rel}","templated":true}]}}