{"id":5056,"date":"2026-01-29T13:14:30","date_gmt":"2026-01-29T10:14:30","guid":{"rendered":"https:\/\/kalinkamagazin.com\/product\/1077-panza-de-cerdo-curada-cocida-y-ahumada-es\/"},"modified":"2026-03-19T12:26:02","modified_gmt":"2026-03-19T09:26:02","slug":"1077-panza-de-cerdo-curada-cocida-y-ahumada-es","status":"publish","type":"product","link":"https:\/\/kalinkamagazin.com\/es\/product\/1077-panza-de-cerdo-curada-cocida-y-ahumada-es\/","title":{"rendered":"Panza de cerdo curada, cocida y ahumada"},"content":{"rendered":"<p>Panceta de cerdo en salmuera, bien cocida y ahumada. Ingredientes: Panceta de cerdo, sal, jarabe de glucosa, estabilizante: difosfato, antioxidantes: ascorbato s\u00f3dico, extractos de especias, especias, conservante: nitrito s\u00f3dico, humo. <!--NWT-Text-->Valor nutricional por 100 g: Valor energ\u00e9tico: 1591 kJ \/ 385 kcal, Grasas: 35 g, de las cuales saturadas: 15 g, Hidratos de carbono: <0,5 g, de los cuales az\u00facares: <0,5 g, Prote\u00ednas: 17 g, Sal: 3,4 g, <!--NWT-Table--><\/p>\n<table>\n<tbody>\n<tr>\n<td colspan=\"2\">Valor nutricional por 100 g:<\/td>\n<\/tr>\n<tr>\n<td>Valor energ\u00e9tico:<\/td>\n<td align = \"right\">1591 kJ\/385 kcal<\/td>\n<\/tr>\n<tr>\n<td>Grasas:<\/td>\n<td align = \"right\">35 g<\/td>\n<\/tr>\n<tr>\n<td>de las cuales saturadas:<\/td>\n<td align = \"right\">15 g<\/td>\n<\/tr>\n<tr>\n<td>Hidratos de carbono:<\/td>\n<td align = \"right\"><0,5 g<\/td>\n<\/tr>\n<tr>\n<td>- de los cuales az\u00facares:<\/td>\n<td align = \"right\"><0,5 g<\/td>\n<\/tr>\n<tr>\n<td>Prote\u00ednas:<\/td>\n<td align = \"right\">17 g<\/td>\n<\/tr>\n<tr>\n<td>Sal:<\/td>\n<td align = \"right\">3,4 g<\/td>\n<\/tr>\n<\/tbody>\n<\/table>\n<p> <!--Bezeichnung-->Panceta de cerdo, salada, cocida y ahumada.<\/p>\n","protected":false},"excerpt":{"rendered":"<p>Panceta de cerdo en salmuera, bien cocida y ahumada. Ingredientes: Panceta de cerdo, sal, jarabe de glucosa, estabilizante: difosfato, antioxidantes: ascorbato s\u00f3dico, extractos de especias, especias, conservante: nitrito s\u00f3dico, humo. Valor nutricional por 100 g: Valor energ\u00e9tico: 1591 kJ \/ 385 kcal, Grasas: 35 g, de las cuales saturadas: 15 g, Hidratos de carbono: Panceta [&hellip;]<\/p>\n","protected":false},"featured_media":1069,"template":"","meta":{"inline_featured_image":false},"product_brand":[],"product_cat":[222,223],"product_tag":[],"class_list":{"0":"post-5056","1":"product","2":"type-product","3":"status-publish","4":"has-post-thumbnail","6":"product_cat-carne-y-productos-carnicos","7":"product_cat-embutidos-salchichas","9":"first","10":"instock","11":"shipping-taxable","12":"purchasable","13":"product-type-simple"},"acf":[],"_links":{"self":[{"href":"https:\/\/kalinkamagazin.com\/es\/wp-json\/wp\/v2\/product\/5056","targetHints":{"allow":["GET"]}}],"collection":[{"href":"https:\/\/kalinkamagazin.com\/es\/wp-json\/wp\/v2\/product"}],"about":[{"href":"https:\/\/kalinkamagazin.com\/es\/wp-json\/wp\/v2\/types\/product"}],"wp:featuredmedia":[{"embeddable":true,"href":"https:\/\/kalinkamagazin.com\/es\/wp-json\/wp\/v2\/media\/1069"}],"wp:attachment":[{"href":"https:\/\/kalinkamagazin.com\/es\/wp-json\/wp\/v2\/media?parent=5056"}],"wp:term":[{"taxonomy":"product_brand","embeddable":true,"href":"https:\/\/kalinkamagazin.com\/es\/wp-json\/wp\/v2\/product_brand?post=5056"},{"taxonomy":"product_cat","embeddable":true,"href":"https:\/\/kalinkamagazin.com\/es\/wp-json\/wp\/v2\/product_cat?post=5056"},{"taxonomy":"product_tag","embeddable":true,"href":"https:\/\/kalinkamagazin.com\/es\/wp-json\/wp\/v2\/product_tag?post=5056"}],"curies":[{"name":"wp","href":"https:\/\/api.w.org\/{rel}","templated":true}]}}