{"id":5057,"date":"2026-01-29T16:27:14","date_gmt":"2026-01-29T13:27:14","guid":{"rendered":"https:\/\/kalinkamagazin.com\/product\/1079-panza-de-cerdo-curada-cocida-y-ahumada-negra-es\/"},"modified":"2026-01-29T16:52:40","modified_gmt":"2026-01-29T13:52:40","slug":"1079-panza-de-cerdo-curada-cocida-y-ahumada-negra-es","status":"publish","type":"product","link":"https:\/\/kalinkamagazin.com\/es\/product\/1079-panza-de-cerdo-curada-cocida-y-ahumada-negra-es\/","title":{"rendered":"Panza de cerdo curada, cocida y ahumada negra"},"content":{"rendered":"<p>Panceta de cerdo ahumada. En salmuera. Ingredientes: Panceta de cerdo, sal, especias, dextrosa, jarabe de glucosa deshidratado, extractos de hierbas, caldo granulado (especias, aceite de colza), espesante: goma xantana, extractos de especias, potenciador del sabor: glutamato monos\u00f3dico, estabilizante: (trifosfatos, sorbato de potasio), antioxidantes: ascorbato s\u00f3dico, aromas, conservante: nitrito s\u00f3dico, humo. <!--NWT-Text-->Valor nutricional por 100 g: Valor energ\u00e9tico: 1409 kJ \/ 341 kcal, Grasas: 31 g, de las cuales saturadas: 13 g, Hidratos de carbono: <0,5 g, de los cuales az\u00facares: <0,5 g, Prote\u00ednas: 15 g, Sal: 2,0 g, <!--NWT-Table--><\/p>\n<table>\n<tbody>\n<tr>\n<td colspan=\"2\">Valor nutricional por 100 g:<\/td>\n<\/tr>\n<tr>\n<td>Valor energ\u00e9tico:<\/td>\n<td align = \"right\">1409 kJ \/ 341 kcal<\/td>\n<\/tr>\n<tr>\n<td>Grasas:<\/td>\n<td align = \"right\">31 g<\/td>\n<\/tr>\n<tr>\n<td>de las cuales saturadas:<\/td>\n<td align = \"right\">13 g<\/td>\n<\/tr>\n<tr>\n<td>Hidratos de carbono:<\/td>\n<td align = \"right\"><0,5 g<\/td>\n<\/tr>\n<tr>\n<td>- de los cuales az\u00facares:<\/td>\n<td align = \"right\"><0,5 g<\/td>\n<\/tr>\n<tr>\n<td>Prote\u00ednas:<\/td>\n<td align = \"right\">15 g<\/td>\n<\/tr>\n<tr>\n<td>Sal:<\/td>\n<td align = \"right\">2,0 g<\/td>\n<\/tr>\n<\/tbody>\n<\/table>\n<p> <!--Bezeichnung-->Panceta de cerdo ahumada. En salmuera.<\/p>\n","protected":false},"excerpt":{"rendered":"<p>Panceta de cerdo ahumada. En salmuera. Ingredientes: Panceta de cerdo, sal, especias, dextrosa, jarabe de glucosa deshidratado, extractos de hierbas, caldo granulado (especias, aceite de colza), espesante: goma xantana, extractos de especias, potenciador del sabor: glutamato monos\u00f3dico, estabilizante: (trifosfatos, sorbato de potasio), antioxidantes: ascorbato s\u00f3dico, aromas, conservante: nitrito s\u00f3dico, humo. Valor nutricional por 100 g: [&hellip;]<\/p>\n","protected":false},"featured_media":1073,"template":"","meta":{"inline_featured_image":false},"product_brand":[],"product_cat":[222,223],"product_tag":[],"class_list":{"0":"post-5057","1":"product","2":"type-product","3":"status-publish","4":"has-post-thumbnail","6":"product_cat-carne-y-productos-carnicos","7":"product_cat-embutidos-salchichas","9":"first","10":"instock","11":"shipping-taxable","12":"purchasable","13":"product-type-simple"},"acf":[],"_links":{"self":[{"href":"https:\/\/kalinkamagazin.com\/es\/wp-json\/wp\/v2\/product\/5057","targetHints":{"allow":["GET"]}}],"collection":[{"href":"https:\/\/kalinkamagazin.com\/es\/wp-json\/wp\/v2\/product"}],"about":[{"href":"https:\/\/kalinkamagazin.com\/es\/wp-json\/wp\/v2\/types\/product"}],"wp:featuredmedia":[{"embeddable":true,"href":"https:\/\/kalinkamagazin.com\/es\/wp-json\/wp\/v2\/media\/1073"}],"wp:attachment":[{"href":"https:\/\/kalinkamagazin.com\/es\/wp-json\/wp\/v2\/media?parent=5057"}],"wp:term":[{"taxonomy":"product_brand","embeddable":true,"href":"https:\/\/kalinkamagazin.com\/es\/wp-json\/wp\/v2\/product_brand?post=5057"},{"taxonomy":"product_cat","embeddable":true,"href":"https:\/\/kalinkamagazin.com\/es\/wp-json\/wp\/v2\/product_cat?post=5057"},{"taxonomy":"product_tag","embeddable":true,"href":"https:\/\/kalinkamagazin.com\/es\/wp-json\/wp\/v2\/product_tag?post=5057"}],"curies":[{"name":"wp","href":"https:\/\/api.w.org\/{rel}","templated":true}]}}