{"id":5060,"date":"2026-01-29T16:27:02","date_gmt":"2026-01-29T13:27:02","guid":{"rendered":"https:\/\/kalinkamagazin.com\/product\/1094-cuarto-trasero-de-pollo-curado-cocido-y-ahumado-es\/"},"modified":"2026-01-29T16:52:28","modified_gmt":"2026-01-29T13:52:28","slug":"1094-cuarto-trasero-de-pollo-curado-cocido-y-ahumado-es","status":"publish","type":"product","link":"https:\/\/kalinkamagazin.com\/es\/product\/1094-cuarto-trasero-de-pollo-curado-cocido-y-ahumado-es\/","title":{"rendered":"Cuarto trasero de pollo curado, cocido y ahumado"},"content":{"rendered":"<p>Muslos de pollo con espaldilla, en salmuera, bien cocidos y ligeramente ahumados. Ingredientes: muslo de pollo con 25 % de espaldilla, sal de mesa, estabilizador: difosfato, extractos de especias, potenciador del sabor: glutamato monos\u00f3dico, antioxidante: ascorbato s\u00f3dico, conservante: nitrito s\u00f3dico, humo. Envasado en atm\u00f3sfera protectora. <!--NWT-Text-->Valor nutricional por 100 g: Valor energ\u00e9tico: 739 kJ \/ 177 kcal, Grasas: 12 g, de las cuales saturadas: 5,1 g, Hidratos de carbono: 1,0 g, de los cuales az\u00facares: <0,5 g, Prote\u00ednas: 16 g, Sal: 2,2 g, <!--NWT-Table--><\/p>\n<table>\n<tbody>\n<tr>\n<td colspan=\"2\">Valor nutricional por 100 g:<\/td>\n<\/tr>\n<tr>\n<td>Valor energ\u00e9tico:<\/td>\n<td align = \"right\">739 kJ\/177 kcal<\/td>\n<\/tr>\n<tr>\n<td>Grasas:<\/td>\n<td align = \"right\">12 g<\/td>\n<\/tr>\n<tr>\n<td>de las cuales saturadas:<\/td>\n<td align = \"right\">5,1 g<\/td>\n<\/tr>\n<tr>\n<td>Hidratos de carbono:<\/td>\n<td align = \"right\">1,0 g<\/td>\n<\/tr>\n<tr>\n<td>- de los cuales az\u00facares:<\/td>\n<td align = \"right\"><0,5 g<\/td>\n<\/tr>\n<tr>\n<td>Prote\u00ednas:<\/td>\n<td align = \"right\">16 g<\/td>\n<\/tr>\n<tr>\n<td>Sal:<\/td>\n<td align = \"right\">2,2 g<\/td>\n<\/tr>\n<\/tbody>\n<\/table>\n<p> <!--Bezeichnung-->Muslos de pollo con lomo, salados en salmuera, cocidos hasta su punto y ahumados.<\/p>\n","protected":false},"excerpt":{"rendered":"<p>Muslos de pollo con espaldilla, en salmuera, bien cocidos y ligeramente ahumados. Ingredientes: muslo de pollo con 25 % de espaldilla, sal de mesa, estabilizador: difosfato, extractos de especias, potenciador del sabor: glutamato monos\u00f3dico, antioxidante: ascorbato s\u00f3dico, conservante: nitrito s\u00f3dico, humo. Envasado en atm\u00f3sfera protectora. Valor nutricional por 100 g: Valor energ\u00e9tico: 739 kJ \/ [&hellip;]<\/p>\n","protected":false},"featured_media":1084,"template":"","meta":{"inline_featured_image":false},"product_brand":[],"product_cat":[222,223],"product_tag":[],"class_list":{"0":"post-5060","1":"product","2":"type-product","3":"status-publish","4":"has-post-thumbnail","6":"product_cat-carne-y-productos-carnicos","7":"product_cat-embutidos-salchichas","9":"first","10":"instock","11":"shipping-taxable","12":"purchasable","13":"product-type-simple"},"acf":[],"_links":{"self":[{"href":"https:\/\/kalinkamagazin.com\/es\/wp-json\/wp\/v2\/product\/5060","targetHints":{"allow":["GET"]}}],"collection":[{"href":"https:\/\/kalinkamagazin.com\/es\/wp-json\/wp\/v2\/product"}],"about":[{"href":"https:\/\/kalinkamagazin.com\/es\/wp-json\/wp\/v2\/types\/product"}],"wp:featuredmedia":[{"embeddable":true,"href":"https:\/\/kalinkamagazin.com\/es\/wp-json\/wp\/v2\/media\/1084"}],"wp:attachment":[{"href":"https:\/\/kalinkamagazin.com\/es\/wp-json\/wp\/v2\/media?parent=5060"}],"wp:term":[{"taxonomy":"product_brand","embeddable":true,"href":"https:\/\/kalinkamagazin.com\/es\/wp-json\/wp\/v2\/product_brand?post=5060"},{"taxonomy":"product_cat","embeddable":true,"href":"https:\/\/kalinkamagazin.com\/es\/wp-json\/wp\/v2\/product_cat?post=5060"},{"taxonomy":"product_tag","embeddable":true,"href":"https:\/\/kalinkamagazin.com\/es\/wp-json\/wp\/v2\/product_tag?post=5060"}],"curies":[{"name":"wp","href":"https:\/\/api.w.org\/{rel}","templated":true}]}}