{"id":5061,"date":"2026-01-29T16:26:59","date_gmt":"2026-01-29T13:26:59","guid":{"rendered":"https:\/\/kalinkamagazin.com\/product\/1095-alitas-de-pollo-curadas-cocidas-y-ahumadas-es\/"},"modified":"2026-03-16T20:49:18","modified_gmt":"2026-03-16T17:49:18","slug":"1095-alitas-de-pollo-curadas-cocidas-y-ahumadas-es","status":"publish","type":"product","link":"https:\/\/kalinkamagazin.com\/es\/product\/1095-alitas-de-pollo-curadas-cocidas-y-ahumadas-es\/","title":{"rendered":"Alitas de pollo curadas, cocidas y ahumadas"},"content":{"rendered":"<p>Alitas de pollo en salmuera, cocinadas y ahumadas. Ingredientes: alitas de pollo, sal de mesa, estabilizador: difosfato, extractos de especias, potenciador del sabor: glutamato monos\u00f3dico, antioxidante: ascorbato de sodio, conservante: nitrito de sodio, humo. Envasado en atm\u00f3sfera protectora. <!--NWT-Text-->Valor nutricional por 100 g: Valor energ\u00e9tico: 912 kJ \/ 219 kcal, Grasas: 15 g, de las cuales saturadas: 6,3 g, Hidratos de carbono: 1,0 g, de los cuales az\u00facares: <0,5 g, Prote\u00ednas: 20 g, Sal: 2,8 g, <!--NWT-Table--><\/p>\n<table>\n<tbody>\n<tr>\n<td colspan=\"2\">Valor nutricional por 100 g:<\/td>\n<\/tr>\n<tr>\n<td>Valor energ\u00e9tico:<\/td>\n<td align = \"right\">912 kJ \/ 219 kcal<\/td>\n<\/tr>\n<tr>\n<td>Grasas:<\/td>\n<td align = \"right\">15 g<\/td>\n<\/tr>\n<tr>\n<td>de las cuales saturadas:<\/td>\n<td align = \"right\">6,3 g<\/td>\n<\/tr>\n<tr>\n<td>Hidratos de carbono:<\/td>\n<td align = \"right\">1,0 g<\/td>\n<\/tr>\n<tr>\n<td>- de los cuales az\u00facares:<\/td>\n<td align = \"right\"><0,5 g<\/td>\n<\/tr>\n<tr>\n<td>Prote\u00ednas:<\/td>\n<td align = \"right\">20 g<\/td>\n<\/tr>\n<tr>\n<td>Sal:<\/td>\n<td align = \"right\">2,8 g<\/td>\n<\/tr>\n<\/tbody>\n<\/table>\n<p> <!--Bezeichnung-->Alitas de pollo, saladas en salmuera, cocidas hasta que est\u00e9n tiernas y ahumadas.<\/p>\n","protected":false},"excerpt":{"rendered":"<p>Alitas de pollo en salmuera, cocinadas y ahumadas. Ingredientes: alitas de pollo, sal de mesa, estabilizador: difosfato, extractos de especias, potenciador del sabor: glutamato monos\u00f3dico, antioxidante: ascorbato de sodio, conservante: nitrito de sodio, humo. Envasado en atm\u00f3sfera protectora. Valor nutricional por 100 g: Valor energ\u00e9tico: 912 kJ \/ 219 kcal, Grasas: 15 g, de las [&hellip;]<\/p>\n","protected":false},"featured_media":1087,"template":"","meta":{"inline_featured_image":false},"product_brand":[],"product_cat":[222,223],"product_tag":[],"class_list":{"0":"post-5061","1":"product","2":"type-product","3":"status-publish","4":"has-post-thumbnail","6":"product_cat-carne-y-productos-carnicos","7":"product_cat-embutidos-salchichas","9":"first","10":"instock","11":"shipping-taxable","12":"purchasable","13":"product-type-simple"},"acf":[],"_links":{"self":[{"href":"https:\/\/kalinkamagazin.com\/es\/wp-json\/wp\/v2\/product\/5061","targetHints":{"allow":["GET"]}}],"collection":[{"href":"https:\/\/kalinkamagazin.com\/es\/wp-json\/wp\/v2\/product"}],"about":[{"href":"https:\/\/kalinkamagazin.com\/es\/wp-json\/wp\/v2\/types\/product"}],"wp:featuredmedia":[{"embeddable":true,"href":"https:\/\/kalinkamagazin.com\/es\/wp-json\/wp\/v2\/media\/1087"}],"wp:attachment":[{"href":"https:\/\/kalinkamagazin.com\/es\/wp-json\/wp\/v2\/media?parent=5061"}],"wp:term":[{"taxonomy":"product_brand","embeddable":true,"href":"https:\/\/kalinkamagazin.com\/es\/wp-json\/wp\/v2\/product_brand?post=5061"},{"taxonomy":"product_cat","embeddable":true,"href":"https:\/\/kalinkamagazin.com\/es\/wp-json\/wp\/v2\/product_cat?post=5061"},{"taxonomy":"product_tag","embeddable":true,"href":"https:\/\/kalinkamagazin.com\/es\/wp-json\/wp\/v2\/product_tag?post=5061"}],"curies":[{"name":"wp","href":"https:\/\/api.w.org\/{rel}","templated":true}]}}