{"id":5062,"date":"2026-01-29T13:05:42","date_gmt":"2026-01-29T10:05:42","guid":{"rendered":"https:\/\/kalinkamagazin.com\/product\/1097-banquete-es\/"},"modified":"2026-01-29T13:14:52","modified_gmt":"2026-01-29T10:14:52","slug":"1097-banquete-es","status":"publish","type":"product","link":"https:\/\/kalinkamagazin.com\/es\/product\/1097-banquete-es\/","title":{"rendered":"Banquete"},"content":{"rendered":"<p>Salchicha de salami bien caliente. 100 g de producto elaborado con 120 g de carne de cerdo y ternera. Ingredientes: cerdo, ternera, sal, especias, dextrosa, potenciador del sabor: glutamato monos\u00f3dico, estabilizante: difosfatos, antioxidante: \u00e1cido asc\u00f3rbico, colorante: carm\u00edn natural, extractos de especias, aromas, conservante: nitrito de sodio, humo. Tripa no comestible. <!--NWT-Text-->Valor nutricional por 100 g: Valor energ\u00e9tico: 1522 kJ \/ 367 kcal, Grasas: 31 g, de las cuales saturadas: 13 g, Hidratos de carbono: 1,0 g, de los cuales az\u00facares: <0,5 g, Prote\u00ednas: 22 g, Sal: 3,4 g, <!--NWT-Table--><\/p>\n<table>\n<tbody>\n<tr>\n<td colspan=\"2\">Valor nutricional por 100 g:<\/td>\n<\/tr>\n<tr>\n<td>Valor energ\u00e9tico:<\/td>\n<td align = \"right\">1522 kJ\/367 kcal<\/td>\n<\/tr>\n<tr>\n<td>Grasas:<\/td>\n<td align = \"right\">31 g<\/td>\n<\/tr>\n<tr>\n<td>de las cuales saturadas:<\/td>\n<td align = \"right\">13 g<\/td>\n<\/tr>\n<tr>\n<td>Hidratos de carbono:<\/td>\n<td align = \"right\">1,0 g<\/td>\n<\/tr>\n<tr>\n<td>- de los cuales az\u00facares:<\/td>\n<td align = \"right\"><0,5 g<\/td>\n<\/tr>\n<tr>\n<td>Prote\u00ednas:<\/td>\n<td align = \"right\">22 g<\/td>\n<\/tr>\n<tr>\n<td>Sal:<\/td>\n<td align = \"right\">3,4 g<\/td>\n<\/tr>\n<\/tbody>\n<\/table>\n<p> <!--Bezeichnung-->Salchicha de salami, bien calentada.<\/p>\n","protected":false},"excerpt":{"rendered":"<p>Salchicha de salami bien caliente. 100 g de producto elaborado con 120 g de carne de cerdo y ternera. Ingredientes: cerdo, ternera, sal, especias, dextrosa, potenciador del sabor: glutamato monos\u00f3dico, estabilizante: difosfatos, antioxidante: \u00e1cido asc\u00f3rbico, colorante: carm\u00edn natural, extractos de especias, aromas, conservante: nitrito de sodio, humo. Tripa no comestible. Valor nutricional por 100 g: [&hellip;]<\/p>\n","protected":false},"featured_media":1091,"template":"","meta":{"inline_featured_image":false},"product_brand":[],"product_cat":[222,223],"product_tag":[],"class_list":{"0":"post-5062","1":"product","2":"type-product","3":"status-publish","4":"has-post-thumbnail","6":"product_cat-carne-y-productos-carnicos","7":"product_cat-embutidos-salchichas","9":"first","10":"instock","11":"shipping-taxable","12":"purchasable","13":"product-type-simple"},"acf":[],"_links":{"self":[{"href":"https:\/\/kalinkamagazin.com\/es\/wp-json\/wp\/v2\/product\/5062","targetHints":{"allow":["GET"]}}],"collection":[{"href":"https:\/\/kalinkamagazin.com\/es\/wp-json\/wp\/v2\/product"}],"about":[{"href":"https:\/\/kalinkamagazin.com\/es\/wp-json\/wp\/v2\/types\/product"}],"wp:featuredmedia":[{"embeddable":true,"href":"https:\/\/kalinkamagazin.com\/es\/wp-json\/wp\/v2\/media\/1091"}],"wp:attachment":[{"href":"https:\/\/kalinkamagazin.com\/es\/wp-json\/wp\/v2\/media?parent=5062"}],"wp:term":[{"taxonomy":"product_brand","embeddable":true,"href":"https:\/\/kalinkamagazin.com\/es\/wp-json\/wp\/v2\/product_brand?post=5062"},{"taxonomy":"product_cat","embeddable":true,"href":"https:\/\/kalinkamagazin.com\/es\/wp-json\/wp\/v2\/product_cat?post=5062"},{"taxonomy":"product_tag","embeddable":true,"href":"https:\/\/kalinkamagazin.com\/es\/wp-json\/wp\/v2\/product_tag?post=5062"}],"curies":[{"name":"wp","href":"https:\/\/api.w.org\/{rel}","templated":true}]}}