{"id":5063,"date":"2026-01-29T16:26:55","date_gmt":"2026-01-29T13:26:55","guid":{"rendered":"https:\/\/kalinkamagazin.com\/product\/2005-especialidad-de-salchicha-brhwurst-con-leche-entera-en-polvo-segn-receta-rusa-es\/"},"modified":"2026-01-29T16:52:20","modified_gmt":"2026-01-29T13:52:20","slug":"2005-especialidad-de-salchicha-brhwurst-con-leche-entera-en-polvo-segn-receta-rusa-es","status":"publish","type":"product","link":"https:\/\/kalinkamagazin.com\/es\/product\/2005-especialidad-de-salchicha-brhwurst-con-leche-entera-en-polvo-segn-receta-rusa-es\/","title":{"rendered":"Especialidad de salchicha Br\u00fchwurst con leche entera en polvo seg\u00fan receta rusa"},"content":{"rendered":"<p>Salchichas hervidas y ahumadas (con leche entera en polvo), seg\u00fan una receta rusa. Ingredientes: cerdo (75%), manteca de cerdo, agua potable, sal, leche entera en polvo (1%), especias, dextrosa, potenciador del sabor: glutamato monos\u00f3dico, extractos de especias, estabilizante: difosfato, antioxidante: \u00e1cido asc\u00f3rbico, colorante: carm\u00edn natural, conservante: nitrito de sodio, humo. Envasado en atm\u00f3sfera protectora. Tripa no comestible. <!--NWT-Text-->Valor nutricional por 100 g: Valor energ\u00e9tico: 1048 kJ \/ 253 kcal, Grasas: 22 g, de las cuales saturadas: 9,4 g, Hidratos de carbono: 1,0 g, de los cuales az\u00facares: <0,5 g, Prote\u00ednas: 12 g, Sal: 2,2 g, <!--NWT-Table--><\/p>\n<table>\n<tbody>\n<tr>\n<td colspan=\"2\">Valor nutricional por 100 g:<\/td>\n<\/tr>\n<tr>\n<td>Valor energ\u00e9tico:<\/td>\n<td align = \"right\">1048 kJ\/253 kcal<\/td>\n<\/tr>\n<tr>\n<td>Grasas:<\/td>\n<td align = \"right\">22 g<\/td>\n<\/tr>\n<tr>\n<td>de las cuales saturadas:<\/td>\n<td align = \"right\">9,4 g<\/td>\n<\/tr>\n<tr>\n<td>Carbohidratos:<\/td>\n<td align = \"right\">1,0 g<\/td>\n<\/tr>\n<tr>\n<td>- de los cuales az\u00facares:<\/td>\n<td align = \"right\"><0,5 g<\/td>\n<\/tr>\n<tr>\n<td>Prote\u00ednas:<\/td>\n<td align = \"right\">12 g<\/td>\n<\/tr>\n<tr>\n<td>Sal:<\/td>\n<td align = \"right\">2,2 g<\/td>\n<\/tr>\n<\/tbody>\n<\/table>\n<p> <!--Bezeichnung-->Un plato de salchichas hervidas y ahumadas (contiene leche entera en polvo), seg\u00fan una receta rusa.<\/p>\n","protected":false},"excerpt":{"rendered":"<p>Salchichas hervidas y ahumadas (con leche entera en polvo), seg\u00fan una receta rusa. Ingredientes: cerdo (75%), manteca de cerdo, agua potable, sal, leche entera en polvo (1%), especias, dextrosa, potenciador del sabor: glutamato monos\u00f3dico, extractos de especias, estabilizante: difosfato, antioxidante: \u00e1cido asc\u00f3rbico, colorante: carm\u00edn natural, conservante: nitrito de sodio, humo. Envasado en atm\u00f3sfera protectora. Tripa [&hellip;]<\/p>\n","protected":false},"featured_media":1105,"template":"","meta":{"inline_featured_image":false},"product_brand":[],"product_cat":[222,223],"product_tag":[],"class_list":{"0":"post-5063","1":"product","2":"type-product","3":"status-publish","4":"has-post-thumbnail","6":"product_cat-carne-y-productos-carnicos","7":"product_cat-embutidos-salchichas","9":"first","10":"instock","11":"shipping-taxable","12":"purchasable","13":"product-type-simple"},"acf":[],"_links":{"self":[{"href":"https:\/\/kalinkamagazin.com\/es\/wp-json\/wp\/v2\/product\/5063","targetHints":{"allow":["GET"]}}],"collection":[{"href":"https:\/\/kalinkamagazin.com\/es\/wp-json\/wp\/v2\/product"}],"about":[{"href":"https:\/\/kalinkamagazin.com\/es\/wp-json\/wp\/v2\/types\/product"}],"wp:featuredmedia":[{"embeddable":true,"href":"https:\/\/kalinkamagazin.com\/es\/wp-json\/wp\/v2\/media\/1105"}],"wp:attachment":[{"href":"https:\/\/kalinkamagazin.com\/es\/wp-json\/wp\/v2\/media?parent=5063"}],"wp:term":[{"taxonomy":"product_brand","embeddable":true,"href":"https:\/\/kalinkamagazin.com\/es\/wp-json\/wp\/v2\/product_brand?post=5063"},{"taxonomy":"product_cat","embeddable":true,"href":"https:\/\/kalinkamagazin.com\/es\/wp-json\/wp\/v2\/product_cat?post=5063"},{"taxonomy":"product_tag","embeddable":true,"href":"https:\/\/kalinkamagazin.com\/es\/wp-json\/wp\/v2\/product_tag?post=5063"}],"curies":[{"name":"wp","href":"https:\/\/api.w.org\/{rel}","templated":true}]}}