{"id":5064,"date":"2026-01-29T16:26:51","date_gmt":"2026-01-29T13:26:51","guid":{"rendered":"https:\/\/kalinkamagazin.com\/product\/2994-arndanos-rojos-ultracongelado-iqf-es\/"},"modified":"2026-05-04T16:17:39","modified_gmt":"2026-05-04T13:17:39","slug":"2994-arndanos-rojos-ultracongelado-iqf-es","status":"publish","type":"product","link":"https:\/\/kalinkamagazin.com\/es\/product\/2994-arndanos-rojos-ultracongelado-iqf-es\/","title":{"rendered":"Ar\u00e1ndanos rojos, ultracongelado (IQF) 2994"},"content":{"rendered":"<p>Ar\u00e1ndanos rojos congelados (IQF). No vuelva a congelar el producto descongelado. Distribuci\u00f3n: Lackmann Fleisch- und Feinkostfabrik GmbH, Carl Benz Stra\u00dfe 10, 77731 Willst\u00e4tt, Alemania. Vida \u00fatil a \u2264 -18 \u00b0C hasta: N\u00famero de lote: ver fecha de caducidad. <!--NWT-Text-->Valor nutricional por 100 g: Valor energ\u00e9tico: 180 kJ \/ 43 kcal, Grasas: <0,5 g, - de las cuales \u00e1cidos grasos saturados: 0 g, Carbohidratos: 12 g, - de los cuales az\u00facares: 7,3 g, Prote\u00ednas: 0,6 g, Sal: 0,05 g, <!--NWT-Table--><\/p>\n<table>\n<tbody>\n<tr>\n<td colspan=\"2\">Valor nutricional por 100 g:<\/td>\n<\/tr>\n<tr>\n<td>Valor energ\u00e9tico:<\/td>\n<td align = \"right\">180 kJ\/43 kcal<\/td>\n<\/tr>\n<tr>\n<td>Grasas:<\/td>\n<td align = \"right\"><0,5 g<\/td>\n<\/tr>\n<tr>\n<td>- de las cuales \u00e1cidos grasos saturados:<\/td>\n<td align = \"right\">0g<\/td>\n<\/tr>\n<tr>\n<td>Carbohidratos:<\/td>\n<td align = \"right\">12g<\/td>\n<\/tr>\n<tr>\n<td>- de los cuales az\u00facares:<\/td>\n<td align = \"right\">7.3g<\/td>\n<\/tr>\n<tr>\n<td>Prote\u00ednas:<\/td>\n<td align = \"right\">0.6g<\/td>\n<\/tr>\n<tr>\n<td>Sal:<\/td>\n<td align = \"right\">0.05g<\/td>\n<\/tr>\n<\/tbody>\n<\/table>\n<p> <!--Bezeichnung-->ar\u00e1ndanos rojos, congelados (IQF).<\/p>\n","protected":false},"excerpt":{"rendered":"<p>Ar\u00e1ndanos rojos congelados (IQF). No vuelva a congelar el producto descongelado. Distribuci\u00f3n: Lackmann Fleisch- und Feinkostfabrik GmbH, Carl Benz Stra\u00dfe 10, 77731 Willst\u00e4tt, Alemania. Vida \u00fatil a \u2264 -18 \u00b0C hasta: N\u00famero de lote: ver fecha de caducidad. Valor nutricional por 100 g: Valor energ\u00e9tico: 180 kJ \/ 43 kcal, Grasas: ar\u00e1ndanos rojos, congelados (IQF).<\/p>\n","protected":false},"featured_media":1417,"template":"","meta":{"inline_featured_image":false},"product_brand":[],"product_cat":[190,187],"product_tag":[],"class_list":{"0":"post-5064","1":"product","2":"type-product","3":"status-publish","4":"has-post-thumbnail","6":"product_cat-bayas-frutas-del-bosque-congeladas","7":"product_cat-productos-congelados-y-pan","9":"first","10":"instock","11":"shipping-taxable","12":"purchasable","13":"product-type-simple"},"acf":[],"_links":{"self":[{"href":"https:\/\/kalinkamagazin.com\/es\/wp-json\/wp\/v2\/product\/5064","targetHints":{"allow":["GET"]}}],"collection":[{"href":"https:\/\/kalinkamagazin.com\/es\/wp-json\/wp\/v2\/product"}],"about":[{"href":"https:\/\/kalinkamagazin.com\/es\/wp-json\/wp\/v2\/types\/product"}],"wp:featuredmedia":[{"embeddable":true,"href":"https:\/\/kalinkamagazin.com\/es\/wp-json\/wp\/v2\/media\/1417"}],"wp:attachment":[{"href":"https:\/\/kalinkamagazin.com\/es\/wp-json\/wp\/v2\/media?parent=5064"}],"wp:term":[{"taxonomy":"product_brand","embeddable":true,"href":"https:\/\/kalinkamagazin.com\/es\/wp-json\/wp\/v2\/product_brand?post=5064"},{"taxonomy":"product_cat","embeddable":true,"href":"https:\/\/kalinkamagazin.com\/es\/wp-json\/wp\/v2\/product_cat?post=5064"},{"taxonomy":"product_tag","embeddable":true,"href":"https:\/\/kalinkamagazin.com\/es\/wp-json\/wp\/v2\/product_tag?post=5064"}],"curies":[{"name":"wp","href":"https:\/\/api.w.org\/{rel}","templated":true}]}}