{"id":5065,"date":"2026-01-29T16:26:48","date_gmt":"2026-01-29T13:26:48","guid":{"rendered":"https:\/\/kalinkamagazin.com\/product\/5911-tarta-en-capas-con-sabor-a-miel-ultracongelado-es\/"},"modified":"2026-01-29T16:52:12","modified_gmt":"2026-01-29T13:52:12","slug":"5911-tarta-en-capas-con-sabor-a-miel-ultracongelado-es","status":"publish","type":"product","link":"https:\/\/kalinkamagazin.com\/es\/product\/5911-tarta-en-capas-con-sabor-a-miel-ultracongelado-es\/","title":{"rendered":"Tarta en capas con sabor a miel, ultracongelado 5911"},"content":{"rendered":"<p>Pastel con sabor a miel, congelado. Ingredientes: <b>nata agria,<\/b>harina de trigo,<\/b>az\u00facar,<\/b>huevo entero,<\/b>agua,<\/b>levadura en polvo (E500),<\/b>miel 0,7%,<\/b>sal. Este producto puede contener trazas de: <b>almendras,<\/b><b>avellanas,<\/b><b>soja.<\/b> No volver a congelar el producto descongelado. Sin abrir. Tras descongelar, conservar a una temperatura m\u00e1xima de +6 \u00b0C durante 7 d\u00edas. Preparaci\u00f3n: Descongelar el pastel antes de servir. En el frigor\u00edfico, el tiempo de descongelaci\u00f3n es de unas 10 horas. Una vez abierto, conservar en el frigor\u00edfico y consumir en 2 d\u00edas. Caducidad a \u2264 -18 \u00b0C: ver informaci\u00f3n en el envase, primera l\u00ednea. N\u00famero de lote: ver informaci\u00f3n en el envase, segunda l\u00ednea. Ventas: Lackmann Fleisch- und Feinkostfabrik GmbH, Carl-Benz-Stra\u00dfe 10, 77731 Willst\u00e4tt, Alemania. <!--NWT-Text-->Valor nutricional por 100 g: Valor energ\u00e9tico: 1307 kJ \/ 311 kcal, Grasas: 13 g, de las cuales saturadas: 6,9 g, Hidratos de carbono: 43 g, de los cuales az\u00facares: 23 g, Prote\u00ednas: 5,1 g, Sal: 0,65 g, <!--NWT-Table--><\/p>\n<table>\n<tbody>\n<tr>\n<td colspan=\"2\">Valor nutricional por 100 g:<\/td>\n<\/tr>\n<tr>\n<td>Valor energ\u00e9tico:<\/td>\n<td align = \"right\">1307 kJ\/311 kcal<\/td>\n<\/tr>\n<tr>\n<td>Grasas:<\/td>\n<td align = \"right\">13 g<\/td>\n<\/tr>\n<tr>\n<td>de las cuales saturadas:<\/td>\n<td align = \"right\">6,9 g<\/td>\n<\/tr>\n<tr>\n<td>Hidratos de carbono:<\/td>\n<td align = \"right\">43 g<\/td>\n<\/tr>\n<tr>\n<td>- de los cuales az\u00facares:<\/td>\n<td align = \"right\">23 g<\/td>\n<\/tr>\n<tr>\n<td>Prote\u00ednas:<\/td>\n<td align = \"right\">5,1 g<\/td>\n<\/tr>\n<tr>\n<td>Sal:<\/td>\n<td align = \"right\">0,65 g<\/td>\n<\/tr>\n<\/tbody>\n<\/table>\n<p> <!--Bezeichnung-->Pastel con sabor a miel, congelado.<\/p>\n","protected":false},"excerpt":{"rendered":"<p>Pastel con sabor a miel, congelado. Ingredientes: nata agria,harina de trigo,az\u00facar,huevo entero,agua,levadura en polvo (E500),miel 0,7%,sal. Este producto puede contener trazas de: almendras,avellanas,soja. No volver a congelar el producto descongelado. Sin abrir. Tras descongelar, conservar a una temperatura m\u00e1xima de +6 \u00b0C durante 7 d\u00edas. Preparaci\u00f3n: Descongelar el pastel antes de servir. En el frigor\u00edfico, [&hellip;]<\/p>\n","protected":false},"featured_media":907,"template":"","meta":{"inline_featured_image":false},"product_brand":[],"product_cat":[238,247],"product_tag":[],"class_list":{"0":"post-5065","1":"product","2":"type-product","3":"status-publish","4":"has-post-thumbnail","6":"product_cat-dulces-y-reposteria","7":"product_cat-pasteles-tartas","9":"first","10":"instock","11":"shipping-taxable","12":"purchasable","13":"product-type-simple"},"acf":[],"_links":{"self":[{"href":"https:\/\/kalinkamagazin.com\/es\/wp-json\/wp\/v2\/product\/5065","targetHints":{"allow":["GET"]}}],"collection":[{"href":"https:\/\/kalinkamagazin.com\/es\/wp-json\/wp\/v2\/product"}],"about":[{"href":"https:\/\/kalinkamagazin.com\/es\/wp-json\/wp\/v2\/types\/product"}],"wp:featuredmedia":[{"embeddable":true,"href":"https:\/\/kalinkamagazin.com\/es\/wp-json\/wp\/v2\/media\/907"}],"wp:attachment":[{"href":"https:\/\/kalinkamagazin.com\/es\/wp-json\/wp\/v2\/media?parent=5065"}],"wp:term":[{"taxonomy":"product_brand","embeddable":true,"href":"https:\/\/kalinkamagazin.com\/es\/wp-json\/wp\/v2\/product_brand?post=5065"},{"taxonomy":"product_cat","embeddable":true,"href":"https:\/\/kalinkamagazin.com\/es\/wp-json\/wp\/v2\/product_cat?post=5065"},{"taxonomy":"product_tag","embeddable":true,"href":"https:\/\/kalinkamagazin.com\/es\/wp-json\/wp\/v2\/product_tag?post=5065"}],"curies":[{"name":"wp","href":"https:\/\/api.w.org\/{rel}","templated":true}]}}